{"id":987,"date":"2016-10-12T08:53:47","date_gmt":"2016-10-12T06:53:47","guid":{"rendered":"http:\/\/neu.ass-denkendorf.de\/?page_id=987"},"modified":"2026-03-18T12:28:45","modified_gmt":"2026-03-18T11:28:45","slug":"downloads","status":"publish","type":"page","link":"https:\/\/www.ass-denkendorf.de\/?page_id=987","title":{"rendered":"Downloads"},"content":{"rendered":"<div id=\"pl-987\"  class=\"panel-layout\" ><div id=\"pg-987-0\"  class=\"panel-grid panel-no-style\" ><div id=\"pgc-987-0-0\"  class=\"panel-grid-cell\" ><div id=\"panel-987-0-0-0\" class=\"so-panel widget widget_sow-editor panel-first-child panel-last-child\" data-index=\"0\" ><div\n\t\t\t\n\t\t\tclass=\"so-widget-sow-editor so-widget-sow-editor-base\"\n\t\t\t\n\t\t>\n<div class=\"siteorigin-widget-tinymce textwidget\">\n\t<p><strong>Beschwerdemanagement Eltern<\/strong><\/p>\n<p><a href=\"https:\/\/www.ass-denkendorf.de\/wp-content\/uploads\/2023\/05\/Beschwerdemanagement-an-der-ASS.png\" target=\"_blank\" rel=\"noopener\">bitte hier klicken<\/a><\/p>\n<\/div>\n<\/div><\/div><\/div><\/div><div id=\"pg-987-1\"  class=\"panel-grid panel-no-style\" ><div id=\"pgc-987-1-0\"  class=\"panel-grid-cell\" ><div id=\"panel-987-1-0-0\" class=\"so-panel widget widget_sow-editor panel-first-child panel-last-child\" data-index=\"1\" ><div\n\t\t\t\n\t\t\tclass=\"so-widget-sow-editor so-widget-sow-editor-base\"\n\t\t\t\n\t\t>\n<div class=\"siteorigin-widget-tinymce textwidget\">\n\t<p><strong>Ferienplan 2025\/2026<\/strong><\/p>\n<p><a href=\"https:\/\/www.ass-denkendorf.de\/wp-content\/uploads\/2025\/09\/Ferienplan-2025-2026.pdf\" target=\"_blank\" rel=\"noopener\">bitte hier klicken<\/a><\/p>\n<\/div>\n<\/div><\/div><\/div><\/div><div id=\"pg-987-2\"  class=\"panel-grid panel-no-style\" ><div id=\"pgc-987-2-0\"  class=\"panel-grid-cell\" ><div id=\"panel-987-2-0-0\" class=\"so-panel widget widget_sow-editor panel-first-child panel-last-child\" data-index=\"2\" ><div\n\t\t\t\n\t\t\tclass=\"so-widget-sow-editor so-widget-sow-editor-base\"\n\t\t\t\n\t\t>\n<div class=\"siteorigin-widget-tinymce textwidget\">\n\t<p><strong>Ferienplan 2026\/2027<\/strong><\/p>\n<p><a href=\"https:\/\/www.ass-denkendorf.de\/wp-content\/uploads\/2026\/01\/Ferienplan-2026-2027.pdf\" target=\"_blank\" rel=\"noopener\">bitte hier klicken<\/a><\/p>\n<\/div>\n<\/div><\/div><\/div><\/div><div id=\"pg-987-3\"  class=\"panel-grid panel-no-style\" ><div id=\"pgc-987-3-0\"  class=\"panel-grid-cell\" ><div id=\"panel-987-3-0-0\" class=\"so-panel widget widget_sow-editor panel-first-child panel-last-child\" data-index=\"3\" ><div\n\t\t\t\n\t\t\tclass=\"so-widget-sow-editor so-widget-sow-editor-base\"\n\t\t\t\n\t\t>\n<div class=\"siteorigin-widget-tinymce textwidget\">\n\t<p><strong>Kompendium<\/strong><\/p>\n<p><a href=\"https:\/\/www.ass-denkendorf.de\/wp-content\/uploads\/2016\/09\/Kompendium1.pdf\" target=\"_blank\" rel=\"noopener\">bitte hier klicken<\/a><\/p>\n<\/div>\n<\/div><\/div><\/div><\/div><div id=\"pg-987-4\"  class=\"panel-grid panel-no-style\" ><div id=\"pgc-987-4-0\"  class=\"panel-grid-cell\" ><div id=\"panel-987-4-0-0\" class=\"so-panel widget widget_sow-editor panel-first-child panel-last-child\" data-index=\"4\" ><div\n\t\t\t\n\t\t\tclass=\"so-widget-sow-editor so-widget-sow-editor-base\"\n\t\t\t\n\t\t>\n<div class=\"siteorigin-widget-tinymce textwidget\">\n\t<p><strong>Lerntipps<\/strong><\/p>\n<p><a href=\"https:\/\/www.ass-denkendorf.de\/wp-content\/uploads\/2016\/09\/Lerntipps-neu_1.pdf\" target=\"_blank\" rel=\"noopener\">bitte hier klicken<\/a><\/p>\n<\/div>\n<\/div><\/div><\/div><\/div><div id=\"pg-987-5\"  class=\"panel-grid panel-no-style\" ><div id=\"pgc-987-5-0\"  class=\"panel-grid-cell\" ><div id=\"panel-987-5-0-0\" class=\"so-panel widget widget_sow-editor panel-first-child panel-last-child\" data-index=\"5\" ><div\n\t\t\t\n\t\t\tclass=\"so-widget-sow-editor so-widget-sow-editor-base\"\n\t\t\t\n\t\t>\n<div class=\"siteorigin-widget-tinymce textwidget\">\n\t<p><strong>Leseportfolio Formblatt<\/strong><\/p>\n<p><a href=\"https:\/\/www.ass-denkendorf.de\/wp-content\/uploads\/2021\/02\/Leseportfolio-Formblatt_neu-2020-1.pdf\" target=\"_blank\" rel=\"noopener noreferrer\">bitte hier klicken<\/a><\/p>\n<\/div>\n<\/div><\/div><\/div><\/div><div id=\"pg-987-6\"  class=\"panel-grid panel-no-style\" ><div id=\"pgc-987-6-0\"  class=\"panel-grid-cell\" ><div id=\"panel-987-6-0-0\" class=\"so-panel widget widget_sow-editor panel-first-child panel-last-child\" data-index=\"6\" ><div\n\t\t\t\n\t\t\tclass=\"so-widget-sow-editor so-widget-sow-editor-base\"\n\t\t\t\n\t\t>\n<div class=\"siteorigin-widget-tinymce textwidget\">\n\t<p><strong>Pr\u00e4sentation \"Digitale Gefahren besser verstehen\"<\/strong> <a href=\"https:\/\/www.ass-denkendorf.de\/wp-content\/uploads\/2026\/03\/Digitale-Gefahren-besser-verstehen.pdf\" target=\"_blank\" rel=\"noopener\">bitte hier klicken<\/a><\/p>\n<\/div>\n<\/div><\/div><\/div><\/div><div id=\"pg-987-7\"  class=\"panel-grid panel-no-style\" ><div id=\"pgc-987-7-0\"  class=\"panel-grid-cell\" ><div id=\"panel-987-7-0-0\" class=\"so-panel widget widget_sow-editor panel-first-child panel-last-child\" data-index=\"7\" ><div\n\t\t\t\n\t\t\tclass=\"so-widget-sow-editor so-widget-sow-editor-base\"\n\t\t\t\n\t\t>\n<div class=\"siteorigin-widget-tinymce textwidget\">\n\t<p><strong>Schulwegepl\u00e4ne f\u00fcr die Grund- und Realschule<\/strong><\/p>\n<p>Schulwegeplan f\u00fcr Fu\u00dfg\u00e4nger <a href=\"https:\/\/www.ass-denkendorf.de\/wp-content\/uploads\/2025\/03\/Schulwegplan-mit-Bus-ab-2013-als-PDF.pdf\" target=\"_blank\" rel=\"noopener\">bitte hier klicken<\/a><\/p>\n<p>Schulwegeplan f\u00fcr Fahrradfahrer <a href=\"https:\/\/www.ass-denkendorf.de\/wp-content\/uploads\/2025\/03\/Schulradwegplan.pdf\" target=\"_blank\" rel=\"noopener\">bitte hier klicken<\/a><\/p>\n<\/div>\n<\/div><\/div><\/div><\/div><div id=\"pg-987-8\"  class=\"panel-grid panel-no-style\" ><div id=\"pgc-987-8-0\"  class=\"panel-grid-cell\" ><div id=\"panel-987-8-0-0\" class=\"so-panel widget widget_sow-editor panel-first-child panel-last-child\" data-index=\"8\" ><div\n\t\t\t\n\t\t\tclass=\"so-widget-sow-editor so-widget-sow-editor-base\"\n\t\t\t\n\t\t>\n<div class=\"siteorigin-widget-tinymce textwidget\">\n\t<p><strong>Unentschuldigtes Fehlen<\/strong><\/p>\n<p><a href=\"https:\/\/www.ass-denkendorf.de\/wp-content\/uploads\/2021\/06\/2020-12-17-allgHinweis-Schulbesuchsverordnung.pdf\" target=\"_blank\" rel=\"noopener noreferrer\">bitte hier klicken<\/a><\/p>\n<\/div>\n<\/div><\/div><\/div><\/div><\/div>","protected":false},"excerpt":{"rendered":"<p>Beschwerdemanagement Eltern bitte hier klicken Ferienplan 2025\/2026 bitte hier klicken<\/p>\n","protected":false},"author":1,"featured_media":0,"parent":0,"menu_order":0,"comment_status":"closed","ping_status":"closed","template":"","meta":{"_mc_calendar":[],"footnotes":""},"class_list":["post-987","page","type-page","status-publish","hentry"],"_links":{"self":[{"href":"https:\/\/www.ass-denkendorf.de\/index.php?rest_route=\/wp\/v2\/pages\/987"}],"collection":[{"href":"https:\/\/www.ass-denkendorf.de\/index.php?rest_route=\/wp\/v2\/pages"}],"about":[{"href":"https:\/\/www.ass-denkendorf.de\/index.php?rest_route=\/wp\/v2\/types\/page"}],"author":[{"embeddable":true,"href":"https:\/\/www.ass-denkendorf.de\/index.php?rest_route=\/wp\/v2\/users\/1"}],"replies":[{"embeddable":true,"href":"https:\/\/www.ass-denkendorf.de\/index.php?rest_route=%2Fwp%2Fv2%2Fcomments&post=987"}],"version-history":[{"count":60,"href":"https:\/\/www.ass-denkendorf.de\/index.php?rest_route=\/wp\/v2\/pages\/987\/revisions"}],"predecessor-version":[{"id":12251,"href":"https:\/\/www.ass-denkendorf.de\/index.php?rest_route=\/wp\/v2\/pages\/987\/revisions\/12251"}],"wp:attachment":[{"href":"https:\/\/www.ass-denkendorf.de\/index.php?rest_route=%2Fwp%2Fv2%2Fmedia&parent=987"}],"curies":[{"name":"wp","href":"https:\/\/api.w.org\/{rel}","templated":true}]}}