{"id":92,"date":"2016-02-08T22:54:31","date_gmt":"2016-02-08T21:54:31","guid":{"rendered":"http:\/\/neu.ass-denkendorf.de\/?page_id=92"},"modified":"2019-06-04T13:11:12","modified_gmt":"2019-06-04T11:11:12","slug":"leitbild","status":"publish","type":"page","link":"https:\/\/www.ass-denkendorf.de\/?page_id=92","title":{"rendered":"Leitbild"},"content":{"rendered":"<div id=\"pl-92\"  class=\"panel-layout\" ><div id=\"pg-92-0\"  class=\"panel-grid panel-no-style\" ><div id=\"pgc-92-0-0\"  class=\"panel-grid-cell\" ><div id=\"panel-92-0-0-0\" class=\"so-panel widget widget_sow-image panel-first-child panel-last-child\" data-index=\"0\" ><div\n\t\t\t\n\t\t\tclass=\"so-widget-sow-image so-widget-sow-image-default-8b5b6f678277-92\"\n\t\t\t\n\t\t>\n<div class=\"sow-image-container\">\n\t\t<img \n\tsrc=\"https:\/\/www.ass-denkendorf.de\/wp-content\/uploads\/2019\/02\/Albert.jpg\" width=\"413\" height=\"705\" srcset=\"https:\/\/www.ass-denkendorf.de\/wp-content\/uploads\/2019\/02\/Albert.jpg 413w, https:\/\/www.ass-denkendorf.de\/wp-content\/uploads\/2019\/02\/Albert-176x300.jpg 176w\" sizes=\"(max-width: 413px) 100vw, 413px\" alt=\"\" \t\tclass=\"so-widget-image\"\/>\n\t<\/div>\n\n<\/div><\/div><\/div><\/div><div id=\"pg-92-1\"  class=\"panel-grid panel-no-style\" ><div id=\"pgc-92-1-0\"  class=\"panel-grid-cell\" ><div id=\"panel-92-1-0-0\" class=\"so-panel widget widget_sow-editor panel-first-child panel-last-child\" data-index=\"1\" ><div\n\t\t\t\n\t\t\tclass=\"so-widget-sow-editor so-widget-sow-editor-base\"\n\t\t\t\n\t\t>\n<div class=\"siteorigin-widget-tinymce textwidget\">\n\t<p style=\"text-align: justify;\">Das Leitbild formuliert Ziele unserer Schule und gibt wesentliche Orientierungen f\u00fcr die Art und Weise der Umsetzung. Es soll damit allen am Schulleben Beteiligten eine einheitliche Orientierung geben und die Identifikation mit der Schule unterst\u00fctzen. Unser p\u00e4dagogisches Handeln wird dabei wesentlich von der Ethik Albert Schweitzers, dessen Namen unsere Schule tr\u00e4gt, beeinflusst:<\/p>\n<\/div>\n<\/div><\/div><\/div><div id=\"pgc-92-1-1\"  class=\"panel-grid-cell\" ><div id=\"panel-92-1-1-0\" class=\"so-panel widget widget_sow-image panel-first-child panel-last-child\" data-index=\"2\" ><div\n\t\t\t\n\t\t\tclass=\"so-widget-sow-image so-widget-sow-image-default-8b5b6f678277-92\"\n\t\t\t\n\t\t>\n<div class=\"sow-image-container\">\n\t\t<img \n\tsrc=\"https:\/\/www.ass-denkendorf.de\/wp-content\/uploads\/2016\/08\/Albert-Schweitzer.jpg\" width=\"232\" height=\"318\" srcset=\"https:\/\/www.ass-denkendorf.de\/wp-content\/uploads\/2016\/08\/Albert-Schweitzer.jpg 232w, https:\/\/www.ass-denkendorf.de\/wp-content\/uploads\/2016\/08\/Albert-Schweitzer-219x300.jpg 219w\" sizes=\"(max-width: 232px) 100vw, 232px\" title=\"Albert Schweitzer\" alt=\"\" \t\tclass=\"so-widget-image\"\/>\n\t<\/div>\n\n<\/div><\/div><\/div><\/div><\/div>","protected":false},"excerpt":{"rendered":"<p>Das Leitbild formuliert Ziele unserer Schule und gibt wesentliche Orientierungen f\u00fcr die Art und Weise der Umsetzung. Es soll damit allen am Schulleben Beteiligten eine einheitliche Orientierung geben und die Identifikation mit der Schule unterst\u00fctzen. Unser p\u00e4dagogisches Handeln wird dabei wesentlich von der Ethik Albert Schweitzers, dessen Namen unsere Schule tr\u00e4gt, beeinflusst:<\/p>\n","protected":false},"author":1,"featured_media":0,"parent":47,"menu_order":0,"comment_status":"closed","ping_status":"closed","template":"","meta":{"_mc_calendar":[],"footnotes":""},"class_list":["post-92","page","type-page","status-publish","hentry"],"_links":{"self":[{"href":"https:\/\/www.ass-denkendorf.de\/index.php?rest_route=\/wp\/v2\/pages\/92"}],"collection":[{"href":"https:\/\/www.ass-denkendorf.de\/index.php?rest_route=\/wp\/v2\/pages"}],"about":[{"href":"https:\/\/www.ass-denkendorf.de\/index.php?rest_route=\/wp\/v2\/types\/page"}],"author":[{"embeddable":true,"href":"https:\/\/www.ass-denkendorf.de\/index.php?rest_route=\/wp\/v2\/users\/1"}],"replies":[{"embeddable":true,"href":"https:\/\/www.ass-denkendorf.de\/index.php?rest_route=%2Fwp%2Fv2%2Fcomments&post=92"}],"version-history":[{"count":12,"href":"https:\/\/www.ass-denkendorf.de\/index.php?rest_route=\/wp\/v2\/pages\/92\/revisions"}],"predecessor-version":[{"id":5119,"href":"https:\/\/www.ass-denkendorf.de\/index.php?rest_route=\/wp\/v2\/pages\/92\/revisions\/5119"}],"up":[{"embeddable":true,"href":"https:\/\/www.ass-denkendorf.de\/index.php?rest_route=\/wp\/v2\/pages\/47"}],"wp:attachment":[{"href":"https:\/\/www.ass-denkendorf.de\/index.php?rest_route=%2Fwp%2Fv2%2Fmedia&parent=92"}],"curies":[{"name":"wp","href":"https:\/\/api.w.org\/{rel}","templated":true}]}}