{"id":90,"date":"2016-02-08T22:54:12","date_gmt":"2016-02-08T21:54:12","guid":{"rendered":"http:\/\/neu.ass-denkendorf.de\/?page_id=90"},"modified":"2017-12-05T13:16:36","modified_gmt":"2017-12-05T12:16:36","slug":"geschichte","status":"publish","type":"page","link":"https:\/\/www.ass-denkendorf.de\/?page_id=90","title":{"rendered":"Geschichte ASS"},"content":{"rendered":"<div id=\"pl-90\"  class=\"panel-layout\" ><div id=\"pg-90-0\"  class=\"panel-grid panel-no-style\" ><div id=\"pgc-90-0-0\"  class=\"panel-grid-cell\" ><div id=\"panel-90-0-0-0\" class=\"so-panel widget widget_sow-editor panel-first-child panel-last-child\" data-index=\"0\" ><div\n\t\t\t\n\t\t\tclass=\"so-widget-sow-editor so-widget-sow-editor-base\"\n\t\t\t\n\t\t>\n<div class=\"siteorigin-widget-tinymce textwidget\">\n\t<p style=\"text-align: justify;\"><span style=\"color: #000000;\">Die Volksschule Denkendorf war bis nach dem 2. Weltkrieg in R\u00e4umen des 1840 gebauten Rathauses und des 1905 daneben errichteten neuen Schulhauses untergebracht.<\/span><\/p>\n<p style=\"text-align: justify;\"><span style=\"color: #000000;\">St\u00e4ndig wachsende Sch\u00fclerzahlen f\u00fchrten zu einem Schulraumnotstand, den man nach dem 2. Weltkrieg durch Schaffung von Behelfsr\u00e4umen und Schichtunterricht zu l\u00f6sen versuchte.<\/span><\/p>\n<p style=\"text-align: justify;\"><span style=\"color: #000000;\">1956 konnten 6 Klassenzimmer der heutigen Ludwig-Uhland-Schule bezogen werden. Bereits vier Jahre sp\u00e4ter waren es 12 Klassen.<\/span><\/p>\n<p style=\"text-align: justify;\"><span style=\"color: #000000;\">Mit dem Wachstum der Gemeinde wuchs der Schulraumbedarf erneut.\u00a0 Im November 1963 beschloss der Gemeinderat den Bau eines neuen Schulgeb\u00e4udes auf dem Gel\u00e4nde an der Goethestra\u00dfe.<\/span><\/p>\n<p style=\"text-align: justify;\"><span style=\"color: #000000;\">Durch Beschluss der Schulkonferenz vom Dezember 1965 erhielt die Schule ihren heutigen Namen.<\/span><\/p>\n<p style=\"text-align: justify;\"><span style=\"color: #000000;\">Im April 1966 zogen die ersten sechs Klassen in vorab fertig gestellte Klassenzimmer ein, am 9. September wurde die ganze Schule an die Schulgemeinde \u00fcbergeben.<\/span><\/p>\n<p style=\"text-align: justify;\"><span style=\"color: #000000;\">Im Fr\u00fchjahr 1970 wurde die Planung f\u00fcr eine selbst\u00e4ndige Denkendorfer Realschule aufgenommen. Im Juli 1972 zogen die ersten F\u00fcnftkl\u00e4ssler in die neu errichtete Realschule ein.<\/span><\/p>\n<p style=\"text-align: justify;\"><span style=\"color: #000000;\">Dem Antrag des Schultr\u00e4gers, die Schularten zu einer Arbeits- und Verwaltungseinheit unter einem Rektorat zu verbinden\u00a0 (Verbundschule), wurde im M\u00e4rz 1980 durch das Kultusministerium entsprochen.<\/span><\/p>\n<p style=\"text-align: justify;\"><span style=\"color: #000000;\">Als weiterer wichtiger Baustein der Schulanlage konnte im Februar 1988 der Fachbau mit Physikraum, K\u00fcchen, Werkr\u00e4umen, Computerr\u00e4umen u.a. eingeweiht werden.<\/span><\/p>\n<p style=\"text-align: justify;\"><span style=\"color: #000000;\">Seit dieser Zeit wurden von der Gemeinde Denkendorf immer wieder umfangreiche Erhaltungs- und Renovierungsma\u00dfnahmen durchgef\u00fchrt, sei es in Form von Fenstersanierungen, Dachsanierungen, kontinuierliche Renovierung von R\u00e4umen und Bodenbel\u00e4gen u.v.m.<\/span><\/p>\n<\/div>\n<\/div><\/div><\/div><\/div><\/div>","protected":false},"excerpt":{"rendered":"<p>Die Volksschule Denkendorf war bis nach dem 2. Weltkrieg in R\u00e4umen des 1840 gebauten Rathauses und des 1905 daneben errichteten neuen Schulhauses untergebracht. St\u00e4ndig wachsende Sch\u00fclerzahlen f\u00fchrten zu einem Schulraumnotstand, den man nach dem 2. Weltkrieg durch Schaffung von Behelfsr\u00e4umen und Schichtunterricht zu l\u00f6sen versuchte. 1956 konnten 6 Klassenzimmer der heutigen Ludwig-Uhland-Schule bezogen werden. Bereits &hellip; <a href=\"https:\/\/www.ass-denkendorf.de\/?page_id=90\" class=\"more-link\"><span class=\"screen-reader-text\">Geschichte ASS<\/span> weiterlesen <span class=\"meta-nav\">&rarr;<\/span><\/a><\/p>\n","protected":false},"author":1,"featured_media":0,"parent":47,"menu_order":0,"comment_status":"closed","ping_status":"closed","template":"","meta":{"_mc_calendar":[],"footnotes":""},"class_list":["post-90","page","type-page","status-publish","hentry"],"_links":{"self":[{"href":"https:\/\/www.ass-denkendorf.de\/index.php?rest_route=\/wp\/v2\/pages\/90"}],"collection":[{"href":"https:\/\/www.ass-denkendorf.de\/index.php?rest_route=\/wp\/v2\/pages"}],"about":[{"href":"https:\/\/www.ass-denkendorf.de\/index.php?rest_route=\/wp\/v2\/types\/page"}],"author":[{"embeddable":true,"href":"https:\/\/www.ass-denkendorf.de\/index.php?rest_route=\/wp\/v2\/users\/1"}],"replies":[{"embeddable":true,"href":"https:\/\/www.ass-denkendorf.de\/index.php?rest_route=%2Fwp%2Fv2%2Fcomments&post=90"}],"version-history":[{"count":8,"href":"https:\/\/www.ass-denkendorf.de\/index.php?rest_route=\/wp\/v2\/pages\/90\/revisions"}],"predecessor-version":[{"id":3166,"href":"https:\/\/www.ass-denkendorf.de\/index.php?rest_route=\/wp\/v2\/pages\/90\/revisions\/3166"}],"up":[{"embeddable":true,"href":"https:\/\/www.ass-denkendorf.de\/index.php?rest_route=\/wp\/v2\/pages\/47"}],"wp:attachment":[{"href":"https:\/\/www.ass-denkendorf.de\/index.php?rest_route=%2Fwp%2Fv2%2Fmedia&parent=90"}],"curies":[{"name":"wp","href":"https:\/\/api.w.org\/{rel}","templated":true}]}}