{"id":6131,"date":"2020-03-13T11:06:25","date_gmt":"2020-03-13T10:06:25","guid":{"rendered":"http:\/\/neu.ass-denkendorf.de\/?page_id=6131"},"modified":"2025-05-14T14:14:05","modified_gmt":"2025-05-14T12:14:05","slug":"aktuelles","status":"publish","type":"page","link":"https:\/\/www.ass-denkendorf.de\/?page_id=6131","title":{"rendered":"Aktuelles"},"content":{"rendered":"<div id=\"pl-gb6131-69e33fb68b21b\"  class=\"panel-layout wp-block-siteorigin-panels-layout-block\" ><div id=\"pg-gb6131-69e33fb68b21b-0\"  class=\"panel-grid panel-no-style\" ><div id=\"pgc-gb6131-69e33fb68b21b-0-0\"  class=\"panel-grid-cell\" ><div id=\"panel-gb6131-69e33fb68b21b-0-0-0\" class=\"so-panel widget widget_sow-editor panel-first-child panel-last-child\" data-index=\"0\" ><div\n\t\t\t\n\t\t\tclass=\"so-widget-sow-editor so-widget-sow-editor-base\"\n\t\t\t\n\t\t>\n<div class=\"siteorigin-widget-tinymce textwidget\">\n\t<p>Pr\u00fcfungen Klasse 9 und 10 <a href=\"http:\/\/neu.ass-denkendorf.de\/?page_id=6146\" target=\"_blank\" rel=\"noopener\">bitte hier klicken<\/a><\/p>\n<p>Wahlpflichtfach zuk\u00fcnftige 7er <a href=\"http:\/\/neu.ass-denkendorf.de\/?page_id=9986\" target=\"_blank\" rel=\"noopener\">bitte hier klicken<\/a><\/p>\n<p>Wahlfach IT zuk\u00fcnftige 8er <a href=\"http:\/\/neu.ass-denkendorf.de\/?page_id=6136\" target=\"_blank\" rel=\"noopener\">bitte hier klicken<\/a><\/p>\n<p>Franz\u00f6sisch zuk\u00fcnftige 6er <a href=\"http:\/\/neu.ass-denkendorf.de\/?page_id=6138\" target=\"_blank\" rel=\"noopener\">bitte hier klicken<\/a><\/p>\n<p>&nbsp;<\/p>\n<p>Link f\u00fcr die Umfrage im Deutschunterricht bei den 6ern <a href=\"https:\/\/k20703.evasys.de\/evasys\/online.php?pswd=JL41Y\" target=\"_blank\" rel=\"noopener\">bitte hier klicken<\/a><\/p>\n<p>&nbsp;<\/p>\n<p>&nbsp;<\/p>\n<\/div>\n<\/div><\/div><\/div><\/div><\/div>\n\n\n<p><\/p>\n","protected":false},"excerpt":{"rendered":"<p>Pr\u00fcfungen Klasse 9 und 10 bitte hier klicken Wahlpflichtfach zuk\u00fcnftige 7er bitte hier klicken Wahlfach IT zuk\u00fcnftige 8er bitte hier klicken Franz\u00f6sisch zuk\u00fcnftige 6er bitte hier klicken &nbsp; Link f\u00fcr die Umfrage im Deutschunterricht bei den 6ern bitte hier klicken &nbsp; &nbsp;<\/p>\n","protected":false},"author":1,"featured_media":0,"parent":0,"menu_order":0,"comment_status":"closed","ping_status":"closed","template":"","meta":{"_mc_calendar":[],"footnotes":""},"class_list":["post-6131","page","type-page","status-publish","hentry"],"_links":{"self":[{"href":"https:\/\/www.ass-denkendorf.de\/index.php?rest_route=\/wp\/v2\/pages\/6131"}],"collection":[{"href":"https:\/\/www.ass-denkendorf.de\/index.php?rest_route=\/wp\/v2\/pages"}],"about":[{"href":"https:\/\/www.ass-denkendorf.de\/index.php?rest_route=\/wp\/v2\/types\/page"}],"author":[{"embeddable":true,"href":"https:\/\/www.ass-denkendorf.de\/index.php?rest_route=\/wp\/v2\/users\/1"}],"replies":[{"embeddable":true,"href":"https:\/\/www.ass-denkendorf.de\/index.php?rest_route=%2Fwp%2Fv2%2Fcomments&post=6131"}],"version-history":[{"count":8,"href":"https:\/\/www.ass-denkendorf.de\/index.php?rest_route=\/wp\/v2\/pages\/6131\/revisions"}],"predecessor-version":[{"id":11718,"href":"https:\/\/www.ass-denkendorf.de\/index.php?rest_route=\/wp\/v2\/pages\/6131\/revisions\/11718"}],"wp:attachment":[{"href":"https:\/\/www.ass-denkendorf.de\/index.php?rest_route=%2Fwp%2Fv2%2Fmedia&parent=6131"}],"curies":[{"name":"wp","href":"https:\/\/api.w.org\/{rel}","templated":true}]}}