{"id":51,"date":"2016-02-06T01:21:49","date_gmt":"2016-02-06T00:21:49","guid":{"rendered":"http:\/\/neu.ass-denkendorf.de\/?page_id=51"},"modified":"2023-05-19T17:04:34","modified_gmt":"2023-05-19T15:04:34","slug":"daf","status":"publish","type":"page","link":"https:\/\/www.ass-denkendorf.de\/?page_id=51","title":{"rendered":"Internationale Klasse"},"content":{"rendered":"<div id=\"pl-51\"  class=\"panel-layout\" ><div id=\"pg-51-0\"  class=\"panel-grid panel-no-style\" ><div id=\"pgc-51-0-0\"  class=\"panel-grid-cell\" ><div id=\"panel-51-0-0-0\" class=\"so-panel widget widget_sow-editor panel-first-child panel-last-child\" data-index=\"0\" ><div class=\"panel-widget-style panel-widget-style-for-51-0-0-0\" ><div\n\t\t\t\n\t\t\tclass=\"so-widget-sow-editor so-widget-sow-editor-base\"\n\t\t\t\n\t\t>\n<div class=\"siteorigin-widget-tinymce textwidget\">\n\t<p style=\"text-align: justify;\"><strong>Die zentrale Bedeutung der deutschen Sprache und die F\u00f6rderung von Kindern mit einem sprachlichen F\u00f6rderbedarf, insbesondere auch von Kindern und Jugendlichen mit nichtdeutscher Herkunftssprache und geringen Deutschkenntnissen, sind in allen geltenden Bildungspl\u00e4nen verankert. Sprachkenntnisse zu vermitteln ist ein zentrales Aufgabenfeld aller Schularten sowie Auftrag aller am Erziehungs- und Bildungsprozess Beteiligten. Alle F\u00e4cher haben einen sprachbildenden Auftrag und achten auf einen korrekten, angemessenen, partner- und situationsbezogenen Sprachgebrauch.<\/strong><\/p>\n<p style=\"text-align: justify;\">Die Verwaltungsvorschrift des Kultusministeriums \u00fcber die Grunds\u00e4tze zum Unterricht f\u00fcr Kinder und Jugendliche mit nichtdeutscher Herkunftssprache und geringen Deutschkenntnissen an allgemein bildenden und beruflichen Schulen vom 31. Mai 2017 erm\u00f6glicht die Einrichtung von Vorbereitungsklassen und -kursen f\u00fcr Sch\u00fclerinnen und Sch\u00fcler mit Sprachf\u00f6rderbedarf. An der Albert-Schweitzer-Schule ist eine Vorbereitungsklasse (VKL) f\u00fcr die Sek I (Realschule) eingerichtet. F\u00fcr Grundschulkinder ist eine VKL an der Ludwig-Uhland-Schule eingerichtet.<\/p>\n<\/div>\n<\/div><\/div><\/div><\/div><\/div><\/div>","protected":false},"excerpt":{"rendered":"<p>Die zentrale Bedeutung der deutschen Sprache und die F\u00f6rderung von Kindern mit einem sprachlichen F\u00f6rderbedarf, insbesondere auch von Kindern und Jugendlichen mit nichtdeutscher Herkunftssprache und geringen Deutschkenntnissen, sind in allen geltenden Bildungspl\u00e4nen verankert. Sprachkenntnisse zu vermitteln ist ein zentrales Aufgabenfeld aller Schularten sowie Auftrag aller am Erziehungs- und Bildungsprozess Beteiligten. Alle F\u00e4cher haben einen sprachbildenden &hellip; <a href=\"https:\/\/www.ass-denkendorf.de\/?page_id=51\" class=\"more-link\"><span class=\"screen-reader-text\">Internationale Klasse<\/span> weiterlesen <span class=\"meta-nav\">&rarr;<\/span><\/a><\/p>\n","protected":false},"author":1,"featured_media":0,"parent":0,"menu_order":0,"comment_status":"closed","ping_status":"closed","template":"","meta":{"_mc_calendar":[],"footnotes":""},"class_list":["post-51","page","type-page","status-publish","hentry"],"_links":{"self":[{"href":"https:\/\/www.ass-denkendorf.de\/index.php?rest_route=\/wp\/v2\/pages\/51"}],"collection":[{"href":"https:\/\/www.ass-denkendorf.de\/index.php?rest_route=\/wp\/v2\/pages"}],"about":[{"href":"https:\/\/www.ass-denkendorf.de\/index.php?rest_route=\/wp\/v2\/types\/page"}],"author":[{"embeddable":true,"href":"https:\/\/www.ass-denkendorf.de\/index.php?rest_route=\/wp\/v2\/users\/1"}],"replies":[{"embeddable":true,"href":"https:\/\/www.ass-denkendorf.de\/index.php?rest_route=%2Fwp%2Fv2%2Fcomments&post=51"}],"version-history":[{"count":21,"href":"https:\/\/www.ass-denkendorf.de\/index.php?rest_route=\/wp\/v2\/pages\/51\/revisions"}],"predecessor-version":[{"id":10682,"href":"https:\/\/www.ass-denkendorf.de\/index.php?rest_route=\/wp\/v2\/pages\/51\/revisions\/10682"}],"wp:attachment":[{"href":"https:\/\/www.ass-denkendorf.de\/index.php?rest_route=%2Fwp%2Fv2%2Fmedia&parent=51"}],"curies":[{"name":"wp","href":"https:\/\/api.w.org\/{rel}","templated":true}]}}