{"id":49,"date":"2016-02-06T01:21:35","date_gmt":"2016-02-06T00:21:35","guid":{"rendered":"http:\/\/neu.ass-denkendorf.de\/?page_id=49"},"modified":"2026-03-15T13:55:00","modified_gmt":"2026-03-15T12:55:00","slug":"berufsorientierung","status":"publish","type":"page","link":"https:\/\/www.ass-denkendorf.de\/?page_id=49","title":{"rendered":"Berufsorientierung"},"content":{"rendered":"<div id=\"pl-49\"  class=\"panel-layout\" ><div id=\"pg-49-0\"  class=\"panel-grid panel-no-style\" ><div id=\"pgc-49-0-0\"  class=\"panel-grid-cell\" ><div id=\"panel-49-0-0-0\" class=\"so-panel widget widget_sow-editor panel-first-child panel-last-child\" data-index=\"0\" ><div\n\t\t\t\n\t\t\tclass=\"so-widget-sow-editor so-widget-sow-editor-base\"\n\t\t\t\n\t\t>\n<div class=\"siteorigin-widget-tinymce textwidget\">\n\t<p style=\"text-align: justify;\"><strong>Allgemeines<\/strong><\/p>\n<p style=\"text-align: justify;\">An der ASS ist es uns ein gro\u00dfes Anliegen, die Sch\u00fclerinnen und Sch\u00fcler fit f\u00fcr die Zukunft zu machen. Dabei spielen die Berufsorientierung und der gelungene \u00dcbergang in die Arbeitswelt bzw. auf die weiterf\u00fchrende Schule eine zentrale Rolle.<\/p>\n<p style=\"text-align: justify;\">Daher haben wir sie von Anfang an im Blick und ein klassenumspannendes Konzept entwickelt. Die F\u00f6rderung der Schl\u00fcsselqualifikationen intern ist dabei ebenso wichtig, wie beispielsweise die Vernetzung nach au\u00dfen.<\/p>\n<\/div>\n<\/div><\/div><\/div><div id=\"pgc-49-0-1\"  class=\"panel-grid-cell\" ><div id=\"panel-49-0-1-0\" class=\"so-panel widget widget_sow-image panel-first-child\" data-index=\"1\" ><div\n\t\t\t\n\t\t\tclass=\"so-widget-sow-image so-widget-sow-image-default-8b5b6f678277-49\"\n\t\t\t\n\t\t>\n<div class=\"sow-image-container\">\n\t\t<img \n\tsrc=\"https:\/\/www.ass-denkendorf.de\/wp-content\/uploads\/2019\/02\/Logo_boinsel.jpeg\" width=\"960\" height=\"1225\" srcset=\"https:\/\/www.ass-denkendorf.de\/wp-content\/uploads\/2019\/02\/Logo_boinsel.jpeg 960w, https:\/\/www.ass-denkendorf.de\/wp-content\/uploads\/2019\/02\/Logo_boinsel-235x300.jpeg 235w, https:\/\/www.ass-denkendorf.de\/wp-content\/uploads\/2019\/02\/Logo_boinsel-768x980.jpeg 768w, https:\/\/www.ass-denkendorf.de\/wp-content\/uploads\/2019\/02\/Logo_boinsel-802x1024.jpeg 802w\" sizes=\"(max-width: 960px) 100vw, 960px\" alt=\"\" \t\tclass=\"so-widget-image\"\/>\n\t<\/div>\n\n<\/div><\/div><div id=\"panel-49-0-1-1\" class=\"so-panel widget widget_sow-image panel-last-child\" data-index=\"2\" ><div\n\t\t\t\n\t\t\tclass=\"so-widget-sow-image so-widget-sow-image-default-8b5b6f678277-49\"\n\t\t\t\n\t\t>\n<div class=\"sow-image-container\">\n\t\t<img \n\tsrc=\"https:\/\/www.ass-denkendorf.de\/wp-content\/uploads\/2024\/09\/Boris-Siegel-2024.jpg\" width=\"1112\" height=\"835\" srcset=\"https:\/\/www.ass-denkendorf.de\/wp-content\/uploads\/2024\/09\/Boris-Siegel-2024.jpg 1112w, https:\/\/www.ass-denkendorf.de\/wp-content\/uploads\/2024\/09\/Boris-Siegel-2024-300x225.jpg 300w, https:\/\/www.ass-denkendorf.de\/wp-content\/uploads\/2024\/09\/Boris-Siegel-2024-1024x769.jpg 1024w, https:\/\/www.ass-denkendorf.de\/wp-content\/uploads\/2024\/09\/Boris-Siegel-2024-768x577.jpg 768w\" sizes=\"(max-width: 1112px) 100vw, 1112px\" title=\"Boris Siegel 2024\" alt=\"\" \t\tclass=\"so-widget-image\"\/>\n\t<\/div>\n\n<\/div><\/div><\/div><\/div><div id=\"pg-49-1\"  class=\"panel-grid panel-no-style\" ><div id=\"pgc-49-1-0\"  class=\"panel-grid-cell\" ><div id=\"panel-49-1-0-0\" class=\"so-panel widget widget_sow-editor panel-first-child panel-last-child\" data-index=\"3\" ><div\n\t\t\t\n\t\t\tclass=\"so-widget-sow-editor so-widget-sow-editor-base\"\n\t\t\t\n\t\t>\n<div class=\"siteorigin-widget-tinymce textwidget\">\n\t<p><strong>BORS an der ASS hei\u00dft:<\/strong><\/p>\n<p>- Kooperation mit unseren Bildungspartnern<\/p>\n<p>- Verschiedene Veranstaltungen auch durch externe Partner<\/p>\n<p>- Individuelle Beratung durch Frau Maurer von der<\/p>\n<p>Bundesagentur f\u00fcr Arbeit<\/p>\n<p>- AC-Profil und Kompetenzwerkstatt (Focus)<\/p>\n<p>- Praktika<\/p>\n<p>&nbsp;<\/p>\n<p><strong>Das Konzept<\/strong><\/p>\n<p>... hat die Sch\u00fcler\/ Sch\u00fclerinnen im Focus<\/p>\n<p>... wird durch das Kollegium unterst\u00fctzt<\/p>\n<p>... wird durch die Schulleitung getragen<\/p>\n<p>... wird durch die Eltern begleitet<\/p>\n<p>&nbsp;<\/p>\n<p>Eine Darstellung zum Gesamtkonzept finden Sie auf folgendem Link:<\/p>\n<p><span style=\"color: #68af00;\"><a style=\"color: #68af00;\" href=\"https:\/\/www.ass-denkendorf.de\/wp-content\/uploads\/2019\/02\/BO-KonzeptionDRUCK.pdf\" target=\"_blank\" rel=\"noopener\">Gesamtkonzept bitte hier klicken<\/a><\/span><\/p>\n<p>&nbsp;<\/p>\n<p><strong>Bildungspartner<\/strong><\/p>\n<\/div>\n<\/div><\/div><\/div><\/div><div id=\"pg-49-2\"  class=\"panel-grid panel-no-style\" ><div id=\"pgc-49-2-0\"  class=\"panel-grid-cell\" ><div id=\"panel-49-2-0-0\" class=\"so-panel widget widget_sow-editor panel-first-child panel-last-child\" data-index=\"4\" ><div\n\t\t\t\n\t\t\tclass=\"so-widget-sow-editor so-widget-sow-editor-base\"\n\t\t\t\n\t\t>\n<div class=\"siteorigin-widget-tinymce textwidget\">\n\t<p><img loading=\"lazy\" decoding=\"async\" class=\"alignnone size-medium wp-image-4712\" src=\"http:\/\/neu.ass-denkendorf.de\/wp-content\/uploads\/2019\/01\/Barmer-Logo-300x84.png\" alt=\"\" width=\"300\" height=\"84\" srcset=\"https:\/\/www.ass-denkendorf.de\/wp-content\/uploads\/2019\/01\/Barmer-Logo-300x84.png 300w, https:\/\/www.ass-denkendorf.de\/wp-content\/uploads\/2019\/01\/Barmer-Logo.png 423w\" sizes=\"(max-width: 300px) 100vw, 300px\" \/><\/p>\n<\/div>\n<\/div><\/div><\/div><div id=\"pgc-49-2-1\"  class=\"panel-grid-cell\" ><div id=\"panel-49-2-1-0\" class=\"so-panel widget widget_sow-editor panel-first-child panel-last-child\" data-index=\"5\" ><div\n\t\t\t\n\t\t\tclass=\"so-widget-sow-editor so-widget-sow-editor-base\"\n\t\t\t\n\t\t>\n<div class=\"siteorigin-widget-tinymce textwidget\">\n\t<p><img loading=\"lazy\" decoding=\"async\" class=\"alignnone size-medium wp-image-225\" src=\"http:\/\/neu.ass-denkendorf.de\/wp-content\/uploads\/2016\/02\/Drechsler-300x82.jpg\" alt=\"Drechsler\" width=\"300\" height=\"82\" srcset=\"https:\/\/www.ass-denkendorf.de\/wp-content\/uploads\/2016\/02\/Drechsler-300x82.jpg 300w, https:\/\/www.ass-denkendorf.de\/wp-content\/uploads\/2016\/02\/Drechsler-768x209.jpg 768w, https:\/\/www.ass-denkendorf.de\/wp-content\/uploads\/2016\/02\/Drechsler.jpg 800w\" sizes=\"(max-width: 300px) 100vw, 300px\" \/><\/p>\n<\/div>\n<\/div><\/div><\/div><div id=\"pgc-49-2-2\"  class=\"panel-grid-cell\" ><div id=\"panel-49-2-2-0\" class=\"so-panel widget widget_sow-image panel-first-child panel-last-child\" data-index=\"6\" ><div\n\t\t\t\n\t\t\tclass=\"so-widget-sow-image so-widget-sow-image-default-8b5b6f678277-49\"\n\t\t\t\n\t\t>\n<div class=\"sow-image-container\">\n\t\t<img \n\tsrc=\"https:\/\/www.ass-denkendorf.de\/wp-content\/uploads\/2018\/11\/logo__eppinger.jpg\" width=\"271\" height=\"62\" sizes=\"(max-width: 271px) 100vw, 271px\" alt=\"\" \t\tclass=\"so-widget-image\"\/>\n\t<\/div>\n\n<\/div><\/div><\/div><\/div><div id=\"pg-49-3\"  class=\"panel-grid panel-no-style\" ><div id=\"pgc-49-3-0\"  class=\"panel-grid-cell\" ><div id=\"panel-49-3-0-0\" class=\"so-panel widget widget_sow-image panel-first-child panel-last-child\" data-index=\"7\" ><div\n\t\t\t\n\t\t\tclass=\"so-widget-sow-image so-widget-sow-image-default-8b5b6f678277-49\"\n\t\t\t\n\t\t>\n<div class=\"sow-image-container\">\n\t\t<img \n\tsrc=\"https:\/\/www.ass-denkendorf.de\/wp-content\/uploads\/2019\/02\/westermann-logo_neu.jpg\" width=\"637\" height=\"158\" srcset=\"https:\/\/www.ass-denkendorf.de\/wp-content\/uploads\/2019\/02\/westermann-logo_neu.jpg 637w, https:\/\/www.ass-denkendorf.de\/wp-content\/uploads\/2019\/02\/westermann-logo_neu-300x74.jpg 300w\" sizes=\"(max-width: 637px) 100vw, 637px\" alt=\"\" \t\tclass=\"so-widget-image\"\/>\n\t<\/div>\n\n<\/div><\/div><\/div><div id=\"pgc-49-3-1\"  class=\"panel-grid-cell panel-grid-cell-empty panel-grid-cell-mobile-last\" ><\/div><div id=\"pgc-49-3-2\"  class=\"panel-grid-cell panel-grid-cell-empty\" ><\/div><\/div><div id=\"pg-49-4\"  class=\"panel-grid panel-no-style\" ><div id=\"pgc-49-4-0\"  class=\"panel-grid-cell\" ><div id=\"panel-49-4-0-0\" class=\"so-panel widget widget_sow-editor panel-first-child panel-last-child\" data-index=\"8\" ><div\n\t\t\t\n\t\t\tclass=\"so-widget-sow-editor so-widget-sow-editor-base\"\n\t\t\t\n\t\t>\n<div class=\"siteorigin-widget-tinymce textwidget\">\n\t<p><strong>Weitere externe Partner<br \/>\n<\/strong><\/p>\n<\/div>\n<\/div><\/div><\/div><\/div><div id=\"pg-49-5\"  class=\"panel-grid panel-no-style\" ><div id=\"pgc-49-5-0\"  class=\"panel-grid-cell\" ><div id=\"panel-49-5-0-0\" class=\"so-panel widget widget_sow-editor panel-first-child panel-last-child\" data-index=\"9\" ><div\n\t\t\t\n\t\t\tclass=\"so-widget-sow-editor so-widget-sow-editor-base\"\n\t\t\t\n\t\t>\n<div class=\"siteorigin-widget-tinymce textwidget\">\n\t<p><img loading=\"lazy\" decoding=\"async\" class=\"alignnone size-full wp-image-223\" src=\"http:\/\/neu.ass-denkendorf.de\/wp-content\/uploads\/2016\/02\/BDS.jpg\" alt=\"BDS\" width=\"160\" height=\"64\" \/><\/p>\n<\/div>\n<\/div><\/div><\/div><div id=\"pgc-49-5-1\"  class=\"panel-grid-cell panel-grid-cell-mobile-last\" ><div id=\"panel-49-5-1-0\" class=\"so-panel widget widget_sow-editor panel-first-child panel-last-child\" data-index=\"10\" ><div\n\t\t\t\n\t\t\tclass=\"so-widget-sow-editor so-widget-sow-editor-base\"\n\t\t\t\n\t\t>\n<div class=\"siteorigin-widget-tinymce textwidget\">\n\t<p><img loading=\"lazy\" decoding=\"async\" class=\"alignnone size-medium wp-image-226\" src=\"http:\/\/neu.ass-denkendorf.de\/wp-content\/uploads\/2016\/02\/Festo-300x110.jpg\" alt=\"Festo\" width=\"300\" height=\"110\" srcset=\"https:\/\/www.ass-denkendorf.de\/wp-content\/uploads\/2016\/02\/Festo-300x110.jpg 300w, https:\/\/www.ass-denkendorf.de\/wp-content\/uploads\/2016\/02\/Festo-768x281.jpg 768w, https:\/\/www.ass-denkendorf.de\/wp-content\/uploads\/2016\/02\/Festo-1024x374.jpg 1024w, https:\/\/www.ass-denkendorf.de\/wp-content\/uploads\/2016\/02\/Festo.jpg 1813w\" sizes=\"(max-width: 300px) 100vw, 300px\" \/><\/p>\n<\/div>\n<\/div><\/div><\/div><div id=\"pgc-49-5-2\"  class=\"panel-grid-cell panel-grid-cell-empty\" ><\/div><\/div><div id=\"pg-49-6\"  class=\"panel-grid panel-no-style\" ><div id=\"pgc-49-6-0\"  class=\"panel-grid-cell\" ><div id=\"panel-49-6-0-0\" class=\"so-panel widget widget_sow-editor panel-first-child panel-last-child\" data-index=\"11\" ><div\n\t\t\t\n\t\t\tclass=\"so-widget-sow-editor so-widget-sow-editor-base\"\n\t\t\t\n\t\t>\n<div class=\"siteorigin-widget-tinymce textwidget\">\n\t<p>- Bundesagentur f\u00fcr Arbeit<\/p>\n<p>- Friedrich-Ebert-Schule<\/p>\n<p>- John F. Kennedy Schule<\/p>\n<p>- Jugendhaus Focus<\/p>\n<p>&nbsp;<\/p>\n<p>&nbsp;<\/p>\n<\/div>\n<\/div><\/div><\/div><\/div><div id=\"pg-49-7\"  class=\"panel-grid panel-no-style\" ><div id=\"pgc-49-7-0\"  class=\"panel-grid-cell\" ><div id=\"panel-49-7-0-0\" class=\"so-panel widget widget_sow-editor panel-first-child panel-last-child\" data-index=\"12\" ><div\n\t\t\t\n\t\t\tclass=\"so-widget-sow-editor so-widget-sow-editor-base\"\n\t\t\t\n\t\t>\n<div class=\"siteorigin-widget-tinymce textwidget\">\n\t<p><strong>Die ASS bekommt das BoriS-Siegel verl\u00e4ngert!<\/strong><\/p>\n<figure id=\"attachment_5219\" aria-describedby=\"caption-attachment-5219\" style=\"width: 474px\" class=\"wp-caption alignnone\"><img loading=\"lazy\" decoding=\"async\" class=\"size-large wp-image-5219\" src=\"http:\/\/neu.ass-denkendorf.de\/wp-content\/uploads\/2019\/08\/KUW_8041-1024x733.jpg\" alt=\"\" width=\"474\" height=\"339\" srcset=\"https:\/\/www.ass-denkendorf.de\/wp-content\/uploads\/2019\/08\/KUW_8041-1024x733.jpg 1024w, https:\/\/www.ass-denkendorf.de\/wp-content\/uploads\/2019\/08\/KUW_8041-300x215.jpg 300w, https:\/\/www.ass-denkendorf.de\/wp-content\/uploads\/2019\/08\/KUW_8041-768x550.jpg 768w\" sizes=\"(max-width: 474px) 100vw, 474px\" \/><figcaption id=\"caption-attachment-5219\" class=\"wp-caption-text\">IHK<br \/>BORIS Verleihung<\/figcaption><\/figure>\n<\/div>\n<\/div><\/div><\/div><\/div><div id=\"pg-49-8\"  class=\"panel-grid panel-no-style\" ><div id=\"pgc-49-8-0\"  class=\"panel-grid-cell\" ><div id=\"panel-49-8-0-0\" class=\"so-panel widget widget_sow-image panel-first-child panel-last-child\" data-index=\"13\" ><div\n\t\t\t\n\t\t\tclass=\"so-widget-sow-image so-widget-sow-image-default-8b5b6f678277-49\"\n\t\t\t\n\t\t>\n<div class=\"sow-image-container\">\n\t\t<img \n\tsrc=\"https:\/\/www.ass-denkendorf.de\/wp-content\/uploads\/2024\/09\/Boris-Siegel-2024.jpg\" width=\"1112\" height=\"835\" srcset=\"https:\/\/www.ass-denkendorf.de\/wp-content\/uploads\/2024\/09\/Boris-Siegel-2024.jpg 1112w, https:\/\/www.ass-denkendorf.de\/wp-content\/uploads\/2024\/09\/Boris-Siegel-2024-300x225.jpg 300w, https:\/\/www.ass-denkendorf.de\/wp-content\/uploads\/2024\/09\/Boris-Siegel-2024-1024x769.jpg 1024w, https:\/\/www.ass-denkendorf.de\/wp-content\/uploads\/2024\/09\/Boris-Siegel-2024-768x577.jpg 768w\" sizes=\"(max-width: 1112px) 100vw, 1112px\" title=\"Boris Siegel 2024\" alt=\"\" \t\tclass=\"so-widget-image\"\/>\n\t<\/div>\n\n<\/div><\/div><\/div><\/div><div id=\"pg-49-9\"  class=\"panel-grid panel-no-style\" ><div id=\"pgc-49-9-0\"  class=\"panel-grid-cell\" ><div id=\"panel-49-9-0-0\" class=\"so-panel widget widget_sow-editor panel-first-child panel-last-child\" data-index=\"14\" ><div\n\t\t\t\n\t\t\tclass=\"so-widget-sow-editor so-widget-sow-editor-base\"\n\t\t\t\n\t\t>\n<div class=\"siteorigin-widget-tinymce textwidget\">\n\t<p><strong>Die Albert-Schweitzer-Schule erh\u00e4lt das BoriS Berufswahl-SIEGEL<\/strong><\/p>\n<\/div>\n<\/div><\/div><\/div><\/div><div id=\"pg-49-10\"  class=\"panel-grid panel-no-style\" ><div id=\"pgc-49-10-0\"  class=\"panel-grid-cell\" ><div id=\"panel-49-10-0-0\" class=\"so-panel widget widget_sow-image panel-first-child panel-last-child\" data-index=\"15\" ><div\n\t\t\t\n\t\t\tclass=\"so-widget-sow-image so-widget-sow-image-default-8b5b6f678277-49\"\n\t\t\t\n\t\t>\n<div class=\"sow-image-container\">\n\t\t<img \n\tsrc=\"https:\/\/www.ass-denkendorf.de\/wp-content\/uploads\/2016\/09\/20160714_161441.jpg\" width=\"448\" height=\"252\" srcset=\"https:\/\/www.ass-denkendorf.de\/wp-content\/uploads\/2016\/09\/20160714_161441.jpg 448w, https:\/\/www.ass-denkendorf.de\/wp-content\/uploads\/2016\/09\/20160714_161441-300x169.jpg 300w\" sizes=\"(max-width: 448px) 100vw, 448px\" alt=\"\" \t\tclass=\"so-widget-image\"\/>\n\t<\/div>\n\n<\/div><\/div><\/div><div id=\"pgc-49-10-1\"  class=\"panel-grid-cell\" ><div id=\"panel-49-10-1-0\" class=\"so-panel widget widget_sow-image panel-first-child panel-last-child\" data-index=\"16\" ><div\n\t\t\t\n\t\t\tclass=\"so-widget-sow-image so-widget-sow-image-default-8b5b6f678277-49\"\n\t\t\t\n\t\t>\n<div class=\"sow-image-container\">\n\t\t<img \n\tsrc=\"https:\/\/www.ass-denkendorf.de\/wp-content\/uploads\/2016\/11\/Boris3.jpg\" width=\"640\" height=\"360\" srcset=\"https:\/\/www.ass-denkendorf.de\/wp-content\/uploads\/2016\/11\/Boris3.jpg 640w, https:\/\/www.ass-denkendorf.de\/wp-content\/uploads\/2016\/11\/Boris3-300x169.jpg 300w\" sizes=\"(max-width: 640px) 100vw, 640px\" title=\"boris3\" alt=\"\" \t\tclass=\"so-widget-image\"\/>\n\t<\/div>\n\n<\/div><\/div><\/div><\/div><div id=\"pg-49-11\"  class=\"panel-grid panel-no-style\" ><div id=\"pgc-49-11-0\"  class=\"panel-grid-cell\" ><div id=\"panel-49-11-0-0\" class=\"so-panel widget widget_sow-image panel-first-child panel-last-child\" data-index=\"17\" ><div\n\t\t\t\n\t\t\tclass=\"so-widget-sow-image so-widget-sow-image-default-8b5b6f678277-49\"\n\t\t\t\n\t\t>\n<div class=\"sow-image-container\">\n\t\t<img \n\tsrc=\"https:\/\/www.ass-denkendorf.de\/wp-content\/uploads\/2016\/11\/Bilder-BoriS-Siegelvergabe-2016-264.jpg\" width=\"640\" height=\"480\" srcset=\"https:\/\/www.ass-denkendorf.de\/wp-content\/uploads\/2016\/11\/Bilder-BoriS-Siegelvergabe-2016-264.jpg 640w, https:\/\/www.ass-denkendorf.de\/wp-content\/uploads\/2016\/11\/Bilder-BoriS-Siegelvergabe-2016-264-300x225.jpg 300w\" sizes=\"(max-width: 640px) 100vw, 640px\" title=\"bilder-boris-siegelvergabe-2016-264\" alt=\"\" \t\tclass=\"so-widget-image\"\/>\n\t<\/div>\n\n<\/div><\/div><\/div><div id=\"pgc-49-11-1\"  class=\"panel-grid-cell\" ><div id=\"panel-49-11-1-0\" class=\"so-panel widget widget_sow-image panel-first-child panel-last-child\" data-index=\"18\" ><div\n\t\t\t\n\t\t\tclass=\"so-widget-sow-image so-widget-sow-image-default-8b5b6f678277-49\"\n\t\t\t\n\t\t>\n<div class=\"sow-image-container\">\n\t\t<img \n\tsrc=\"https:\/\/www.ass-denkendorf.de\/wp-content\/uploads\/2016\/10\/Boris-Siegel.jpg\" width=\"1075\" height=\"797\" srcset=\"https:\/\/www.ass-denkendorf.de\/wp-content\/uploads\/2016\/10\/Boris-Siegel.jpg 1075w, https:\/\/www.ass-denkendorf.de\/wp-content\/uploads\/2016\/10\/Boris-Siegel-300x222.jpg 300w, https:\/\/www.ass-denkendorf.de\/wp-content\/uploads\/2016\/10\/Boris-Siegel-768x569.jpg 768w, https:\/\/www.ass-denkendorf.de\/wp-content\/uploads\/2016\/10\/Boris-Siegel-1024x759.jpg 1024w\" sizes=\"(max-width: 1075px) 100vw, 1075px\" title=\"boris-siegel\" alt=\"\" \t\tclass=\"so-widget-image\"\/>\n\t<\/div>\n\n<\/div><\/div><\/div><\/div><div id=\"pg-49-12\"  class=\"panel-grid panel-no-style\" ><div id=\"pgc-49-12-0\"  class=\"panel-grid-cell\" ><div id=\"panel-49-12-0-0\" class=\"so-panel widget widget_sow-editor panel-first-child panel-last-child\" data-index=\"19\" ><div\n\t\t\t\n\t\t\tclass=\"so-widget-sow-editor so-widget-sow-editor-base\"\n\t\t\t\n\t\t>\n<div class=\"siteorigin-widget-tinymce textwidget\">\n\t<p><strong>Download Formulare:<\/strong><\/p>\n<p>Freiwilliges Praktikum <a href=\"https:\/\/www.ass-denkendorf.de\/wp-content\/uploads\/2019\/10\/AntragZusatzpraktikum.pdf\" target=\"_blank\" rel=\"noopener\">bitte hier klicken<\/a><\/p>\n<p><strong>Evaluation:<\/strong><\/p>\n<p>Feedback der Betriebe\u00a0 <a style=\"color: #68af00;\" href=\"https:\/\/www.ass-denkendorf.de\/wp-content\/uploads\/2016\/02\/Evaluation_Auswertung_Betriebe_16.pdf\" target=\"_blank\" rel=\"noopener\">bitte hier klicken<\/a><\/p>\n<p><strong>Pr\u00e4sentationen:<\/strong><\/p>\n<p>f\u00fcr n\u00e4here Informationen \u00fcber den Pr\u00e4sentationsinhalt <a style=\"color: #68af00;\" href=\"https:\/\/www.ass-denkendorf.de\/wp-content\/uploads\/2016\/03\/Praesentationen_Inhalt_BORS.pdf\" target=\"_blank\" rel=\"noopener\">hier klicken<\/a><\/p>\n<p>Wege nach der mittleren Reife <a href=\"https:\/\/www.ass-denkendorf.de\/wp-content\/uploads\/2018\/12\/Wege-nach-der-Mittleren-Reife.pdf\" target=\"_blank\" rel=\"noopener\">bitte hier klicken<\/a><\/p>\n<\/div>\n<\/div><\/div><\/div><\/div><\/div>","protected":false},"excerpt":{"rendered":"<p>Allgemeines An der ASS ist es uns ein gro\u00dfes Anliegen, die Sch\u00fclerinnen und Sch\u00fcler fit f\u00fcr die Zukunft zu machen. Dabei spielen die Berufsorientierung und der gelungene \u00dcbergang in die Arbeitswelt bzw. auf die weiterf\u00fchrende Schule eine zentrale Rolle. Daher haben wir sie von Anfang an im Blick und ein klassenumspannendes Konzept entwickelt. Die F\u00f6rderung &hellip; <a href=\"https:\/\/www.ass-denkendorf.de\/?page_id=49\" class=\"more-link\"><span class=\"screen-reader-text\">Berufsorientierung<\/span> weiterlesen <span class=\"meta-nav\">&rarr;<\/span><\/a><\/p>\n","protected":false},"author":1,"featured_media":0,"parent":0,"menu_order":0,"comment_status":"closed","ping_status":"closed","template":"","meta":{"_mc_calendar":[],"footnotes":""},"class_list":["post-49","page","type-page","status-publish","hentry"],"_links":{"self":[{"href":"https:\/\/www.ass-denkendorf.de\/index.php?rest_route=\/wp\/v2\/pages\/49"}],"collection":[{"href":"https:\/\/www.ass-denkendorf.de\/index.php?rest_route=\/wp\/v2\/pages"}],"about":[{"href":"https:\/\/www.ass-denkendorf.de\/index.php?rest_route=\/wp\/v2\/types\/page"}],"author":[{"embeddable":true,"href":"https:\/\/www.ass-denkendorf.de\/index.php?rest_route=\/wp\/v2\/users\/1"}],"replies":[{"embeddable":true,"href":"https:\/\/www.ass-denkendorf.de\/index.php?rest_route=%2Fwp%2Fv2%2Fcomments&post=49"}],"version-history":[{"count":91,"href":"https:\/\/www.ass-denkendorf.de\/index.php?rest_route=\/wp\/v2\/pages\/49\/revisions"}],"predecessor-version":[{"id":10158,"href":"https:\/\/www.ass-denkendorf.de\/index.php?rest_route=\/wp\/v2\/pages\/49\/revisions\/10158"}],"wp:attachment":[{"href":"https:\/\/www.ass-denkendorf.de\/index.php?rest_route=%2Fwp%2Fv2%2Fmedia&parent=49"}],"curies":[{"name":"wp","href":"https:\/\/api.w.org\/{rel}","templated":true}]}}