{"id":45,"date":"2016-02-06T01:20:42","date_gmt":"2016-02-06T00:20:42","guid":{"rendered":"http:\/\/neu.ass-denkendorf.de\/?page_id=45"},"modified":"2022-12-12T16:58:35","modified_gmt":"2022-12-12T15:58:35","slug":"ganztagesbetreuung","status":"publish","type":"page","link":"https:\/\/www.ass-denkendorf.de\/?page_id=45","title":{"rendered":"Ganztagesbetreuung"},"content":{"rendered":"<div id=\"pl-45\"  class=\"panel-layout\" ><div id=\"pg-45-0\"  class=\"panel-grid panel-no-style\" ><div id=\"pgc-45-0-0\"  class=\"panel-grid-cell\" ><div id=\"panel-45-0-0-0\" class=\"so-panel widget widget_sow-editor panel-first-child panel-last-child\" data-index=\"0\" ><div\n\t\t\t\n\t\t\tclass=\"so-widget-sow-editor so-widget-sow-editor-base\"\n\t\t\t\n\t\t>\n<div class=\"siteorigin-widget-tinymce textwidget\">\n\t<p style=\"font-weight: 400;\">Anmeldung der neuen Erstkl\u00e4ssler 2023<\/p>\n<p style=\"font-weight: 400;\"><strong>Information zum Anmeldeverfahren der Ganztagesbetreuung f\u00fcr das SJ 2<\/strong><strong style=\"font-style: inherit;\">3\/24<\/strong><\/p>\n<p style=\"font-weight: 400;\">Liebe Eltern der kommenden Erstkl\u00e4ssler*innen im Schuljahr 2023\/24,<\/p>\n<p style=\"font-weight: 400;\">Im Folgenden erhalten Sie von uns die wichtigsten und f\u00fcr die Anmeldung relevanten Informationen zur Ganztagesbetreuung an der sowie der Albert-Schweitzer-Schule (ASS).<\/p>\n<ul style=\"font-weight: 400;\">\n<li><strong>Merkblatt, Geb\u00fchrentabelle, Mensa-Flyer und Anmeldeformulare <\/strong>\u00dcber die Homepage der Gemeinde Denkendorf gelangen Sie zu ausf\u00fchrlichen Informationen rund um die Ganztagesbetreuung. Neben einem Merkblatt, der aktuellen Geb\u00fchrentabelle und den Mensa-Flyern finden Sie dort auch die Anmeldeformulare f\u00fcr die jeweilige Schule:<a href=\"https:\/\/www.denkendorf.de\/leben-wohnen\/schulen-weiterbildung\/schuelerganztagsbetreuung\" target=\"_blank\" rel=\"noopener\">bitte hier klicken<\/a>\n<p>Das ausgef\u00fcllte\u00a0<u>und<\/u>\u00a0unterschriebene Formular k\u00f6nnen Sie uns entweder eingescannt per Email oder ausgedruckt per Post zukommen lassen bzw. pers\u00f6nlich in den jeweiligen Briefkasten einwerfen.<\/p>\n<\/li>\n<\/ul>\n<ul style=\"font-weight: 400;\">\n<li><strong>Ummeldung <\/strong>Zu Beginn des Schuljahres und nach Erhalt der Stundenpl\u00e4ne bekommen Sie nochmals die M\u00f6glichkeit, die Betreuungszeiten Ihres Kindes anzupassen. Wir werden mit weiteren Informationen auf Sie zukommen, wenn der genaue Termin f\u00fcr die Ummeldung feststeht.<\/li>\n<\/ul>\n<ul style=\"font-weight: 400;\">\n<li><strong>Bausteinsystem <\/strong>Die Ganztagesbetreuung an der LUS und ASS ist in unterschiedliche Bausteine eingeteilt, die Sie nach Bedarf f\u00fcr die ben\u00f6tigten Tage buchen k\u00f6nnen.Baustein 1:\u00a0\u00a0\u00a0\u00a0\u00a0 Fr\u00fchbetreuung \/vor dem Unterricht ab 7.00 Uhr\n<p>Baustein 2:\u00a0\u00a0\u00a0\u00a0\u00a0 Betreuung nach dem Unterricht bis 13.00 Uhr<\/p>\n<p>Baustein 2+:\u00a0\u00a0\u00a0 Erweiterte Betreuung nach dem Unterricht bis 13.30 Uhr<\/p>\n<p>Baustein 3:\u00a0\u00a0\u00a0\u00a0\u00a0 Betreutes Essen in der Mensa<\/p>\n<p>Baustein 4:\u00a0\u00a0\u00a0\u00a0\u00a0 Flexible Nachmittagsbetreuung von 13.00-16.30 Uhr (Hausaufgabenbetreuung und Projektangebote)<\/p>\n<p>Genauere Informationen entnehmen Sie bitte dem Merkblatt auf der Homepage der Gemeinde (siehe oben).<\/p>\n<\/li>\n<\/ul>\n<ul style=\"font-weight: 400;\">\n<li><strong>Ansprechpartner*innen der Ganztagesbetreuung <\/strong>Sollten sie R\u00fcckfragen haben, k\u00f6nnen Sie gerne mit uns in Kontakt treten.<u>Albert-Schweitzer-Schule<\/u>\n<p>GTB ASS:\u00a0\u00a0\u00a0\u00a0\u00a0\u00a0\u00a0\u00a0\u00a0\u00a0\u00a0\u00a0\u00a0\u00a0\u00a0\u00a0\u00a0\u00a0\u00a0\u00a0\u00a0\u00a0\u00a0\u00a0\u00a0\u00a0\u00a0\u00a0\u00a0\u00a0\u00a0\u00a0 Frau Leontopoulos \/ Frau Reutter<\/p>\n<p>Tel.:\u00a0\u00a0\u00a0\u00a0\u00a0\u00a0\u00a0\u00a0\u00a0\u00a0\u00a0\u00a0\u00a0\u00a0\u00a0\u00a0\u00a0\u00a0\u00a0\u00a0\u00a0\u00a0\u00a0\u00a0\u00a0\u00a0\u00a0\u00a0\u00a0\u00a0\u00a0\u00a0\u00a0\u00a0\u00a0\u00a0\u00a0\u00a0\u00a0 0711 \/ 3009829<\/p>\n<p>E-Mail:\u00a0\u00a0\u00a0\u00a0\u00a0\u00a0\u00a0\u00a0\u00a0\u00a0\u00a0\u00a0\u00a0\u00a0\u00a0\u00a0\u00a0\u00a0\u00a0\u00a0\u00a0\u00a0\u00a0\u00a0\u00a0\u00a0\u00a0\u00a0\u00a0\u00a0\u00a0\u00a0\u00a0\u00a0\u00a0\u00a0<a href=\"mailto:ganztagesbetreuung@ass-denkendorf.de\">ganztagesbetreuung@ass-denkendorf.de<\/a><\/p>\n<p>Bei Fragen zu Geb\u00fchren wenden Sie sich bitte an die Gemeindeverwaltung:<\/p>\n<p>Frau Haubensak:\u00a0\u00a0\u00a0\u00a0\u00a0\u00a0\u00a0\u00a0\u00a0\u00a0\u00a0\u00a0\u00a0\u00a0\u00a0\u00a0\u00a0\u00a0\u00a0 0711 \/ 34168016<\/p>\n<p>Wir freuen uns auf die Zusammenarbeit mit Ihnen !<\/p>\n<p>Eleftheria Leontopoulos<\/p>\n<\/li>\n<\/ul>\n<\/div>\n<\/div><\/div><\/div><\/div><\/div>","protected":false},"excerpt":{"rendered":"<p>Anmeldung der neuen Erstkl\u00e4ssler 2023 Information zum Anmeldeverfahren der Ganztagesbetreuung f\u00fcr das SJ 23\/24 Liebe Eltern der kommenden Erstkl\u00e4ssler*innen im Schuljahr 2023\/24, Im Folgenden erhalten Sie von uns die wichtigsten und f\u00fcr die Anmeldung relevanten Informationen zur Ganztagesbetreuung an der sowie der Albert-Schweitzer-Schule (ASS). Merkblatt, Geb\u00fchrentabelle, Mensa-Flyer und Anmeldeformulare \u00dcber die Homepage der Gemeinde Denkendorf &hellip; <a href=\"https:\/\/www.ass-denkendorf.de\/?page_id=45\" class=\"more-link\"><span class=\"screen-reader-text\">Ganztagesbetreuung<\/span> weiterlesen <span class=\"meta-nav\">&rarr;<\/span><\/a><\/p>\n","protected":false},"author":1,"featured_media":0,"parent":0,"menu_order":0,"comment_status":"closed","ping_status":"closed","template":"","meta":{"_mc_calendar":[],"footnotes":""},"class_list":["post-45","page","type-page","status-publish","hentry"],"_links":{"self":[{"href":"https:\/\/www.ass-denkendorf.de\/index.php?rest_route=\/wp\/v2\/pages\/45"}],"collection":[{"href":"https:\/\/www.ass-denkendorf.de\/index.php?rest_route=\/wp\/v2\/pages"}],"about":[{"href":"https:\/\/www.ass-denkendorf.de\/index.php?rest_route=\/wp\/v2\/types\/page"}],"author":[{"embeddable":true,"href":"https:\/\/www.ass-denkendorf.de\/index.php?rest_route=\/wp\/v2\/users\/1"}],"replies":[{"embeddable":true,"href":"https:\/\/www.ass-denkendorf.de\/index.php?rest_route=%2Fwp%2Fv2%2Fcomments&post=45"}],"version-history":[{"count":49,"href":"https:\/\/www.ass-denkendorf.de\/index.php?rest_route=\/wp\/v2\/pages\/45\/revisions"}],"predecessor-version":[{"id":10447,"href":"https:\/\/www.ass-denkendorf.de\/index.php?rest_route=\/wp\/v2\/pages\/45\/revisions\/10447"}],"wp:attachment":[{"href":"https:\/\/www.ass-denkendorf.de\/index.php?rest_route=%2Fwp%2Fv2%2Fmedia&parent=45"}],"curies":[{"name":"wp","href":"https:\/\/api.w.org\/{rel}","templated":true}]}}