{"id":4126,"date":"2018-07-04T12:54:38","date_gmt":"2018-07-04T10:54:38","guid":{"rendered":"http:\/\/neu.ass-denkendorf.de\/?page_id=4126"},"modified":"2023-03-03T15:48:02","modified_gmt":"2023-03-03T14:48:02","slug":"datenschutzerklaerung","status":"publish","type":"page","link":"https:\/\/www.ass-denkendorf.de\/?page_id=4126","title":{"rendered":"Datenschutzerkl\u00e4rung"},"content":{"rendered":"<div id=\"pl-4126\"  class=\"panel-layout\" ><div id=\"pg-4126-0\"  class=\"panel-grid panel-no-style\" ><div id=\"pgc-4126-0-0\"  class=\"panel-grid-cell\" ><div id=\"panel-4126-0-0-0\" class=\"so-panel widget widget_sow-editor panel-first-child panel-last-child\" data-index=\"0\" ><div\n\t\t\t\n\t\t\tclass=\"so-widget-sow-editor so-widget-sow-editor-base\"\n\t\t\t\n\t\t>\n<div class=\"siteorigin-widget-tinymce textwidget\">\n\t<ol>\n<li><strong> Datenschutz auf einen Blick<\/strong><\/li>\n<\/ol>\n<p><strong><em>Allgemeine Hinweise<\/em><\/strong><\/p>\n<p style=\"text-align: justify;\">Die folgenden Hinweise geben einen einfachen \u00dcberblick dar\u00fcber, was mit Ihren personenbezogenen Daten passiert, wenn Sie unsere Website besuchen. Personenbezogene Daten sind alle Daten, mit denen Sie pers\u00f6nlich identifiziert werden k\u00f6nnen, diese sind z.B. Name, Adresse, E-Mail-Adresse, Nutzerverhalten. Ausf\u00fchrliche Informationen zum Thema Datenschutz entnehmen Sie unserer unter diesem Text aufgef\u00fchrten Datenschutzerkl\u00e4rung.<\/p>\n<p><strong>Datenerfassung auf unserer Website<\/strong><\/p>\n<p><strong><em>Wer ist verantwortlich f\u00fcr die Datenerfassung und den Datenschutz auf dieser Website?<\/em><\/strong><\/p>\n<p>Die Kontaktdaten, der entsprechenden Personen k\u00f6nnen Sie dem Impressum dieser Website entnehmen.<\/p>\n<p>Unsere Datenschutzbeauftragte erreichen Sie unter datenschutz@ssa-nt.kv.bwl.de.<\/p>\n<p><strong><em>Wie erfassen wir Ihre Daten?<\/em><\/strong><\/p>\n<p style=\"text-align: justify;\">Ihre Daten werden automatisch beim Besuch der Website durch unsere IT-Systeme erfasst. Das sind vor allem technische Daten (z.B. Internetbrowser, Betriebssystem oder Uhrzeit des Seitenaufrufs). Die Erfassung dieser Daten erfolgt automatisch, sobald Sie unsere Website betreten.<\/p>\n<p><strong><em>Wof\u00fcr nutzen wir Ihre Daten?<\/em><\/strong><\/p>\n<p style=\"text-align: justify;\">Bei unserer blo\u00df informatorischen Nutzung der Website, also wenn Sie sich nicht registrieren oder uns anderweitig Informationen \u00fcbermitteln, erheben wir nur die personenbezogenen Daten, die Ihr Browser an unseren Server \u00fcbermittelt. Wenn Sie unsere Website betrachten m\u00f6chten, erheben wir die folgenden Daten, die f\u00fcr uns technisch erforderlich sind, um Ihnen unsere Website anzuzeigen und die Stabilit\u00e4t und Sicherheit zu gew\u00e4hrleisten (Rechtsgrundlage ist Art. 6 Abs. 1 S.1 lit. f EU-DSGVO):<\/p>\n<p>-IP-Adresse<\/p>\n<p>-Datum und Uhrzeit der Anfrage<\/p>\n<p>-Zeitzonendifferenz zur Greenwich Mean Time (GMT)<\/p>\n<p>-Inhalt der Anforderung (konkrete Seite)<\/p>\n<p>-Zugriffsstatus\/HTTP-Statuscode<\/p>\n<p>-jeweils \u00fcbertragene Datenmenge<\/p>\n<p>-Website, von der die Anforderung kommt<\/p>\n<p>-Browser<\/p>\n<p>-Betriebssystem und dessen Oberfl\u00e4che<\/p>\n<p>-Sprache und Version der Browsersoftware.<\/p>\n<p><strong><em>Welche Rechte haben Sie bez\u00fcglich Ihrer Daten?<\/em><\/strong><\/p>\n<p style=\"text-align: justify;\">Sie haben jederzeit das Recht unentgeltlich Auskunft \u00fcber Herkunft, Empf\u00e4nger und Zweck Ihrer gespeicherten personenbezogenen Daten zu erhalten (ART. 15, DSGVO).<br \/>\nSie haben au\u00dferdem ein Recht die Berichtigung (ART 16, DSGVO), Sperrung oder L\u00f6schung dieser Daten zu verlangen (ART. 17, DSGVO).<br \/>\nSie haben jederzeit das Recht eine Einschr\u00e4nkung der Verarbeitung der Daten zu verlangen (ART. 18, DSGVO).<br \/>\nSie haben jederzeit das Recht die Daten, die Sie bereitgestellt haben zu erhalten und deren \u00dcbermittlung einzufordern (ART. 20, DSGVO).<\/p>\n<p style=\"text-align: justify;\">Hierzu sowie zu weiteren Fragen zum Thema Datenschutz k\u00f6nnen Sie sich jederzeit unter der im Impressum angegebenen Adresse an uns wenden.<br \/>\nDes Weiteren steht Ihnen ein Beschwerderecht bei der zust\u00e4ndigen Aufsichtsbeh\u00f6rde zu (ART. 77, DSGVO). Die Datenschutzaufsichtsbeh\u00f6rde ist der<\/p>\n<p><em>Landesbeauftragte f\u00fcr den Datenschutz und die Informationsfreiheit (LfDI), K\u00f6nigstrasse 10a, 70173 Stuttgart.<\/em><\/p>\n<p>&nbsp;<\/p>\n<p><strong><em>Widerrufsrecht<\/em><\/strong><\/p>\n<p style=\"text-align: justify;\">Sie haben jederzeit das Recht bereits erteilte Einwilligungen zu widerrufen (ART. 7, ABS. 3, DSGVO).<\/p>\n<p><strong><em>Widerspruchsrecht<\/em><\/strong><\/p>\n<p style=\"text-align: justify;\">Sie haben jederzeit das Recht einer zuk\u00fcnftigen Verarbeitung der Sie betreffenden Daten zu widersprechen (ART. 21, DSGVO).<\/p>\n<p>&nbsp;<\/p>\n<p>&nbsp;<\/p>\n<p style=\"text-align: justify;\">Werden personenbezogene Daten an ein Drittland oder an eine internationale Organisation \u00fcbermittelt, so haben Sie das Recht, \u00fcber die geeigneten Garantien gem\u00e4\u00df Art. 46 EU-DSGVO im Zusammenhang mit der \u00dcbermittlung unterrichtet zu werden.<\/p>\n<ol start=\"2\">\n<li><strong> Allgemeine Hinweise und Pflichtinformationen<\/strong><\/li>\n<\/ol>\n<p><strong><em>Datenschutz<\/em><\/strong><\/p>\n<p style=\"text-align: justify;\">Die Betreiber dieser Seiten nehmen den Schutz Ihrer pers\u00f6nlichen Daten sehr ernst. Wir behandeln Ihre personenbezogenen Daten vertraulich und entsprechend der gesetzlichen Datenschutzvorschriften sowie dieser Datenschutzerkl\u00e4rung.<\/p>\n<p style=\"text-align: justify;\">Wir weisen darauf hin, dass die Daten\u00fcbertragung im Internet (z.B. bei der Kommunikation per E-Mail) Sicherheitsl\u00fccken aufweisen kann. Ein l\u00fcckenloser Schutz der Daten vor dem Zugriff durch Dritte ist nicht m\u00f6glich.<\/p>\n<p><strong><em>Hinweis zur verantwortlichen Stelle<\/em><\/strong><\/p>\n<p>Die verantwortliche Stelle f\u00fcr die Datenverarbeitung auf dieser Website ist:<\/p>\n<p>Albert-Schweitzer-Schule Denkendorf<br \/>\nGoethestra\u00dfe 58<br \/>\n73770 Denkendorf<\/p>\n<p>Telefon: 0711\/34169690<br \/>\nE-Mail: <a href=\"mailto:poststelle@04122373.schule.bwl.de\">poststelle@04122373.schule.bwl.de<\/a><\/p>\n<p style=\"text-align: justify;\">Verantwortliche Stelle ist die nat\u00fcrliche oder juristische Person, die allein oder gemeinsam mit anderen \u00fcber die Zwecke und Mittel der Verarbeitung von personenbezogenen Daten (z.B. Namen, E-Mail-Adressen o. \u00c4.) entscheidet.<\/p>\n<ol start=\"3\">\n<li><strong> Datenerfassung auf unserer Website<\/strong><\/li>\n<\/ol>\n<p><strong><em>Cookies<\/em><\/strong><\/p>\n<p style=\"text-align: justify;\">Die Internetseiten verwenden teilweise so genannte Cookies. Cookies richten auf Ihrem Rechner keinen Schaden an und enthalten keine Viren. Cookies dienen dazu, unser Angebot nutzerfreundlicher, effektiver und sicherer zu machen. Cookies sind kleine Textdateien, die auf Ihrem Rechner abgelegt werden und die Ihr Browser speichert.<\/p>\n<p style=\"text-align: justify;\">Die meisten der von uns verwendeten Cookies sind so genannte \u201cSession-Cookies\u201d. Sie werden nach Ende Ihres Besuchs automatisch gel\u00f6scht. Andere Cookies bleiben auf Ihrem Endger\u00e4t gespeichert bis Sie diese l\u00f6schen. Diese Cookies erm\u00f6glichen es uns, Ihren Browser beim n\u00e4chsten Besuch wiederzuerkennen.<\/p>\n<p style=\"text-align: justify;\">Sie k\u00f6nnen Ihren Browser so einstellen, dass Sie \u00fcber das Setzen von Cookies informiert werden und Cookies nur im Einzelfall erlauben, die Annahme von Cookies f\u00fcr bestimmte F\u00e4lle oder generell ausschlie\u00dfen sowie das automatische L\u00f6schen der Cookies beim Schlie\u00dfen des Browser aktivieren. Bei der Deaktivierung von Cookies kann die Funktionalit\u00e4t dieser Website eingeschr\u00e4nkt sein.<\/p>\n<p style=\"text-align: justify;\">Cookies, die zur Durchf\u00fchrung des elektronischen Kommunikationsvorgangs oder zur Bereitstellung bestimmter, von Ihnen erw\u00fcnschter Funktionen (z.B. Warenkorbfunktion) erforderlich sind, werden auf Grundlage von Art. 6 Abs. 1 lit. f DSGVO gespeichert. Der Websitebetreiber hat ein berechtigtes Interesse an der Speicherung von Cookies zur technisch fehlerfreien und optimierten Bereitstellung seiner Dienste. Soweit andere Cookies (z.B. Cookies zur Analyse Ihres Surfverhaltens) gespeichert werden, werden diese in dieser Datenschutzerkl\u00e4rung gesondert behandelt.<\/p>\n<ol start=\"4\">\n<li><strong> Plugins und Tools<\/strong><\/li>\n<\/ol>\n<p><strong><em>Google Web Fonts<\/em><\/strong><\/p>\n<p style=\"text-align: justify;\">Diese Seite nutzt zur einheitlichen Darstellung von Schriftarten so genannte Web Fonts, die von Google bereitgestellt werden. Beim Aufruf einer Seite l\u00e4dt Ihr Browser die ben\u00f6tigten Web Fonts in ihren Browsercache, um Texte und Schriftarten korrekt anzuzeigen.<\/p>\n<p style=\"text-align: justify;\">Zu diesem Zweck muss der von Ihnen verwendete Browser Verbindung zu den Servern von Google aufnehmen. Hierdurch erlangt Google Kenntnis dar\u00fcber, dass \u00fcber Ihre IP-Adresse unsere Website aufgerufen wurde. Die Nutzung von Google Web Fonts erfolgt im Interesse einer einheitlichen und ansprechenden Darstellung unserer Online-Angebote. Dies stellt ein berechtigtes Interesse im Sinne von Art. 6 Abs. 1 lit. f DSGVO dar.<\/p>\n<p style=\"text-align: justify;\">Wenn Ihr Browser Web Fonts nicht unterst\u00fctzt, wird eine Standardschrift von Ihrem Computer genutzt.<\/p>\n<p style=\"text-align: justify;\">Weitere Informationen zu Google Web Fonts finden Sie unter\u00a0<a href=\"https:\/\/developers.google.com\/fonts\/faq\">https:\/\/developers.google.com\/fonts\/faq<\/a>\u00a0und in der Datenschutzerkl\u00e4rung von Google:\u00a0<a href=\"https:\/\/www.google.com\/policies\/privacy\/\">https:\/\/www.google.com\/policies\/privacy\/<\/a>.<\/p>\n<p><strong><em>Google Maps<\/em><\/strong><\/p>\n<p style=\"text-align: justify;\">Diese Seite nutzt \u00fcber eine API den Kartendienst Google Maps. Anbieter ist die Google Inc., 1600 Amphitheatre Parkway, Mountain View, CA 94043, USA.<\/p>\n<p style=\"text-align: justify;\">Zur Nutzung der Funktionen von Google Maps ist es notwendig, Ihre IP Adresse zu speichern. Diese Informationen werden in der Regel an einen Server von Google in den USA \u00fcbertragen und dort gespeichert. Der Anbieter dieser Seite hat keinen Einfluss auf diese Daten\u00fcbertragung.<\/p>\n<p style=\"text-align: justify;\">Die Nutzung von Google Maps erfolgt im Interesse einer ansprechenden Darstellung unserer Online-Angebote und an einer leichten Auffindbarkeit der von uns auf der Website angegebenen Orte. Dies stellt ein berechtigtes Interesse im Sinne von Art. 6 Abs. 1 lit. f DSGVO dar.<\/p>\n<p style=\"text-align: justify;\">Mehr Informationen zum Umgang mit Nutzerdaten finden Sie in der Datenschutzerkl\u00e4rung von Google:\u00a0\u00a0<a href=\"https:\/\/www.google.de\/intl\/de\/policies\/privacy\/\">https:\/\/www.google.de\/intl\/de\/policies\/privacy\/<\/a>.<\/p>\n<p>Diese Website wird mit WordPress und den dazu erh\u00e4ltlichen Plugins betrieben und gestaltet.<\/p>\n<\/div>\n<\/div><\/div><\/div><\/div><\/div>","protected":false},"excerpt":{"rendered":"<p>Datenschutz auf einen Blick Allgemeine Hinweise Die folgenden Hinweise geben einen einfachen \u00dcberblick dar\u00fcber, was mit Ihren personenbezogenen Daten passiert, wenn Sie unsere Website besuchen. Personenbezogene Daten sind alle Daten, mit denen Sie pers\u00f6nlich identifiziert werden k\u00f6nnen, diese sind z.B. Name, Adresse, E-Mail-Adresse, Nutzerverhalten. Ausf\u00fchrliche Informationen zum Thema Datenschutz entnehmen Sie unserer unter diesem Text &hellip; <a href=\"https:\/\/www.ass-denkendorf.de\/?page_id=4126\" class=\"more-link\"><span class=\"screen-reader-text\">Datenschutzerkl\u00e4rung<\/span> weiterlesen <span class=\"meta-nav\">&rarr;<\/span><\/a><\/p>\n","protected":false},"author":9,"featured_media":0,"parent":0,"menu_order":0,"comment_status":"closed","ping_status":"closed","template":"","meta":{"_mc_calendar":[],"footnotes":""},"class_list":["post-4126","page","type-page","status-publish","hentry"],"_links":{"self":[{"href":"https:\/\/www.ass-denkendorf.de\/index.php?rest_route=\/wp\/v2\/pages\/4126"}],"collection":[{"href":"https:\/\/www.ass-denkendorf.de\/index.php?rest_route=\/wp\/v2\/pages"}],"about":[{"href":"https:\/\/www.ass-denkendorf.de\/index.php?rest_route=\/wp\/v2\/types\/page"}],"author":[{"embeddable":true,"href":"https:\/\/www.ass-denkendorf.de\/index.php?rest_route=\/wp\/v2\/users\/9"}],"replies":[{"embeddable":true,"href":"https:\/\/www.ass-denkendorf.de\/index.php?rest_route=%2Fwp%2Fv2%2Fcomments&post=4126"}],"version-history":[{"count":16,"href":"https:\/\/www.ass-denkendorf.de\/index.php?rest_route=\/wp\/v2\/pages\/4126\/revisions"}],"predecessor-version":[{"id":10559,"href":"https:\/\/www.ass-denkendorf.de\/index.php?rest_route=\/wp\/v2\/pages\/4126\/revisions\/10559"}],"wp:attachment":[{"href":"https:\/\/www.ass-denkendorf.de\/index.php?rest_route=%2Fwp%2Fv2%2Fmedia&parent=4126"}],"curies":[{"name":"wp","href":"https:\/\/api.w.org\/{rel}","templated":true}]}}