{"id":3987,"date":"2018-06-12T12:51:29","date_gmt":"2018-06-12T10:51:29","guid":{"rendered":"http:\/\/neu.ass-denkendorf.de\/?page_id=3987"},"modified":"2026-01-08T13:26:09","modified_gmt":"2026-01-08T12:26:09","slug":"aktuelles","status":"publish","type":"page","link":"https:\/\/www.ass-denkendorf.de\/?page_id=3987","title":{"rendered":"Garten AG"},"content":{"rendered":"<div id=\"pl-3987\"  class=\"panel-layout\" ><div id=\"pg-3987-0\"  class=\"panel-grid panel-no-style\" ><div id=\"pgc-3987-0-0\"  class=\"panel-grid-cell\" ><div id=\"panel-3987-0-0-0\" class=\"so-panel widget widget_sow-editor panel-first-child panel-last-child\" data-index=\"0\" ><div\n\t\t\t\n\t\t\tclass=\"so-widget-sow-editor so-widget-sow-editor-base\"\n\t\t\t\n\t\t>\n<div class=\"siteorigin-widget-tinymce textwidget\">\n\t<p><b>Garten AG<\/b><\/p>\n<p style=\"text-align: justify;\">Jeden Mittwochnachmittag von 14 \u2013 15.30 Uhr trifft sich die GartenAG. Im Fr\u00fchjahr und Sommer pflanzen wir Gem\u00fcse an, m\u00e4hen den Rasen, ernten, kochen und haben Spa\u00df miteinander. Im Sp\u00e4therbst und im Winter gehen wir in den Wald, kochen, basteln, schnitzen K\u00fcrbisse oder machen Ausfl\u00fcge, wie z. B. vor kurzem zur Eselfarm.<\/p>\n<\/div>\n<\/div><\/div><\/div><\/div><div id=\"pg-3987-1\"  class=\"panel-grid panel-no-style\" ><div id=\"pgc-3987-1-0\"  class=\"panel-grid-cell\" ><div id=\"panel-3987-1-0-0\" class=\"so-panel widget widget_sow-image panel-first-child\" data-index=\"1\" ><div\n\t\t\t\n\t\t\tclass=\"so-widget-sow-image so-widget-sow-image-default-8b5b6f678277-3987\"\n\t\t\t\n\t\t>\n<div class=\"sow-image-container\">\n\t\t<img \n\tsrc=\"https:\/\/www.ass-denkendorf.de\/wp-content\/uploads\/2025\/11\/Garten.jpg\" width=\"360\" height=\"270\" srcset=\"https:\/\/www.ass-denkendorf.de\/wp-content\/uploads\/2025\/11\/Garten.jpg 360w, https:\/\/www.ass-denkendorf.de\/wp-content\/uploads\/2025\/11\/Garten-300x225.jpg 300w\" sizes=\"(max-width: 360px) 100vw, 360px\" alt=\"\" \t\tclass=\"so-widget-image\"\/>\n\t<\/div>\n\n<\/div><\/div><div id=\"panel-3987-1-0-1\" class=\"so-panel widget widget_sow-image\" data-index=\"2\" ><div\n\t\t\t\n\t\t\tclass=\"so-widget-sow-image so-widget-sow-image-default-8b5b6f678277-3987\"\n\t\t\t\n\t\t>\n<div class=\"sow-image-container\">\n\t\t<img \n\tsrc=\"https:\/\/www.ass-denkendorf.de\/wp-content\/uploads\/2025\/11\/GartenAG.jpg\" width=\"400\" height=\"300\" srcset=\"https:\/\/www.ass-denkendorf.de\/wp-content\/uploads\/2025\/11\/GartenAG.jpg 400w, https:\/\/www.ass-denkendorf.de\/wp-content\/uploads\/2025\/11\/GartenAG-300x225.jpg 300w\" sizes=\"(max-width: 400px) 100vw, 400px\" alt=\"\" \t\tclass=\"so-widget-image\"\/>\n\t<\/div>\n\n<\/div><\/div><div id=\"panel-3987-1-0-2\" class=\"so-panel widget widget_sow-image\" data-index=\"3\" ><div\n\t\t\t\n\t\t\tclass=\"so-widget-sow-image so-widget-sow-image-default-8b5b6f678277-3987\"\n\t\t\t\n\t\t>\n<div class=\"sow-image-container\">\n\t\t<img \n\tsrc=\"https:\/\/www.ass-denkendorf.de\/wp-content\/uploads\/2025\/11\/GartenAG2.jpg\" width=\"400\" height=\"300\" srcset=\"https:\/\/www.ass-denkendorf.de\/wp-content\/uploads\/2025\/11\/GartenAG2.jpg 400w, https:\/\/www.ass-denkendorf.de\/wp-content\/uploads\/2025\/11\/GartenAG2-300x225.jpg 300w\" sizes=\"(max-width: 400px) 100vw, 400px\" alt=\"\" \t\tclass=\"so-widget-image\"\/>\n\t<\/div>\n\n<\/div><\/div><div id=\"panel-3987-1-0-3\" class=\"so-panel widget widget_sow-image panel-last-child\" data-index=\"4\" ><div\n\t\t\t\n\t\t\tclass=\"so-widget-sow-image so-widget-sow-image-default-8b5b6f678277-3987\"\n\t\t\t\n\t\t>\n<div class=\"sow-image-container\">\n\t\t<img \n\tsrc=\"https:\/\/www.ass-denkendorf.de\/wp-content\/uploads\/2025\/11\/Eselfarm.jpg\" width=\"400\" height=\"300\" srcset=\"https:\/\/www.ass-denkendorf.de\/wp-content\/uploads\/2025\/11\/Eselfarm.jpg 400w, https:\/\/www.ass-denkendorf.de\/wp-content\/uploads\/2025\/11\/Eselfarm-300x225.jpg 300w\" sizes=\"(max-width: 400px) 100vw, 400px\" alt=\"\" \t\tclass=\"so-widget-image\"\/>\n\t<\/div>\n\n<\/div><\/div><\/div><\/div><\/div>","protected":false},"excerpt":{"rendered":"<p>Garten AG Jeden Mittwochnachmittag von 14 \u2013 15.30 Uhr trifft sich die GartenAG. Im Fr\u00fchjahr und Sommer pflanzen wir Gem\u00fcse an, m\u00e4hen den Rasen, ernten, kochen und haben Spa\u00df miteinander. Im Sp\u00e4therbst und im Winter gehen wir in den Wald, kochen, basteln, schnitzen K\u00fcrbisse oder machen Ausfl\u00fcge, wie z. B. vor kurzem zur Eselfarm.<\/p>\n","protected":false},"author":9,"featured_media":0,"parent":205,"menu_order":0,"comment_status":"closed","ping_status":"closed","template":"","meta":{"_mc_calendar":[],"footnotes":""},"class_list":["post-3987","page","type-page","status-publish","hentry"],"_links":{"self":[{"href":"https:\/\/www.ass-denkendorf.de\/index.php?rest_route=\/wp\/v2\/pages\/3987"}],"collection":[{"href":"https:\/\/www.ass-denkendorf.de\/index.php?rest_route=\/wp\/v2\/pages"}],"about":[{"href":"https:\/\/www.ass-denkendorf.de\/index.php?rest_route=\/wp\/v2\/types\/page"}],"author":[{"embeddable":true,"href":"https:\/\/www.ass-denkendorf.de\/index.php?rest_route=\/wp\/v2\/users\/9"}],"replies":[{"embeddable":true,"href":"https:\/\/www.ass-denkendorf.de\/index.php?rest_route=%2Fwp%2Fv2%2Fcomments&post=3987"}],"version-history":[{"count":39,"href":"https:\/\/www.ass-denkendorf.de\/index.php?rest_route=\/wp\/v2\/pages\/3987\/revisions"}],"predecessor-version":[{"id":12138,"href":"https:\/\/www.ass-denkendorf.de\/index.php?rest_route=\/wp\/v2\/pages\/3987\/revisions\/12138"}],"up":[{"embeddable":true,"href":"https:\/\/www.ass-denkendorf.de\/index.php?rest_route=\/wp\/v2\/pages\/205"}],"wp:attachment":[{"href":"https:\/\/www.ass-denkendorf.de\/index.php?rest_route=%2Fwp%2Fv2%2Fmedia&parent=3987"}],"curies":[{"name":"wp","href":"https:\/\/api.w.org\/{rel}","templated":true}]}}