{"id":32,"date":"2016-02-06T01:16:22","date_gmt":"2016-02-06T00:16:22","guid":{"rendered":"http:\/\/neu.ass-denkendorf.de\/?page_id=32"},"modified":"2018-05-15T13:23:49","modified_gmt":"2018-05-15T11:23:49","slug":"grundschule","status":"publish","type":"page","link":"https:\/\/www.ass-denkendorf.de\/?page_id=32","title":{"rendered":"Grundschule"},"content":{"rendered":"<div id=\"pl-32\"  class=\"panel-layout\" ><div id=\"pg-32-0\"  class=\"panel-grid panel-no-style\" ><div id=\"pgc-32-0-0\"  class=\"panel-grid-cell\" ><div id=\"panel-32-0-0-0\" class=\"so-panel widget widget_sow-image panel-first-child panel-last-child\" data-index=\"0\" ><div\n\t\t\t\n\t\t\tclass=\"so-widget-sow-image so-widget-sow-image-default-8b5b6f678277-32\"\n\t\t\t\n\t\t>\n<div class=\"sow-image-container\">\n\t\t<img \n\tsrc=\"https:\/\/www.ass-denkendorf.de\/wp-content\/uploads\/2018\/03\/GS_Flyer_Deckblatt.jpeg\" width=\"669\" height=\"1280\" srcset=\"https:\/\/www.ass-denkendorf.de\/wp-content\/uploads\/2018\/03\/GS_Flyer_Deckblatt.jpeg 669w, https:\/\/www.ass-denkendorf.de\/wp-content\/uploads\/2018\/03\/GS_Flyer_Deckblatt-157x300.jpeg 157w, https:\/\/www.ass-denkendorf.de\/wp-content\/uploads\/2018\/03\/GS_Flyer_Deckblatt-535x1024.jpeg 535w\" sizes=\"(max-width: 669px) 100vw, 669px\" alt=\"\" \t\tclass=\"so-widget-image\"\/>\n\t<\/div>\n\n<\/div><\/div><\/div><\/div><div id=\"pg-32-1\"  class=\"panel-grid panel-no-style\" ><div id=\"pgc-32-1-0\"  class=\"panel-grid-cell\" ><div id=\"panel-32-1-0-0\" class=\"so-panel widget widget_sow-image panel-first-child panel-last-child\" data-index=\"1\" ><div\n\t\t\t\n\t\t\tclass=\"so-widget-sow-image so-widget-sow-image-default-8b5b6f678277-32\"\n\t\t\t\n\t\t>\n<div class=\"sow-image-container\">\n\t\t<img \n\tsrc=\"https:\/\/www.ass-denkendorf.de\/wp-content\/uploads\/2018\/03\/GS_Flyer_Innenseite-1.jpeg\" width=\"677\" height=\"1280\" srcset=\"https:\/\/www.ass-denkendorf.de\/wp-content\/uploads\/2018\/03\/GS_Flyer_Innenseite-1.jpeg 677w, https:\/\/www.ass-denkendorf.de\/wp-content\/uploads\/2018\/03\/GS_Flyer_Innenseite-1-159x300.jpeg 159w, https:\/\/www.ass-denkendorf.de\/wp-content\/uploads\/2018\/03\/GS_Flyer_Innenseite-1-542x1024.jpeg 542w\" sizes=\"(max-width: 677px) 100vw, 677px\" title=\"GS_Flyer_Innenseite 1\" alt=\"\" \t\tclass=\"so-widget-image\"\/>\n\t<\/div>\n\n<\/div><\/div><\/div><\/div><div id=\"pg-32-2\"  class=\"panel-grid panel-no-style\" ><div id=\"pgc-32-2-0\"  class=\"panel-grid-cell\" ><div id=\"panel-32-2-0-0\" class=\"so-panel widget widget_sow-image panel-first-child panel-last-child\" data-index=\"2\" ><div\n\t\t\t\n\t\t\tclass=\"so-widget-sow-image so-widget-sow-image-default-8b5b6f678277-32\"\n\t\t\t\n\t\t>\n<div class=\"sow-image-container\">\n\t\t<img \n\tsrc=\"https:\/\/www.ass-denkendorf.de\/wp-content\/uploads\/2018\/03\/GS_Flyer_Innenseite-2.jpeg\" width=\"677\" height=\"1280\" srcset=\"https:\/\/www.ass-denkendorf.de\/wp-content\/uploads\/2018\/03\/GS_Flyer_Innenseite-2.jpeg 677w, https:\/\/www.ass-denkendorf.de\/wp-content\/uploads\/2018\/03\/GS_Flyer_Innenseite-2-159x300.jpeg 159w, https:\/\/www.ass-denkendorf.de\/wp-content\/uploads\/2018\/03\/GS_Flyer_Innenseite-2-542x1024.jpeg 542w\" sizes=\"(max-width: 677px) 100vw, 677px\" title=\"GS_Flyer_Innenseite 2\" alt=\"\" \t\tclass=\"so-widget-image\"\/>\n\t<\/div>\n\n<\/div><\/div><\/div><\/div><div id=\"pg-32-3\"  class=\"panel-grid panel-no-style\" ><div id=\"pgc-32-3-0\"  class=\"panel-grid-cell\" ><div id=\"panel-32-3-0-0\" class=\"so-panel widget widget_sow-editor panel-first-child panel-last-child\" data-index=\"3\" ><div\n\t\t\t\n\t\t\tclass=\"so-widget-sow-editor so-widget-sow-editor-base\"\n\t\t\t\n\t\t>\n<div class=\"siteorigin-widget-tinymce textwidget\">\n\t<p style=\"text-align: justify;\"><strong>Infos:<\/strong>\nWir wollen jedem Kind ein bestm\u00f6gliches Bildungsangebot bieten, das seinen M\u00f6glichkeiten und Anlagen entspricht.\nAuf ein positives Schulklima und eine anregende Lernatmosph\u00e4re legen wir gro\u00dfen Wert.\nWir sind eine recht kleine Grundschule und dadurch besteht ein guter Zusammenhalt in den Klassen wie auch im Kollegium.\nWir sind an eine Realschule angeschlossenen.<\/p>\n<p style=\"text-align: justify;\"><strong>Laufende Aktionen in der GS:<\/strong><\/p>\n<p style=\"text-align: justify;\">Schulfruchtprogramm: w\u00f6chentlich frisches Obst und\/oder Gem\u00fcse; wird gesponsert von der EU und dem F\u00f6rderverein; soll die Entwicklung eines gesundheitsf\u00f6rderlichen Ern\u00e4hrungsverhaltens unterst\u00fctzen<\/p>\n<p style=\"text-align: justify;\">Klasse 2000: gesponsert vom Lion\u2019s Club; es ist das in Deutschland am weitesten verbreitete Unterrichtsprogramm zur Gesundheitsf\u00f6rderung, Sucht- und Gewaltvorbeugung in der Grundschule<\/p>\n<p style=\"text-align: justify;\">\u201eIch sage halt\u201c: Projekt der Polizei, das in Klasse 2 durchgef\u00fchrt wird; dient zum Schutz vor sexuell motivierter Gewalt gegen\u00fcber Kindern<\/p>\n<p style=\"text-align: justify;\">Motto des Monats: regelm\u00e4\u00dfig gibt es an der ASS Mottos, die f\u00fcr ein paar Wochen in den Fokus gestellt werden; z.B.: Wir tun uns nicht weh, wir helfen uns gegenseitig, wir sind h\u00f6flich und fair zueinander\u2026<\/p>\n<p style=\"text-align: justify;\">Einzelne Projekte: dieses Schuljahr gab es z.B. die Aktion Weihnachtsbasteln, die jahrgangsstufen\u00fcbergreifend durchgef\u00fchrt wurde und vielf\u00e4ltige Angebote erm\u00f6glichte<\/p>\n<p style=\"text-align: justify;\">Teilnahme an au\u00dferschulischen Aktionen und Kooperation mit externen Partnern: z.B Lesewettbewerb, Kunstwettbewerb der B\u00fccherei, Zeitung in der Schule, Markungsputzete, Handballaktionstag \u2026<\/p><\/div>\n<\/div><\/div><\/div><\/div><\/div>","protected":false},"excerpt":{"rendered":"<p>Infos: Wir wollen jedem Kind ein bestm\u00f6gliches Bildungsangebot bieten, das seinen M\u00f6glichkeiten und Anlagen entspricht. Auf ein positives Schulklima und eine anregende Lernatmosph\u00e4re legen wir gro\u00dfen Wert. Wir sind eine recht kleine Grundschule und dadurch besteht ein guter Zusammenhalt in den Klassen wie auch im Kollegium. Wir sind an eine Realschule angeschlossenen. Laufende Aktionen in &hellip; <a href=\"https:\/\/www.ass-denkendorf.de\/?page_id=32\" class=\"more-link\"><span class=\"screen-reader-text\">Grundschule<\/span> weiterlesen <span class=\"meta-nav\">&rarr;<\/span><\/a><\/p>\n","protected":false},"author":1,"featured_media":0,"parent":0,"menu_order":0,"comment_status":"closed","ping_status":"closed","template":"","meta":{"_mc_calendar":[],"footnotes":""},"class_list":["post-32","page","type-page","status-publish","hentry"],"_links":{"self":[{"href":"https:\/\/www.ass-denkendorf.de\/index.php?rest_route=\/wp\/v2\/pages\/32"}],"collection":[{"href":"https:\/\/www.ass-denkendorf.de\/index.php?rest_route=\/wp\/v2\/pages"}],"about":[{"href":"https:\/\/www.ass-denkendorf.de\/index.php?rest_route=\/wp\/v2\/types\/page"}],"author":[{"embeddable":true,"href":"https:\/\/www.ass-denkendorf.de\/index.php?rest_route=\/wp\/v2\/users\/1"}],"replies":[{"embeddable":true,"href":"https:\/\/www.ass-denkendorf.de\/index.php?rest_route=%2Fwp%2Fv2%2Fcomments&post=32"}],"version-history":[{"count":18,"href":"https:\/\/www.ass-denkendorf.de\/index.php?rest_route=\/wp\/v2\/pages\/32\/revisions"}],"predecessor-version":[{"id":3899,"href":"https:\/\/www.ass-denkendorf.de\/index.php?rest_route=\/wp\/v2\/pages\/32\/revisions\/3899"}],"wp:attachment":[{"href":"https:\/\/www.ass-denkendorf.de\/index.php?rest_route=%2Fwp%2Fv2%2Fmedia&parent=32"}],"curies":[{"name":"wp","href":"https:\/\/api.w.org\/{rel}","templated":true}]}}