{"id":252,"date":"2016-03-17T17:18:22","date_gmt":"2016-03-17T16:18:22","guid":{"rendered":"http:\/\/neu.ass-denkendorf.de\/?page_id=252"},"modified":"2023-06-19T17:12:13","modified_gmt":"2023-06-19T15:12:13","slug":"smv","status":"publish","type":"page","link":"https:\/\/www.ass-denkendorf.de\/?page_id=252","title":{"rendered":"SMV"},"content":{"rendered":"<div id=\"pl-252\"  class=\"panel-layout\" ><div id=\"pg-252-0\"  class=\"panel-grid panel-no-style\" ><div id=\"pgc-252-0-0\"  class=\"panel-grid-cell\" ><div id=\"panel-252-0-0-0\" class=\"so-panel widget widget_sow-editor panel-first-child panel-last-child\" data-index=\"0\" ><div\n\t\t\t\n\t\t\tclass=\"so-widget-sow-editor so-widget-sow-editor-base\"\n\t\t\t\n\t\t>\n<div class=\"siteorigin-widget-tinymce textwidget\">\n\t<p style=\"text-align: justify;\">Das Schulleben mitgestalten, uns und anderen Gutes tun. So l\u00e4sst sich zusammenfassen, was wir von der SMV machen. Die SMV, das sind die Klassensprecherinnen und Klassensprecher der Klassen 3 \u2013 10 der ASS und einzelne interessierte und engagierte Sch\u00fclerinnen und Sch\u00fcler.<\/p>\n<p style=\"text-align: justify;\">Wir planen Aktionen, die allen Sch\u00fclerinnen und Sch\u00fclern zu Gute kommen und Freude bereiten, wie z.B. einen Adventskalender f\u00fcr alle Klassen, eine Mottowoche, Sportveranstaltungen, \u2026 . Immer im Advent packen wir P\u00e4ckchen, die Menschen in Osteuropa Weihnachtsfreude schenken.<\/p>\n<p style=\"text-align: justify;\">In unseren Sitzungen sprechen wir \u00fcber die Anliegen der Klassen, tauschen unsere Meinungen aus und f\u00fchren Wahlen durch. Au\u00dferdem verwalten wir auch die Schlie\u00dff\u00e4cher der Sch\u00fclerinnen und Sch\u00fcler.\n<\/p>\n<p style=\"text-align: justify;\">\n<\/div>\n<\/div><\/div><\/div><\/div><div id=\"pg-252-1\"  class=\"panel-grid panel-no-style\" ><div id=\"pgc-252-1-0\"  class=\"panel-grid-cell\" ><div id=\"panel-252-1-0-0\" class=\"so-panel widget widget_sow-image panel-first-child panel-last-child\" data-index=\"1\" ><div\n\t\t\t\n\t\t\tclass=\"so-widget-sow-image so-widget-sow-image-default-8b5b6f678277-252\"\n\t\t\t\n\t\t>\n<div class=\"sow-image-container\">\n\t\t<img \n\tsrc=\"https:\/\/www.ass-denkendorf.de\/wp-content\/uploads\/2023\/06\/SMV-3.jpg\" width=\"512\" height=\"384\" srcset=\"https:\/\/www.ass-denkendorf.de\/wp-content\/uploads\/2023\/06\/SMV-3.jpg 512w, https:\/\/www.ass-denkendorf.de\/wp-content\/uploads\/2023\/06\/SMV-3-300x225.jpg 300w\" sizes=\"(max-width: 512px) 100vw, 512px\" title=\"SMV 3\" alt=\"\" \t\tclass=\"so-widget-image\"\/>\n\t<\/div>\n\n<\/div><\/div><\/div><div id=\"pgc-252-1-1\"  class=\"panel-grid-cell\" ><div id=\"panel-252-1-1-0\" class=\"so-panel widget widget_sow-image panel-first-child panel-last-child\" data-index=\"2\" ><div\n\t\t\t\n\t\t\tclass=\"so-widget-sow-image so-widget-sow-image-default-8b5b6f678277-252\"\n\t\t\t\n\t\t>\n<div class=\"sow-image-container\">\n\t\t<img \n\tsrc=\"https:\/\/www.ass-denkendorf.de\/wp-content\/uploads\/2023\/06\/SMV-2.jpg\" width=\"512\" height=\"384\" srcset=\"https:\/\/www.ass-denkendorf.de\/wp-content\/uploads\/2023\/06\/SMV-2.jpg 512w, https:\/\/www.ass-denkendorf.de\/wp-content\/uploads\/2023\/06\/SMV-2-300x225.jpg 300w\" sizes=\"(max-width: 512px) 100vw, 512px\" title=\"SMV 2\" alt=\"\" \t\tclass=\"so-widget-image\"\/>\n\t<\/div>\n\n<\/div><\/div><\/div><\/div><div id=\"pg-252-2\"  class=\"panel-grid panel-no-style\" ><div id=\"pgc-252-2-0\"  class=\"panel-grid-cell\" ><div id=\"panel-252-2-0-0\" class=\"so-panel widget widget_sow-image panel-first-child panel-last-child\" data-index=\"3\" ><div\n\t\t\t\n\t\t\tclass=\"so-widget-sow-image so-widget-sow-image-default-8b5b6f678277-252\"\n\t\t\t\n\t\t>\n<div class=\"sow-image-container\">\n\t\t<img \n\tsrc=\"https:\/\/www.ass-denkendorf.de\/wp-content\/uploads\/2023\/06\/SMV-5.jpg\" width=\"512\" height=\"384\" srcset=\"https:\/\/www.ass-denkendorf.de\/wp-content\/uploads\/2023\/06\/SMV-5.jpg 512w, https:\/\/www.ass-denkendorf.de\/wp-content\/uploads\/2023\/06\/SMV-5-300x225.jpg 300w\" sizes=\"(max-width: 512px) 100vw, 512px\" title=\"SMV 5\" alt=\"\" \t\tclass=\"so-widget-image\"\/>\n\t<\/div>\n\n<\/div><\/div><\/div><\/div><div id=\"pg-252-3\"  class=\"panel-grid panel-no-style\" ><div id=\"pgc-252-3-0\"  class=\"panel-grid-cell\" ><div id=\"panel-252-3-0-0\" class=\"so-panel widget widget_sow-image panel-first-child panel-last-child\" data-index=\"4\" ><div\n\t\t\t\n\t\t\tclass=\"so-widget-sow-image so-widget-sow-image-default-8b5b6f678277-252\"\n\t\t\t\n\t\t>\n<div class=\"sow-image-container\">\n\t\t<img \n\tsrc=\"https:\/\/www.ass-denkendorf.de\/wp-content\/uploads\/2023\/06\/SMV-1.jpg\" width=\"384\" height=\"512\" srcset=\"https:\/\/www.ass-denkendorf.de\/wp-content\/uploads\/2023\/06\/SMV-1.jpg 384w, https:\/\/www.ass-denkendorf.de\/wp-content\/uploads\/2023\/06\/SMV-1-225x300.jpg 225w\" sizes=\"(max-width: 384px) 100vw, 384px\" title=\"SMV 1\" alt=\"\" \t\tclass=\"so-widget-image\"\/>\n\t<\/div>\n\n<\/div><\/div><\/div><div id=\"pgc-252-3-1\"  class=\"panel-grid-cell\" ><div id=\"panel-252-3-1-0\" class=\"so-panel widget widget_sow-image panel-first-child panel-last-child\" data-index=\"5\" ><div\n\t\t\t\n\t\t\tclass=\"so-widget-sow-image so-widget-sow-image-default-8b5b6f678277-252\"\n\t\t\t\n\t\t>\n<div class=\"sow-image-container\">\n\t\t<img \n\tsrc=\"https:\/\/www.ass-denkendorf.de\/wp-content\/uploads\/2023\/06\/SMV-4.jpg\" width=\"384\" height=\"512\" srcset=\"https:\/\/www.ass-denkendorf.de\/wp-content\/uploads\/2023\/06\/SMV-4.jpg 384w, https:\/\/www.ass-denkendorf.de\/wp-content\/uploads\/2023\/06\/SMV-4-225x300.jpg 225w\" sizes=\"(max-width: 384px) 100vw, 384px\" title=\"SMV 4\" alt=\"\" \t\tclass=\"so-widget-image\"\/>\n\t<\/div>\n\n<\/div><\/div><\/div><\/div><\/div>","protected":false},"excerpt":{"rendered":"<p>Das Schulleben mitgestalten, uns und anderen Gutes tun. So l\u00e4sst sich zusammenfassen, was wir von der SMV machen. Die SMV, das sind die Klassensprecherinnen und Klassensprecher der Klassen 3 \u2013 10 der ASS und einzelne interessierte und engagierte Sch\u00fclerinnen und Sch\u00fcler. Wir planen Aktionen, die allen Sch\u00fclerinnen und Sch\u00fclern zu Gute kommen und Freude bereiten, &hellip; <a href=\"https:\/\/www.ass-denkendorf.de\/?page_id=252\" class=\"more-link\"><span class=\"screen-reader-text\">SMV<\/span> weiterlesen <span class=\"meta-nav\">&rarr;<\/span><\/a><\/p>\n","protected":false},"author":1,"featured_media":0,"parent":41,"menu_order":0,"comment_status":"closed","ping_status":"closed","template":"","meta":{"_mc_calendar":[],"footnotes":""},"class_list":["post-252","page","type-page","status-publish","hentry"],"_links":{"self":[{"href":"https:\/\/www.ass-denkendorf.de\/index.php?rest_route=\/wp\/v2\/pages\/252"}],"collection":[{"href":"https:\/\/www.ass-denkendorf.de\/index.php?rest_route=\/wp\/v2\/pages"}],"about":[{"href":"https:\/\/www.ass-denkendorf.de\/index.php?rest_route=\/wp\/v2\/types\/page"}],"author":[{"embeddable":true,"href":"https:\/\/www.ass-denkendorf.de\/index.php?rest_route=\/wp\/v2\/users\/1"}],"replies":[{"embeddable":true,"href":"https:\/\/www.ass-denkendorf.de\/index.php?rest_route=%2Fwp%2Fv2%2Fcomments&post=252"}],"version-history":[{"count":13,"href":"https:\/\/www.ass-denkendorf.de\/index.php?rest_route=\/wp\/v2\/pages\/252\/revisions"}],"predecessor-version":[{"id":10753,"href":"https:\/\/www.ass-denkendorf.de\/index.php?rest_route=\/wp\/v2\/pages\/252\/revisions\/10753"}],"up":[{"embeddable":true,"href":"https:\/\/www.ass-denkendorf.de\/index.php?rest_route=\/wp\/v2\/pages\/41"}],"wp:attachment":[{"href":"https:\/\/www.ass-denkendorf.de\/index.php?rest_route=%2Fwp%2Fv2%2Fmedia&parent=252"}],"curies":[{"name":"wp","href":"https:\/\/api.w.org\/{rel}","templated":true}]}}