{"id":136,"date":"2016-02-08T23:18:58","date_gmt":"2016-02-08T22:18:58","guid":{"rendered":"http:\/\/neu.ass-denkendorf.de\/?page_id=136"},"modified":"2025-10-02T13:05:40","modified_gmt":"2025-10-02T11:05:40","slug":"neues-daf","status":"publish","type":"page","link":"https:\/\/www.ass-denkendorf.de\/?page_id=136","title":{"rendered":"Aktuelles Internationale Klasse"},"content":{"rendered":"<div id=\"pl-gb136-69fb34de2a620\"  class=\"panel-layout\" ><div id=\"pg-gb136-69fb34de2a620-0\"  class=\"panel-grid panel-no-style\" ><div id=\"pgc-gb136-69fb34de2a620-0-0\"  class=\"panel-grid-cell\" ><div id=\"panel-gb136-69fb34de2a620-0-0-0\" class=\"so-panel widget widget_sow-editor panel-first-child panel-last-child\" data-index=\"0\" ><div\n\t\t\t\n\t\t\tclass=\"so-widget-sow-editor so-widget-sow-editor-base\"\n\t\t\t\n\t\t>\n<div class=\"siteorigin-widget-tinymce textwidget\">\n\t<p><strong>Schuljahr 2025\/2026<\/strong><\/p>\n<\/div>\n<\/div><\/div><\/div><\/div><div id=\"pg-gb136-69fb34de2a620-1\"  class=\"panel-grid panel-no-style\" ><div id=\"pgc-gb136-69fb34de2a620-1-0\"  class=\"panel-grid-cell\" ><div id=\"panel-gb136-69fb34de2a620-1-0-0\" class=\"so-panel widget widget_sow-editor panel-first-child panel-last-child\" data-index=\"1\" ><div\n\t\t\t\n\t\t\tclass=\"so-widget-sow-editor so-widget-sow-editor-base\"\n\t\t\t\n\t\t>\n<div class=\"siteorigin-widget-tinymce textwidget\">\n\t<p><strong>Schuljahr 2024\/2025<\/strong><\/p>\n<\/div>\n<\/div><\/div><\/div><\/div><div id=\"pg-gb136-69fb34de2a620-2\"  class=\"panel-grid panel-no-style\" ><div id=\"pgc-gb136-69fb34de2a620-2-0\"  class=\"panel-grid-cell\" ><div id=\"panel-gb136-69fb34de2a620-2-0-0\" class=\"so-panel widget widget_sow-image panel-first-child panel-last-child\" data-index=\"2\" ><div\n\t\t\t\n\t\t\tclass=\"so-widget-sow-image so-widget-sow-image-default-8b5b6f678277-136\"\n\t\t\t\n\t\t>\n<div class=\"sow-image-container\">\n\t\t<img \n\tsrc=\"https:\/\/www.ass-denkendorf.de\/wp-content\/uploads\/2025\/07\/Elternbrief_letzter-und-erster-Schultag-Mag.jpg\" width=\"614\" height=\"885\" srcset=\"https:\/\/www.ass-denkendorf.de\/wp-content\/uploads\/2025\/07\/Elternbrief_letzter-und-erster-Schultag-Mag.jpg 614w, https:\/\/www.ass-denkendorf.de\/wp-content\/uploads\/2025\/07\/Elternbrief_letzter-und-erster-Schultag-Mag-208x300.jpg 208w\" sizes=\"(max-width: 614px) 100vw, 614px\" title=\"Elternbrief_letzter und erster Schultag &#8211; Mag\" alt=\"\" \t\tclass=\"so-widget-image\"\/>\n\t<\/div>\n\n<\/div><\/div><\/div><\/div><div id=\"pg-gb136-69fb34de2a620-3\"  class=\"panel-grid panel-no-style\" ><div id=\"pgc-gb136-69fb34de2a620-3-0\"  class=\"panel-grid-cell\" ><div id=\"panel-gb136-69fb34de2a620-3-0-0\" class=\"so-panel widget widget_sow-editor panel-first-child panel-last-child\" data-index=\"3\" ><div\n\t\t\t\n\t\t\tclass=\"so-widget-sow-editor so-widget-sow-editor-base\"\n\t\t\t\n\t\t>\n<div class=\"siteorigin-widget-tinymce textwidget\">\n\t<p><strong>Sportunterricht f\u00fcr unsere VKL\u2019er in Kooperation mit dem TSV Denkendorf<\/strong><\/p>\n<p style=\"text-align: justify;\">\u201eIch liebe den Sportunterricht, weil er Spa\u00df macht, sehr interessant ist, ich mit meinen Klassenkameraden laufe und Spa\u00df habe\u201c, sagt Rada, Sch\u00fclerin der Vorbereitungsklasse (VKL) an der Albert-Schweitzer-Schule. Und nicht nur sie, auch viele ihrer Klassenkameraden\/innen bekommen leuchtende Augen, wenn sie \u00fcber ihren Sportunterricht sprechen. Denn selbstverst\u00e4ndlich ist es nicht, dass sich die Sch\u00fclerinnen und Sch\u00fcler der VKL einmal in der Woche in der Sporthalle statt im Klassenzimmer treffen. Bis vor kurzem stand der Sportunterricht n\u00e4mlich nicht auf ihrem<br \/>\nStundenplan, bis auf Initiative ihrer Lehrerin, Frau Vlachonasiou, und unserer Schulleiterin, Frau Marggraf, eine Kooperation mit dem TSV Denkendorf angeregt wurde. Und so treffen sich die Sch\u00fclerinnen und Sch\u00fcler seit diesem Jahr dienstagsmorgens immer f\u00fcr eine Doppelstunde mit ihrem Trainer Marc-Anthony Hermle. Und diesen sch\u00e4tzen die Kinder sehr. \u201eUnser Sportlehrer sorgt daf\u00fcr, dass jede Stunde voller Spa\u00df und Energie ist! Er hat immer kreative Ideen f\u00fcr Spiele und \u00dcbungen, die uns aktiv und fr\u00f6hlich halten!\u201c, schreibt Ajna.<\/p>\n<p style=\"text-align: justify;\">F\u00fcr die aktive Teilnahme erhielten die begeisterten Sportlerinnen und Sportler am Schuljahresende eine Urkunde. Wir bedanken uns bei Marc-Anthony Hermle f\u00fcr die Gestaltung der tollen Sportstunden und beim TSV Denkendorf mit gro\u00dfz\u00fcgiger Unterst\u00fctzung der Wolfgang D\u00fcrr Stiftung f\u00fcr die M\u00f6glichkeit einer Zusammenarbeit mit unserer Schule!<\/p>\n<\/div>\n<\/div><\/div><\/div><\/div><div id=\"pg-gb136-69fb34de2a620-4\"  class=\"panel-grid panel-no-style\" ><div id=\"pgc-gb136-69fb34de2a620-4-0\"  class=\"panel-grid-cell\" ><div id=\"panel-gb136-69fb34de2a620-4-0-0\" class=\"so-panel widget widget_sow-image panel-first-child panel-last-child\" data-index=\"4\" ><div\n\t\t\t\n\t\t\tclass=\"so-widget-sow-image so-widget-sow-image-default-8b5b6f678277-136\"\n\t\t\t\n\t\t>\n<div class=\"sow-image-container\">\n\t\t<img \n\tsrc=\"https:\/\/www.ass-denkendorf.de\/wp-content\/uploads\/2024\/11\/IMG_5454.jpg\" width=\"640\" height=\"288\" srcset=\"https:\/\/www.ass-denkendorf.de\/wp-content\/uploads\/2024\/11\/IMG_5454.jpg 640w, https:\/\/www.ass-denkendorf.de\/wp-content\/uploads\/2024\/11\/IMG_5454-300x135.jpg 300w\" sizes=\"(max-width: 640px) 100vw, 640px\" alt=\"\" \t\tclass=\"so-widget-image\"\/>\n\t<\/div>\n\n<\/div><\/div><\/div><\/div><\/div>","protected":false},"excerpt":{"rendered":"<p>Schuljahr 2025\/2026 Schuljahr 2024\/2025<\/p>\n","protected":false},"author":1,"featured_media":0,"parent":51,"menu_order":0,"comment_status":"closed","ping_status":"closed","template":"","meta":{"_mc_calendar":[],"footnotes":""},"class_list":["post-136","page","type-page","status-publish","hentry"],"_links":{"self":[{"href":"https:\/\/www.ass-denkendorf.de\/index.php?rest_route=\/wp\/v2\/pages\/136"}],"collection":[{"href":"https:\/\/www.ass-denkendorf.de\/index.php?rest_route=\/wp\/v2\/pages"}],"about":[{"href":"https:\/\/www.ass-denkendorf.de\/index.php?rest_route=\/wp\/v2\/types\/page"}],"author":[{"embeddable":true,"href":"https:\/\/www.ass-denkendorf.de\/index.php?rest_route=\/wp\/v2\/users\/1"}],"replies":[{"embeddable":true,"href":"https:\/\/www.ass-denkendorf.de\/index.php?rest_route=%2Fwp%2Fv2%2Fcomments&post=136"}],"version-history":[{"count":75,"href":"https:\/\/www.ass-denkendorf.de\/index.php?rest_route=\/wp\/v2\/pages\/136\/revisions"}],"predecessor-version":[{"id":11915,"href":"https:\/\/www.ass-denkendorf.de\/index.php?rest_route=\/wp\/v2\/pages\/136\/revisions\/11915"}],"up":[{"embeddable":true,"href":"https:\/\/www.ass-denkendorf.de\/index.php?rest_route=\/wp\/v2\/pages\/51"}],"wp:attachment":[{"href":"https:\/\/www.ass-denkendorf.de\/index.php?rest_route=%2Fwp%2Fv2%2Fmedia&parent=136"}],"curies":[{"name":"wp","href":"https:\/\/api.w.org\/{rel}","templated":true}]}}