{"id":11932,"date":"2025-10-09T13:15:09","date_gmt":"2025-10-09T11:15:09","guid":{"rendered":"https:\/\/www.ass-denkendorf.de\/?page_id=11932"},"modified":"2025-10-23T13:11:26","modified_gmt":"2025-10-23T11:11:26","slug":"archiv-ass-24-25","status":"publish","type":"page","link":"https:\/\/www.ass-denkendorf.de\/?page_id=11932","title":{"rendered":"Archiv ASS 24\/25"},"content":{"rendered":"<div id=\"pl-gb11932-69de7c949a735\"  class=\"panel-layout\" ><div id=\"pg-gb11932-69de7c949a735-0\"  class=\"panel-grid panel-no-style\" ><div id=\"pgc-gb11932-69de7c949a735-0-0\"  class=\"panel-grid-cell\" ><div id=\"panel-gb11932-69de7c949a735-0-0-0\" class=\"so-panel widget widget_sow-editor panel-first-child panel-last-child\" data-index=\"0\" ><div\n\t\t\t\n\t\t\tclass=\"so-widget-sow-editor so-widget-sow-editor-base\"\n\t\t\t\n\t\t>\n<div class=\"siteorigin-widget-tinymce textwidget\">\n\t<p><strong>Schuljahr 2024\/2025<\/strong><\/p>\n<\/div>\n<\/div><\/div><\/div><\/div><div id=\"pg-gb11932-69de7c949a735-1\"  class=\"panel-grid panel-no-style\" ><div id=\"pgc-gb11932-69de7c949a735-1-0\"  class=\"panel-grid-cell\" ><div id=\"panel-gb11932-69de7c949a735-1-0-0\" class=\"so-panel widget widget_sow-image panel-first-child panel-last-child\" data-index=\"1\" ><div\n\t\t\t\n\t\t\tclass=\"so-widget-sow-image so-widget-sow-image-default-8b5b6f678277-11932\"\n\t\t\t\n\t\t>\n<div class=\"sow-image-container\">\n\t\t<img \n\tsrc=\"https:\/\/www.ass-denkendorf.de\/wp-content\/uploads\/2025\/07\/Elternbrief_letzter-und-erster-Schultag-Mag.jpg\" width=\"614\" height=\"885\" srcset=\"https:\/\/www.ass-denkendorf.de\/wp-content\/uploads\/2025\/07\/Elternbrief_letzter-und-erster-Schultag-Mag.jpg 614w, https:\/\/www.ass-denkendorf.de\/wp-content\/uploads\/2025\/07\/Elternbrief_letzter-und-erster-Schultag-Mag-208x300.jpg 208w\" sizes=\"(max-width: 614px) 100vw, 614px\" title=\"Elternbrief_letzter und erster Schultag &#8211; Mag\" alt=\"\" \t\tclass=\"so-widget-image\"\/>\n\t<\/div>\n\n<\/div><\/div><\/div><\/div><div id=\"pg-gb11932-69de7c949a735-2\"  class=\"panel-grid panel-no-style\" ><div id=\"pgc-gb11932-69de7c949a735-2-0\"  class=\"panel-grid-cell\" ><div id=\"panel-gb11932-69de7c949a735-2-0-0\" class=\"so-panel widget widget_sow-editor panel-first-child panel-last-child\" data-index=\"2\" ><div\n\t\t\t\n\t\t\tclass=\"so-widget-sow-editor so-widget-sow-editor-base\"\n\t\t\t\n\t\t>\n<div class=\"siteorigin-widget-tinymce textwidget\">\n\t<p><strong>Schulwegepl\u00e4ne f\u00fcr die Grund- und Realschule<\/strong><\/p>\n<p>Schulwegeplan f\u00fcr Fu\u00dfg\u00e4nger <a href=\"https:\/\/www.ass-denkendorf.de\/wp-content\/uploads\/2025\/03\/Schulwegplan-mit-Bus-ab-2013-als-PDF.pdf\" target=\"_blank\" rel=\"noopener\">bitte hier klicken<\/a><\/p>\n<p>Schulwegeplan f\u00fcr Fahrradfahrer <a href=\"https:\/\/www.ass-denkendorf.de\/wp-content\/uploads\/2025\/03\/Schulradwegplan.pdf\" target=\"_blank\" rel=\"noopener\">bitte hier klicken<\/a><\/p>\n<\/div>\n<\/div><\/div><\/div><\/div><div id=\"pg-gb11932-69de7c949a735-3\"  class=\"panel-grid panel-no-style\" ><div id=\"pgc-gb11932-69de7c949a735-3-0\"  class=\"panel-grid-cell\" ><div id=\"panel-gb11932-69de7c949a735-3-0-0\" class=\"so-panel widget widget_sow-editor panel-first-child panel-last-child\" data-index=\"3\" ><div\n\t\t\t\n\t\t\tclass=\"so-widget-sow-editor so-widget-sow-editor-base\"\n\t\t\t\n\t\t>\n<div class=\"siteorigin-widget-tinymce textwidget\">\n\t<p><strong>Hocketse zum 20-j\u00e4hrigen Jubil\u00e4um unseres F\u00f6rdervereins<\/strong><\/p>\n<\/div>\n<\/div><\/div><\/div><\/div><div id=\"pg-gb11932-69de7c949a735-4\"  class=\"panel-grid panel-no-style\" ><div id=\"pgc-gb11932-69de7c949a735-4-0\"  class=\"panel-grid-cell\" ><div id=\"panel-gb11932-69de7c949a735-4-0-0\" class=\"so-panel widget widget_sow-image panel-first-child panel-last-child\" data-index=\"4\" ><div\n\t\t\t\n\t\t\tclass=\"so-widget-sow-image so-widget-sow-image-default-8b5b6f678277-11932\"\n\t\t\t\n\t\t>\n<div class=\"sow-image-container\">\n\t\t<img \n\tsrc=\"https:\/\/www.ass-denkendorf.de\/wp-content\/uploads\/2024\/09\/Hockeste-Ansicht-oben.jpg\" width=\"852\" height=\"1136\" srcset=\"https:\/\/www.ass-denkendorf.de\/wp-content\/uploads\/2024\/09\/Hockeste-Ansicht-oben.jpg 852w, https:\/\/www.ass-denkendorf.de\/wp-content\/uploads\/2024\/09\/Hockeste-Ansicht-oben-225x300.jpg 225w, https:\/\/www.ass-denkendorf.de\/wp-content\/uploads\/2024\/09\/Hockeste-Ansicht-oben-768x1024.jpg 768w\" sizes=\"(max-width: 852px) 100vw, 852px\" title=\"Hockeste Ansicht oben\" alt=\"\" \t\tclass=\"so-widget-image\"\/>\n\t<\/div>\n\n<\/div><\/div><\/div><\/div><div id=\"pg-gb11932-69de7c949a735-5\"  class=\"panel-grid panel-no-style\" ><div id=\"pgc-gb11932-69de7c949a735-5-0\"  class=\"panel-grid-cell\" ><div id=\"panel-gb11932-69de7c949a735-5-0-0\" class=\"so-panel widget widget_sow-editor panel-first-child panel-last-child\" data-index=\"5\" ><div\n\t\t\t\n\t\t\tclass=\"so-widget-sow-editor so-widget-sow-editor-base\"\n\t\t\t\n\t\t>\n<div class=\"siteorigin-widget-tinymce textwidget\">\n\t<p style=\"text-align: justify;\">Am Freitag, 20. September 2024 gab es an der Albert-Schweitzer-Schule etwas zu feiern \u2013 20 Jahre FASS! Im Jahr 2004 wurde unser F\u00f6rderverein \u201eFASS\u201c gegr\u00fcndet und seitdem unterst\u00fctzen viele engagierte Menschen aus der Elternschaft, der Schulleitung, dem Lehrerkollegium und weitere Personen unsere Schule. Dank Ihnen k\u00f6nnen wir viele tolle Projekte verwirklichen und den Sch\u00fclerinnen und Sch\u00fclern einen abwechslungsreichen Schulalltag bieten.<\/p>\n<p>Die Jubil\u00e4umshocketse wurde um 16.00 Uhr von unserer Schulleiterin Frau Marggraf feierlich er\u00f6ffnet. Anschlie\u00dfend gab es Gru\u00df- und Dankesworte von Denkendorfs B\u00fcrgermeister Herrn Barth und der Vorsitzenden des F\u00f6rdervereins, Frau Schweizer. Die Sch\u00fclerinnen und Sch\u00fcler hatten ebenfalls kleine Beitr\u00e4ge zur Er\u00f6ffnung vorbereitet. Der Chor und die Klasse 9a stimmten mit Liedern und einem Sockenpuppentheater als Dankesch\u00f6n f\u00fcr den FASS auf die Feierlichkeiten ein.<\/p>\n<p>Auf dem gesamten Schulgel\u00e4nde gab es bis in den sp\u00e4ten Abend viel zu sehen und zu erleben. Zwei Foodtrucks waren dabei f\u00fcr das leibliche Wohl zust\u00e4ndig. Die Kinder und Jugendlichen freuten sich besonders \u00fcber Stockbrot, Cr\u00eapes, Slush und tolle Mitmachaktionen, wie eine Fotobox, eine H\u00fcpfburg, eine Spielstra\u00dfe, einen Zauberer oder ein Kino.<\/p>\n<p>Vielen Dank an alle helfenden H\u00e4nde, die dazu beigetragen haben, dass die gesamte Schulgemeinschaft ein sch\u00f6nes und feierliches Miteinander erleben konnte!<\/p>\n<\/div>\n<\/div><\/div><\/div><\/div><div id=\"pg-gb11932-69de7c949a735-6\"  class=\"panel-grid panel-no-style\" ><div id=\"pgc-gb11932-69de7c949a735-6-0\"  class=\"panel-grid-cell\" ><div id=\"panel-gb11932-69de7c949a735-6-0-0\" class=\"so-panel widget widget_sow-image panel-first-child panel-last-child\" data-index=\"6\" ><div\n\t\t\t\n\t\t\tclass=\"so-widget-sow-image so-widget-sow-image-default-8b5b6f678277-11932\"\n\t\t\t\n\t\t>\n<div class=\"sow-image-container\">\n\t\t<img \n\tsrc=\"https:\/\/www.ass-denkendorf.de\/wp-content\/uploads\/2024\/09\/Hockeste-Girlande-Spielstrasse.jpg\" width=\"1136\" height=\"852\" srcset=\"https:\/\/www.ass-denkendorf.de\/wp-content\/uploads\/2024\/09\/Hockeste-Girlande-Spielstrasse.jpg 1136w, https:\/\/www.ass-denkendorf.de\/wp-content\/uploads\/2024\/09\/Hockeste-Girlande-Spielstrasse-300x225.jpg 300w, https:\/\/www.ass-denkendorf.de\/wp-content\/uploads\/2024\/09\/Hockeste-Girlande-Spielstrasse-1024x768.jpg 1024w, https:\/\/www.ass-denkendorf.de\/wp-content\/uploads\/2024\/09\/Hockeste-Girlande-Spielstrasse-768x576.jpg 768w\" sizes=\"(max-width: 1136px) 100vw, 1136px\" title=\"Hockeste Girlande Spielstra\u00dfe\" alt=\"\" \t\tclass=\"so-widget-image\"\/>\n\t<\/div>\n\n<\/div><\/div><\/div><\/div><div id=\"pg-gb11932-69de7c949a735-7\"  class=\"panel-grid panel-no-style\" ><div id=\"pgc-gb11932-69de7c949a735-7-0\"  class=\"panel-grid-cell\" ><div id=\"panel-gb11932-69de7c949a735-7-0-0\" class=\"so-panel widget widget_sow-image panel-first-child panel-last-child\" data-index=\"7\" ><div\n\t\t\t\n\t\t\tclass=\"so-widget-sow-image so-widget-sow-image-default-8b5b6f678277-11932\"\n\t\t\t\n\t\t>\n<div class=\"sow-image-container\">\n\t\t<img \n\tsrc=\"https:\/\/www.ass-denkendorf.de\/wp-content\/uploads\/2024\/09\/DSCN5731.jpg\" width=\"1136\" height=\"852\" srcset=\"https:\/\/www.ass-denkendorf.de\/wp-content\/uploads\/2024\/09\/DSCN5731.jpg 1136w, https:\/\/www.ass-denkendorf.de\/wp-content\/uploads\/2024\/09\/DSCN5731-300x225.jpg 300w, https:\/\/www.ass-denkendorf.de\/wp-content\/uploads\/2024\/09\/DSCN5731-1024x768.jpg 1024w, https:\/\/www.ass-denkendorf.de\/wp-content\/uploads\/2024\/09\/DSCN5731-768x576.jpg 768w\" sizes=\"(max-width: 1136px) 100vw, 1136px\" alt=\"\" \t\tclass=\"so-widget-image\"\/>\n\t<\/div>\n\n<\/div><\/div><\/div><\/div><\/div>","protected":false},"excerpt":{"rendered":"<p>Schuljahr 2024\/2025<\/p>\n","protected":false},"author":33,"featured_media":0,"parent":85,"menu_order":0,"comment_status":"closed","ping_status":"closed","template":"","meta":{"_mc_calendar":[],"footnotes":""},"class_list":["post-11932","page","type-page","status-publish","hentry"],"_links":{"self":[{"href":"https:\/\/www.ass-denkendorf.de\/index.php?rest_route=\/wp\/v2\/pages\/11932"}],"collection":[{"href":"https:\/\/www.ass-denkendorf.de\/index.php?rest_route=\/wp\/v2\/pages"}],"about":[{"href":"https:\/\/www.ass-denkendorf.de\/index.php?rest_route=\/wp\/v2\/types\/page"}],"author":[{"embeddable":true,"href":"https:\/\/www.ass-denkendorf.de\/index.php?rest_route=\/wp\/v2\/users\/33"}],"replies":[{"embeddable":true,"href":"https:\/\/www.ass-denkendorf.de\/index.php?rest_route=%2Fwp%2Fv2%2Fcomments&post=11932"}],"version-history":[{"count":4,"href":"https:\/\/www.ass-denkendorf.de\/index.php?rest_route=\/wp\/v2\/pages\/11932\/revisions"}],"predecessor-version":[{"id":12006,"href":"https:\/\/www.ass-denkendorf.de\/index.php?rest_route=\/wp\/v2\/pages\/11932\/revisions\/12006"}],"up":[{"embeddable":true,"href":"https:\/\/www.ass-denkendorf.de\/index.php?rest_route=\/wp\/v2\/pages\/85"}],"wp:attachment":[{"href":"https:\/\/www.ass-denkendorf.de\/index.php?rest_route=%2Fwp%2Fv2%2Fmedia&parent=11932"}],"curies":[{"name":"wp","href":"https:\/\/api.w.org\/{rel}","templated":true}]}}