{"id":11927,"date":"2025-10-09T13:14:56","date_gmt":"2025-10-09T11:14:56","guid":{"rendered":"https:\/\/www.ass-denkendorf.de\/?page_id=11927"},"modified":"2025-10-16T13:19:36","modified_gmt":"2025-10-16T11:19:36","slug":"archiv-gs-24-25","status":"publish","type":"page","link":"https:\/\/www.ass-denkendorf.de\/?page_id=11927","title":{"rendered":"Archiv GS 2024\/2025"},"content":{"rendered":"<div id=\"pl-gb11927-69de7c949abe6\"  class=\"panel-layout\" ><div id=\"pg-gb11927-69de7c949abe6-0\"  class=\"panel-grid panel-no-style\" ><div id=\"pgc-gb11927-69de7c949abe6-0-0\"  class=\"panel-grid-cell\" ><div id=\"panel-gb11927-69de7c949abe6-0-0-0\" class=\"so-panel widget widget_sow-image panel-first-child panel-last-child\" data-index=\"0\" ><div\n\t\t\t\n\t\t\tclass=\"so-widget-sow-image so-widget-sow-image-default-8b5b6f678277-11927\"\n\t\t\t\n\t\t>\n<div class=\"sow-image-container\">\n\t\t<img \n\tsrc=\"https:\/\/www.ass-denkendorf.de\/wp-content\/uploads\/2025\/07\/Elternbrief_letzter-und-erster-Schultag-Mag.jpg\" width=\"614\" height=\"885\" srcset=\"https:\/\/www.ass-denkendorf.de\/wp-content\/uploads\/2025\/07\/Elternbrief_letzter-und-erster-Schultag-Mag.jpg 614w, https:\/\/www.ass-denkendorf.de\/wp-content\/uploads\/2025\/07\/Elternbrief_letzter-und-erster-Schultag-Mag-208x300.jpg 208w\" sizes=\"(max-width: 614px) 100vw, 614px\" title=\"Elternbrief_letzter und erster Schultag &#8211; Mag\" alt=\"\" \t\tclass=\"so-widget-image\"\/>\n\t<\/div>\n\n<\/div><\/div><\/div><\/div><div id=\"pg-gb11927-69de7c949abe6-1\"  class=\"panel-grid panel-no-style\" ><div id=\"pgc-gb11927-69de7c949abe6-1-0\"  class=\"panel-grid-cell\" ><div id=\"panel-gb11927-69de7c949abe6-1-0-0\" class=\"so-panel widget widget_sow-editor panel-first-child panel-last-child\" data-index=\"1\" ><div\n\t\t\t\n\t\t\tclass=\"so-widget-sow-editor so-widget-sow-editor-base\"\n\t\t\t\n\t\t>\n<div class=\"siteorigin-widget-tinymce textwidget\">\n\t<p><strong>Schulwegepl\u00e4ne f\u00fcr die Grund- und Realschule<\/strong><\/p>\n<p>Schulwegeplan f\u00fcr Fu\u00dfg\u00e4nger <a href=\"https:\/\/www.ass-denkendorf.de\/wp-content\/uploads\/2025\/03\/Schulwegplan-mit-Bus-ab-2013-als-PDF.pdf\" target=\"_blank\" rel=\"noopener\">bitte hier klicken<\/a><\/p>\n<p>Schulwegeplan f\u00fcr Fahrradfahrer <a href=\"https:\/\/www.ass-denkendorf.de\/wp-content\/uploads\/2025\/03\/Schulradwegplan.pdf\" target=\"_blank\" rel=\"noopener\">bitte hier klicken<\/a><\/p>\n<\/div>\n<\/div><\/div><\/div><\/div><div id=\"pg-gb11927-69de7c949abe6-2\"  class=\"panel-grid panel-no-style\" ><div id=\"pgc-gb11927-69de7c949abe6-2-0\"  class=\"panel-grid-cell\" ><div id=\"panel-gb11927-69de7c949abe6-2-0-0\" class=\"so-panel widget widget_sow-editor panel-first-child panel-last-child\" data-index=\"2\" ><div\n\t\t\t\n\t\t\tclass=\"so-widget-sow-editor so-widget-sow-editor-base\"\n\t\t\t\n\t\t>\n<div class=\"siteorigin-widget-tinymce textwidget\">\n\t<p><strong>T-Shirts<\/strong><\/p>\n<p style=\"text-align: justify;\"> Vor ein paar Tagen haben wir, die Albert-Schweitzer Schule, vom F\u00f6rderverein (FASS) Denkendorf sch\u00f6ne T-Shirts bekommen, die wir bei Auftritten und Veranstaltungen der Schule anziehen werden. Wir freuen uns sehr \u00fcber dieses tolle Geschenk vom F\u00f6rderverein. Vielen Dank f\u00fcr die gro\u00dfz\u00fcgige Spende! Bei unserer n\u00e4chsten Veranstaltung werden wir die T-Shirts bestimmt pr\u00e4sentieren. Seien Sie gespannt!<br \/>\nVon Emma, Emil und Erik (Klasse 4)<\/p>\n<\/div>\n<\/div><\/div><\/div><\/div><div id=\"pg-gb11927-69de7c949abe6-3\"  class=\"panel-grid panel-no-style\" ><div id=\"pgc-gb11927-69de7c949abe6-3-0\"  class=\"panel-grid-cell\" ><div id=\"panel-gb11927-69de7c949abe6-3-0-0\" class=\"so-panel widget widget_sow-image panel-first-child panel-last-child\" data-index=\"3\" ><div\n\t\t\t\n\t\t\tclass=\"so-widget-sow-image so-widget-sow-image-default-8b5b6f678277-11927\"\n\t\t\t\n\t\t>\n<div class=\"sow-image-container\">\n\t\t<img \n\tsrc=\"https:\/\/www.ass-denkendorf.de\/wp-content\/uploads\/2025\/06\/T-Shirt.jpg\" width=\"375\" height=\"500\" srcset=\"https:\/\/www.ass-denkendorf.de\/wp-content\/uploads\/2025\/06\/T-Shirt.jpg 375w, https:\/\/www.ass-denkendorf.de\/wp-content\/uploads\/2025\/06\/T-Shirt-225x300.jpg 225w\" sizes=\"(max-width: 375px) 100vw, 375px\" alt=\"\" \t\tclass=\"so-widget-image\"\/>\n\t<\/div>\n\n<\/div><\/div><\/div><\/div><div id=\"pg-gb11927-69de7c949abe6-4\"  class=\"panel-grid panel-no-style\" ><div id=\"pgc-gb11927-69de7c949abe6-4-0\"  class=\"panel-grid-cell\" ><div id=\"panel-gb11927-69de7c949abe6-4-0-0\" class=\"so-panel widget widget_sow-image panel-first-child panel-last-child\" data-index=\"4\" ><div\n\t\t\t\n\t\t\tclass=\"so-widget-sow-image so-widget-sow-image-default-8b5b6f678277-11927\"\n\t\t\t\n\t\t>\n<div class=\"sow-image-container\">\n\t\t<img \n\tsrc=\"https:\/\/www.ass-denkendorf.de\/wp-content\/uploads\/2025\/06\/T-Shirts.jpg\" width=\"375\" height=\"281\" srcset=\"https:\/\/www.ass-denkendorf.de\/wp-content\/uploads\/2025\/06\/T-Shirts.jpg 375w, https:\/\/www.ass-denkendorf.de\/wp-content\/uploads\/2025\/06\/T-Shirts-300x225.jpg 300w\" sizes=\"(max-width: 375px) 100vw, 375px\" alt=\"\" \t\tclass=\"so-widget-image\"\/>\n\t<\/div>\n\n<\/div><\/div><\/div><\/div><div id=\"pg-gb11927-69de7c949abe6-5\"  class=\"panel-grid panel-no-style\" ><div id=\"pgc-gb11927-69de7c949abe6-5-0\"  class=\"panel-grid-cell\" ><div id=\"panel-gb11927-69de7c949abe6-5-0-0\" class=\"so-panel widget widget_sow-editor panel-first-child panel-last-child\" data-index=\"5\" ><div\n\t\t\t\n\t\t\tclass=\"so-widget-sow-editor so-widget-sow-editor-base\"\n\t\t\t\n\t\t>\n<div class=\"siteorigin-widget-tinymce textwidget\">\n\t<p><strong>Polizei<\/strong><\/p>\n<p style=\"text-align: justify;\">Im Rahmen des Projekts \u201eIch sage halt!\u201c kam am Freitag, den 16.05.2025, die Polizei zu Besuch an unsere Schule. \u00a0Herr Emmert von der Polizei zeigte unseren Zweitkl\u00e4sslern verschiedene Filmsequenzen und besprach Gefahrensituationen im Alltag. Zudem waren unsere Kinder sehr beeindruckt von der Polizeiausr\u00fcstung, welche uns Herr Emmert vorstellte. Letztendlich stellten die Kinder noch reichlich Fragen an den Polizisten. Wir danken dem Polizisten Herrn Emmert f\u00fcr den tollen Vormittag an unserer Schule.<\/p>\n<\/div>\n<\/div><\/div><\/div><\/div><div id=\"pg-gb11927-69de7c949abe6-6\"  class=\"panel-grid panel-no-style\" ><div id=\"pgc-gb11927-69de7c949abe6-6-0\"  class=\"panel-grid-cell\" ><div id=\"panel-gb11927-69de7c949abe6-6-0-0\" class=\"so-panel widget widget_sow-image panel-first-child panel-last-child\" data-index=\"6\" ><div\n\t\t\t\n\t\t\tclass=\"so-widget-sow-image so-widget-sow-image-default-8b5b6f678277-11927\"\n\t\t\t\n\t\t>\n<div class=\"sow-image-container\">\n\t\t<img \n\tsrc=\"https:\/\/www.ass-denkendorf.de\/wp-content\/uploads\/2025\/04\/Foto-Phoenix-Theatre-2025.jpg\" width=\"1696\" height=\"1621\" srcset=\"https:\/\/www.ass-denkendorf.de\/wp-content\/uploads\/2025\/04\/Foto-Phoenix-Theatre-2025.jpg 1696w, https:\/\/www.ass-denkendorf.de\/wp-content\/uploads\/2025\/04\/Foto-Phoenix-Theatre-2025-300x287.jpg 300w, https:\/\/www.ass-denkendorf.de\/wp-content\/uploads\/2025\/04\/Foto-Phoenix-Theatre-2025-1024x979.jpg 1024w, https:\/\/www.ass-denkendorf.de\/wp-content\/uploads\/2025\/04\/Foto-Phoenix-Theatre-2025-768x734.jpg 768w, https:\/\/www.ass-denkendorf.de\/wp-content\/uploads\/2025\/04\/Foto-Phoenix-Theatre-2025-1536x1468.jpg 1536w\" sizes=\"(max-width: 1696px) 100vw, 1696px\" title=\"Foto Phoenix Theatre 2025\" alt=\"\" \t\tclass=\"so-widget-image\"\/>\n\t<\/div>\n\n<\/div><\/div><\/div><\/div><div id=\"pg-gb11927-69de7c949abe6-7\"  class=\"panel-grid panel-no-style\" ><div id=\"pgc-gb11927-69de7c949abe6-7-0\"  class=\"panel-grid-cell\" ><div id=\"panel-gb11927-69de7c949abe6-7-0-0\" class=\"so-panel widget widget_sow-editor panel-first-child panel-last-child\" data-index=\"7\" ><div\n\t\t\t\n\t\t\tclass=\"so-widget-sow-editor so-widget-sow-editor-base\"\n\t\t\t\n\t\t>\n<div class=\"siteorigin-widget-tinymce textwidget\">\n\t<p><strong>\u00a0<\/strong><strong>Das \u201ePhoenix Theatre\u201c zu Gast an der Albert-Schweitzer-Schule<\/strong><\/p>\n<p style=\"text-align: justify;\">Am 26.02.2025 hie\u00df es in der Aula der ASS \u201eVorhang auf f\u00fcr eine tolle Theatervorstellung!\u201c Zu Gast war das \u201ePhoenix Theatre \u2013 The Art of Language Learning\u201d, ein englischsprachiges Theater, das Vorstellungen speziell f\u00fcr Schulen anbietet und zu diesen kommt.<\/p>\n<p style=\"text-align: justify;\">Das Ensemble, bestehend aus einem Schauspieler und einer Schauspielerin, zeigte in diesem Schuljahr drei verschiedene St\u00fccke, die f\u00fcr die Klassenstufen 3 bis 10 konzipiert waren. Je nach Alter sahen die Sch\u00fclerinnen und Sch\u00fcler entweder \u201eCaptain Jack\u201c, \u201eThe secret box\u201c oder \u201eSongs my mother taught me\u201c. Durch den Besuch eines Theaterst\u00fccks\u00a0 konnten die Sch\u00fclerinnen und Sch\u00fcler in die englische Sprache abtauchen und Erfahrungen im Sprachenlernen au\u00dferhalb des unterrichtlichen Kontextes machen.<\/p>\n<p style=\"text-align: justify;\">M\u00f6glich gemacht hat den Besuch des Theaters an unserer Schule neben unserem F\u00f6rderverein FASS auch der Denkendorfer Wolleclub. Ohne diesen als Sponsor w\u00e4re die Umsetzung nur schwer m\u00f6glich gewesen. Die flei\u00dfigen Damen des Wolleclubs des Generationentreffs in Denkendorf haben f\u00fcr den guten Zweck gestrickt und wir sind sehr dankbar, dass sie die ASS mit einer gro\u00dfz\u00fcgigen Spende bedacht haben. Durch dieses Engagement und die finanzielle Unterst\u00fctzung konnten wir unseren Klassen ein sch\u00f6nes Erlebnis erm\u00f6glichen!<\/p>\n<\/div>\n<\/div><\/div><\/div><\/div><div id=\"pg-gb11927-69de7c949abe6-8\"  class=\"panel-grid panel-no-style\" ><div id=\"pgc-gb11927-69de7c949abe6-8-0\"  class=\"panel-grid-cell\" ><div id=\"panel-gb11927-69de7c949abe6-8-0-0\" class=\"so-panel widget widget_sow-image panel-first-child panel-last-child\" data-index=\"8\" ><div\n\t\t\t\n\t\t\tclass=\"so-widget-sow-image so-widget-sow-image-default-8b5b6f678277-11927\"\n\t\t\t\n\t\t>\n<div class=\"sow-image-container\">\n\t\t<img \n\tsrc=\"https:\/\/www.ass-denkendorf.de\/wp-content\/uploads\/2025\/04\/Foto-Phoenix-Theatre-2025.jpg\" width=\"1696\" height=\"1621\" srcset=\"https:\/\/www.ass-denkendorf.de\/wp-content\/uploads\/2025\/04\/Foto-Phoenix-Theatre-2025.jpg 1696w, https:\/\/www.ass-denkendorf.de\/wp-content\/uploads\/2025\/04\/Foto-Phoenix-Theatre-2025-300x287.jpg 300w, https:\/\/www.ass-denkendorf.de\/wp-content\/uploads\/2025\/04\/Foto-Phoenix-Theatre-2025-1024x979.jpg 1024w, https:\/\/www.ass-denkendorf.de\/wp-content\/uploads\/2025\/04\/Foto-Phoenix-Theatre-2025-768x734.jpg 768w, https:\/\/www.ass-denkendorf.de\/wp-content\/uploads\/2025\/04\/Foto-Phoenix-Theatre-2025-1536x1468.jpg 1536w\" sizes=\"(max-width: 1696px) 100vw, 1696px\" title=\"Foto Phoenix Theatre 2025\" alt=\"\" \t\tclass=\"so-widget-image\"\/>\n\t<\/div>\n\n<\/div><\/div><\/div><\/div><div id=\"pg-gb11927-69de7c949abe6-9\"  class=\"panel-grid panel-no-style\" ><div id=\"pgc-gb11927-69de7c949abe6-9-0\"  class=\"panel-grid-cell\" ><div id=\"panel-gb11927-69de7c949abe6-9-0-0\" class=\"so-panel widget widget_sow-editor panel-first-child panel-last-child\" data-index=\"9\" ><div\n\t\t\t\n\t\t\tclass=\"so-widget-sow-editor so-widget-sow-editor-base\"\n\t\t\t\n\t\t>\n<div class=\"siteorigin-widget-tinymce textwidget\">\n\t<p><strong>Mittelalter zum Staunen und Anfassen<\/strong><\/p>\n<p style=\"text-align: justify;\">Am 17.02.25 waren in den 3. Klassen mittelalterliche G\u00e4ste vor Ort, denn Freifrau Ruthild von Hohenschramberg und Ritter Gandulph von Brandeshall (von der Freien Ritterschaft Baden) waren im Sachunterricht zu Besuch. Sie kamen mit ihrem st\u00e4hlernden wei\u00dfen Ross angereist.<\/p>\n<p style=\"text-align: justify;\">Er gab viel zu entdecken: Ein echtes Schwert durfte gehalten werden, sowie ein Kettenhemd aus Eisenringen, welches sehr schwer war. Ein Schild mit seinem Wappen \u2013 das eine Burg mit Flammen zeigte, brachte der Ritter auch mit. Au\u00dferdem gab es einen Helm, Schmuck, Geschirr, Handarbeitssachen (Spindel, N\u00e4hnadeln, Nadelbinden), einen Wappenrock und das Gewandt einer edlen Freifrau zu bestaunen.<br \/>\nIm Gespr\u00e4ch erfuhren die Kinder viel \u00fcber Burgen, Turniere und den Werdegang eines Ritters \u2013 der bereits im Alter von 6 Jahren begann.<\/p>\n<p style=\"text-align: justify;\">Die Freifrau berichtete Interessantes zur Nahrung, den Gebrauch von Kr\u00e4utern sowie die Herstellung von Kleidung und die Verarbeitung von Schafswolle. Mit Erstaunen stellten die Kinder fest, aus welchem Material K\u00fcchenutensilien im Mittelalter bestanden.<\/p>\n<p style=\"text-align: justify;\">Ein weiteres Highlight war ein mittelalterlicher Tanz, den alle Kindern der 3. Klasse zum Abschluss lernten<br \/>\nund der mit Fl\u00f6te und Trommel von den beiden G\u00e4sten begleitet wurde.<\/p>\n<p style=\"text-align: justify;\">Habet Dank edle Rittersleut f\u00fcr diese sch\u00f6ne \u201eReise ins Mittelalter\u201c!<\/p>\n<\/div>\n<\/div><\/div><\/div><\/div><div id=\"pg-gb11927-69de7c949abe6-10\"  class=\"panel-grid panel-no-style\" ><div id=\"pgc-gb11927-69de7c949abe6-10-0\"  class=\"panel-grid-cell\" ><div id=\"panel-gb11927-69de7c949abe6-10-0-0\" class=\"so-panel widget widget_sow-image panel-first-child panel-last-child\" data-index=\"10\" ><div\n\t\t\t\n\t\t\tclass=\"so-widget-sow-image so-widget-sow-image-default-8b5b6f678277-11927\"\n\t\t\t\n\t\t>\n<div class=\"sow-image-container\">\n\t\t<img \n\tsrc=\"https:\/\/www.ass-denkendorf.de\/wp-content\/uploads\/2025\/02\/ritter-und-freifrau.jpg\" width=\"1139\" height=\"725\" srcset=\"https:\/\/www.ass-denkendorf.de\/wp-content\/uploads\/2025\/02\/ritter-und-freifrau.jpg 1139w, https:\/\/www.ass-denkendorf.de\/wp-content\/uploads\/2025\/02\/ritter-und-freifrau-300x191.jpg 300w, https:\/\/www.ass-denkendorf.de\/wp-content\/uploads\/2025\/02\/ritter-und-freifrau-1024x652.jpg 1024w, https:\/\/www.ass-denkendorf.de\/wp-content\/uploads\/2025\/02\/ritter-und-freifrau-768x489.jpg 768w\" sizes=\"(max-width: 1139px) 100vw, 1139px\" title=\"ritter und freifrau\" alt=\"\" \t\tclass=\"so-widget-image\"\/>\n\t<\/div>\n\n<\/div><\/div><\/div><\/div><div id=\"pg-gb11927-69de7c949abe6-11\"  class=\"panel-grid panel-no-style\" ><div id=\"pgc-gb11927-69de7c949abe6-11-0\"  class=\"panel-grid-cell\" ><div id=\"panel-gb11927-69de7c949abe6-11-0-0\" class=\"so-panel widget widget_sow-image panel-first-child panel-last-child\" data-index=\"11\" ><div\n\t\t\t\n\t\t\tclass=\"so-widget-sow-image so-widget-sow-image-default-8b5b6f678277-11927\"\n\t\t\t\n\t\t>\n<div class=\"sow-image-container\">\n\t\t<img \n\tsrc=\"https:\/\/www.ass-denkendorf.de\/wp-content\/uploads\/2025\/02\/Freifrau.jpg\" width=\"674\" height=\"1259\" srcset=\"https:\/\/www.ass-denkendorf.de\/wp-content\/uploads\/2025\/02\/Freifrau.jpg 674w, https:\/\/www.ass-denkendorf.de\/wp-content\/uploads\/2025\/02\/Freifrau-161x300.jpg 161w, https:\/\/www.ass-denkendorf.de\/wp-content\/uploads\/2025\/02\/Freifrau-548x1024.jpg 548w\" sizes=\"(max-width: 674px) 100vw, 674px\" alt=\"\" \t\tclass=\"so-widget-image\"\/>\n\t<\/div>\n\n<\/div><\/div><\/div><div id=\"pgc-gb11927-69de7c949abe6-11-1\"  class=\"panel-grid-cell\" ><div id=\"panel-gb11927-69de7c949abe6-11-1-0\" class=\"so-panel widget widget_sow-image panel-first-child panel-last-child\" data-index=\"12\" ><div\n\t\t\t\n\t\t\tclass=\"so-widget-sow-image so-widget-sow-image-default-8b5b6f678277-11927\"\n\t\t\t\n\t\t>\n<div class=\"sow-image-container\">\n\t\t<img \n\tsrc=\"https:\/\/www.ass-denkendorf.de\/wp-content\/uploads\/2025\/02\/DSC00486.jpg\" width=\"422\" height=\"750\" srcset=\"https:\/\/www.ass-denkendorf.de\/wp-content\/uploads\/2025\/02\/DSC00486.jpg 422w, https:\/\/www.ass-denkendorf.de\/wp-content\/uploads\/2025\/02\/DSC00486-169x300.jpg 169w\" sizes=\"(max-width: 422px) 100vw, 422px\" alt=\"\" \t\tclass=\"so-widget-image\"\/>\n\t<\/div>\n\n<\/div><\/div><\/div><\/div><div id=\"pg-gb11927-69de7c949abe6-12\"  class=\"panel-grid panel-no-style\" ><div id=\"pgc-gb11927-69de7c949abe6-12-0\"  class=\"panel-grid-cell\" ><div id=\"panel-gb11927-69de7c949abe6-12-0-0\" class=\"so-panel widget widget_sow-image panel-first-child panel-last-child\" data-index=\"13\" ><div\n\t\t\t\n\t\t\tclass=\"so-widget-sow-image so-widget-sow-image-default-8b5b6f678277-11927\"\n\t\t\t\n\t\t>\n<div class=\"sow-image-container\">\n\t\t<img \n\tsrc=\"https:\/\/www.ass-denkendorf.de\/wp-content\/uploads\/2025\/02\/Ritter.jpg\" width=\"821\" height=\"844\" srcset=\"https:\/\/www.ass-denkendorf.de\/wp-content\/uploads\/2025\/02\/Ritter.jpg 821w, https:\/\/www.ass-denkendorf.de\/wp-content\/uploads\/2025\/02\/Ritter-292x300.jpg 292w, https:\/\/www.ass-denkendorf.de\/wp-content\/uploads\/2025\/02\/Ritter-768x790.jpg 768w\" sizes=\"(max-width: 821px) 100vw, 821px\" alt=\"\" \t\tclass=\"so-widget-image\"\/>\n\t<\/div>\n\n<\/div><\/div><\/div><\/div><div id=\"pg-gb11927-69de7c949abe6-13\"  class=\"panel-grid panel-no-style\" ><div id=\"pgc-gb11927-69de7c949abe6-13-0\"  class=\"panel-grid-cell\" ><div id=\"panel-gb11927-69de7c949abe6-13-0-0\" class=\"so-panel widget widget_sow-editor panel-first-child panel-last-child\" data-index=\"14\" ><div\n\t\t\t\n\t\t\tclass=\"so-widget-sow-editor so-widget-sow-editor-base\"\n\t\t\t\n\t\t>\n<div class=\"siteorigin-widget-tinymce textwidget\">\n\t<p><strong>B\u00fccher f\u00fcr Drittkl\u00e4ssler von Bildungsstiftung der Kreissparkasse<\/strong><\/p>\n<p style=\"text-align: justify;\">Die dritten Klassen der Albert-Schweitzer-Schule (ASS) und der Ludwig-Uhland-Schule (LUS) erhielten auch in diesem Jahr wieder B\u00fccher von der Bildungsstiftung der Kreissparkasse Esslingen-N\u00fcrtingen \u2013 einen Karton mit 25 B\u00fcchern je Klasse. Mit der Buchspendenaktion an Grundschulen st\u00e4rkt die Bildungsstiftung die Lesekompetenz an Grundschulen. Unter dem Motto \u201eLesef\u00f6rderung Klasse 3\u201c wurden an alle dritten Grundschulklassen im Landkreis unter kommunaler Tr\u00e4gerschaft rund 5.000 B\u00fccher im Gesamtwert von \u00fcber 70.000 Euro verteilt.<\/p>\n<\/div>\n<\/div><\/div><\/div><\/div><div id=\"pg-gb11927-69de7c949abe6-14\"  class=\"panel-grid panel-no-style\" ><div id=\"pgc-gb11927-69de7c949abe6-14-0\"  class=\"panel-grid-cell\" ><div id=\"panel-gb11927-69de7c949abe6-14-0-0\" class=\"so-panel widget widget_sow-image panel-first-child panel-last-child\" data-index=\"15\" ><div\n\t\t\t\n\t\t\tclass=\"so-widget-sow-image so-widget-sow-image-default-8b5b6f678277-11927\"\n\t\t\t\n\t\t>\n<div class=\"sow-image-container\">\n\t\t<img \n\tsrc=\"https:\/\/www.ass-denkendorf.de\/wp-content\/uploads\/2024\/12\/GAZ-05.12.2024_IMG_5433.jpg\" width=\"1247\" height=\"824\" srcset=\"https:\/\/www.ass-denkendorf.de\/wp-content\/uploads\/2024\/12\/GAZ-05.12.2024_IMG_5433.jpg 1247w, https:\/\/www.ass-denkendorf.de\/wp-content\/uploads\/2024\/12\/GAZ-05.12.2024_IMG_5433-300x198.jpg 300w, https:\/\/www.ass-denkendorf.de\/wp-content\/uploads\/2024\/12\/GAZ-05.12.2024_IMG_5433-1024x677.jpg 1024w, https:\/\/www.ass-denkendorf.de\/wp-content\/uploads\/2024\/12\/GAZ-05.12.2024_IMG_5433-768x507.jpg 768w\" sizes=\"(max-width: 1247px) 100vw, 1247px\" title=\"GAZ 05.12.2024_IMG_5433\" alt=\"\" \t\tclass=\"so-widget-image\"\/>\n\t<\/div>\n\n<\/div><\/div><\/div><\/div><div id=\"pg-gb11927-69de7c949abe6-15\"  class=\"panel-grid panel-no-style\" ><div id=\"pgc-gb11927-69de7c949abe6-15-0\"  class=\"panel-grid-cell\" ><div id=\"panel-gb11927-69de7c949abe6-15-0-0\" class=\"so-panel widget widget_sow-editor panel-first-child panel-last-child\" data-index=\"16\" ><div\n\t\t\t\n\t\t\tclass=\"so-widget-sow-editor so-widget-sow-editor-base\"\n\t\t\t\n\t\t>\n<div class=\"siteorigin-widget-tinymce textwidget\">\n\t<p style=\"text-align: justify;\">Es freuten sich mit Drittkl\u00e4sslern der Ludwig-Uhland-Schule \u00fcber die B\u00fccherspende (von links nach rechts): Sina Diekmann, Serviceberaterin der KSK-Filiale Denkendorf, Andrea Auer, Filialleiterin der KSK-Filiale Denkendorf, B\u00fcrgermeister Ralf Barth, Rektorin der Ludwig-Uhland-Schule Ulrike Kappeler und Rektorin der Albert-Schweitzer-Schule Eva Marggraf.<\/p>\n<\/div>\n<\/div><\/div><\/div><\/div><div id=\"pg-gb11927-69de7c949abe6-16\"  class=\"panel-grid panel-no-style\" ><div id=\"pgc-gb11927-69de7c949abe6-16-0\"  class=\"panel-grid-cell\" ><div id=\"panel-gb11927-69de7c949abe6-16-0-0\" class=\"so-panel widget widget_sow-editor panel-first-child panel-last-child\" data-index=\"17\" ><div\n\t\t\t\n\t\t\tclass=\"so-widget-sow-editor so-widget-sow-editor-base\"\n\t\t\t\n\t\t>\n<div class=\"siteorigin-widget-tinymce textwidget\">\n\t<p><strong><u>Besuch vom Fehling-Lab und ein herzliches Dankesch\u00f6n an den FASS<\/u><\/strong><\/p>\n<p style=\"text-align: justify;\">Heute bekamen wir Besuch von Frau Capudi. Sie kam von der Uni, um uns zu zeigen, wie Strom funktioniert. Gemeinsam machten wir uns auf einem Forscherschiff auf die Reise. Nat\u00fcrlich war das Schiff nicht echt, aber wir stellten uns vor, dass wir gemeinsam eine Reise machen w\u00fcrden. Leider kenterte das Schiff, aber wir konnten uns zum Gl\u00fcck gerade noch auf eine Insel retten. Eine Experimentierkiste vom Schiff wurde angesp\u00fclt. In der Kiste befanden sich Kabel, Ventilatoren, Gl\u00fchbirnen, Batterien, Schalter und Schn\u00fcre. Es kehrte die Nacht ein und wir brauchten unbedingt Licht. Au\u00dferdem war es ziemlich hei\u00df und wir wollten die Ventilatoren in Gang bringen. Nun probierten wir unterschiedliche Stromkreise (sogar mit Schaltern) aus und hatten es hell und luftig.\u00a0 Weil die Batterien langsam leer waren, erzeugten wir mit Schn\u00fcren Strom und konnten eine \u201eSOS\u201c- Nachricht morsen. So konnten wir gerettet werden und kehrten mit viel neuem Wissen nach Hause zur\u00fcck. Wir hatten richtig viel Spa\u00df und bedanken uns ganz herzlich bei unserem F\u00f6rderverein, der uns diese tolle \u201eReise\u201c bezahlt hat.<\/p>\n<p>(geschrieben von den Kindern der 4a und 4b)<\/p>\n<\/div>\n<\/div><\/div><\/div><\/div><div id=\"pg-gb11927-69de7c949abe6-17\"  class=\"panel-grid panel-no-style\" ><div id=\"pgc-gb11927-69de7c949abe6-17-0\"  class=\"panel-grid-cell\" ><div id=\"panel-gb11927-69de7c949abe6-17-0-0\" class=\"so-panel widget widget_sow-image panel-first-child panel-last-child\" data-index=\"18\" ><div\n\t\t\t\n\t\t\tclass=\"so-widget-sow-image so-widget-sow-image-default-8b5b6f678277-11927\"\n\t\t\t\n\t\t>\n<div class=\"sow-image-container\">\n\t\t<img \n\tsrc=\"https:\/\/www.ass-denkendorf.de\/wp-content\/uploads\/2025\/02\/IMG20250207113117-1.jpg\" width=\"816\" height=\"460\" srcset=\"https:\/\/www.ass-denkendorf.de\/wp-content\/uploads\/2025\/02\/IMG20250207113117-1.jpg 816w, https:\/\/www.ass-denkendorf.de\/wp-content\/uploads\/2025\/02\/IMG20250207113117-1-300x169.jpg 300w, https:\/\/www.ass-denkendorf.de\/wp-content\/uploads\/2025\/02\/IMG20250207113117-1-768x433.jpg 768w\" sizes=\"(max-width: 816px) 100vw, 816px\" title=\"IMG20250207113117 (1)\" alt=\"\" \t\tclass=\"so-widget-image\"\/>\n\t<\/div>\n\n<\/div><\/div><\/div><\/div><div id=\"pg-gb11927-69de7c949abe6-18\"  class=\"panel-grid panel-no-style\" ><div id=\"pgc-gb11927-69de7c949abe6-18-0\"  class=\"panel-grid-cell\" ><div id=\"panel-gb11927-69de7c949abe6-18-0-0\" class=\"so-panel widget widget_sow-editor panel-first-child panel-last-child\" data-index=\"19\" ><div\n\t\t\t\n\t\t\tclass=\"so-widget-sow-editor so-widget-sow-editor-base\"\n\t\t\t\n\t\t>\n<div class=\"siteorigin-widget-tinymce textwidget\">\n\t<p><strong>Informations- &amp; Mitmachnachmittag f\u00fcr interessierte Viertkl\u00e4ssler\/innen<\/strong><\/p>\n<p style=\"text-align: justify;\"><strong>\u00a0<\/strong>Am Freitag, 21. Februar 2025 \u00f6ffnete die Albert-Schweitzer-Schule ihre T\u00fcren f\u00fcr zuk\u00fcnftige F\u00fcnftkl\u00e4ssler\/innen, die sich unsere Schule genauer anschauen wollen.<\/p>\n<p style=\"text-align: justify;\">Um 15.00 Uhr er\u00f6ffnete der Schulchor die Veranstaltung mit einem schwungvollen Musikst\u00fcck. Anschlie\u00dfend richtete unsere Schulleiterin, Frau Marggraf, ein paar einf\u00fchrende Wort an die Besucherinnen und Besucher, bevor die anwesenden Sch\u00fclerinnen und Sch\u00fcler gemeinsam mit Lehrkr\u00e4ften unserer Schule zu einer Kreativaufgabe starteten. Die Eltern erhielten zeitgleich in einem Vortrag Informationen zu unserem Schulleben.<\/p>\n<p style=\"text-align: justify;\">Im Anschluss daran ging es gemeinsam in drei gro\u00dfe Gruppen aufgeteilt \u00a0zu einem gef\u00fchrten Rundgang durch unsere Schule. Dabei kamen die Kinder mit ihren Eltern an vielen tollen Mitmachstationen vorbei. So konnte man sich zum Beispiel in der Sporthalle austoben, eine Reanimationspuppe wiederbeleben oder Pl\u00e4tzchen backen. Aber auch unsere Wahlpflichtf\u00e4cher, wie beispielsweise Technik oder Franz\u00f6sisch, wurden vorgestellt.<\/p>\n<p style=\"text-align: justify;\">Zum Abschluss gab es noch die M\u00f6glichkeit, mit den Lehrkr\u00e4ften der Schule ins Gespr\u00e4ch zu kommen, sich beim F\u00f6rderverein FASS zu informieren oder sich am Stand der Klasse 9 c mit Getr\u00e4nken, Brezeln und Kuchen zu st\u00e4rken.<\/p>\n<p style=\"text-align: justify;\">Wir freuen uns auf unsere zuk\u00fcnftigen F\u00fcnftkl\u00e4ssler\/innen im neuen Schuljahr 2025\/26!<\/p>\n<\/div>\n<\/div><\/div><\/div><\/div><\/div>\n\n\n<p><\/p>\n","protected":false},"excerpt":{"rendered":"<p>Schulwegepl\u00e4ne f\u00fcr die Grund- und Realschule Schulwegeplan f\u00fcr Fu\u00dfg\u00e4nger bitte hier klicken Schulwegeplan f\u00fcr Fahrradfahrer bitte hier klicken<\/p>\n","protected":false},"author":33,"featured_media":0,"parent":120,"menu_order":0,"comment_status":"closed","ping_status":"closed","template":"","meta":{"_mc_calendar":[],"footnotes":""},"class_list":["post-11927","page","type-page","status-publish","hentry"],"_links":{"self":[{"href":"https:\/\/www.ass-denkendorf.de\/index.php?rest_route=\/wp\/v2\/pages\/11927"}],"collection":[{"href":"https:\/\/www.ass-denkendorf.de\/index.php?rest_route=\/wp\/v2\/pages"}],"about":[{"href":"https:\/\/www.ass-denkendorf.de\/index.php?rest_route=\/wp\/v2\/types\/page"}],"author":[{"embeddable":true,"href":"https:\/\/www.ass-denkendorf.de\/index.php?rest_route=\/wp\/v2\/users\/33"}],"replies":[{"embeddable":true,"href":"https:\/\/www.ass-denkendorf.de\/index.php?rest_route=%2Fwp%2Fv2%2Fcomments&post=11927"}],"version-history":[{"count":24,"href":"https:\/\/www.ass-denkendorf.de\/index.php?rest_route=\/wp\/v2\/pages\/11927\/revisions"}],"predecessor-version":[{"id":11986,"href":"https:\/\/www.ass-denkendorf.de\/index.php?rest_route=\/wp\/v2\/pages\/11927\/revisions\/11986"}],"up":[{"embeddable":true,"href":"https:\/\/www.ass-denkendorf.de\/index.php?rest_route=\/wp\/v2\/pages\/120"}],"wp:attachment":[{"href":"https:\/\/www.ass-denkendorf.de\/index.php?rest_route=%2Fwp%2Fv2%2Fmedia&parent=11927"}],"curies":[{"name":"wp","href":"https:\/\/api.w.org\/{rel}","templated":true}]}}