{"id":118,"date":"2016-02-08T23:13:14","date_gmt":"2016-02-08T22:13:14","guid":{"rendered":"http:\/\/neu.ass-denkendorf.de\/?page_id=118"},"modified":"2026-03-19T13:02:48","modified_gmt":"2026-03-19T12:02:48","slug":"neues-gs","status":"publish","type":"page","link":"https:\/\/www.ass-denkendorf.de\/?page_id=118","title":{"rendered":"Aktuelles GS"},"content":{"rendered":"<div id=\"pl-118\"  class=\"panel-layout\" ><div id=\"pg-118-0\"  class=\"panel-grid panel-no-style\" ><div id=\"pgc-118-0-0\"  class=\"panel-grid-cell\" ><div id=\"panel-118-0-0-0\" class=\"so-panel widget widget_sow-editor panel-first-child panel-last-child\" data-index=\"0\" ><div\n\t\t\t\n\t\t\tclass=\"so-widget-sow-editor so-widget-sow-editor-base\"\n\t\t\t\n\t\t>\n<div class=\"siteorigin-widget-tinymce textwidget\">\n\t<p><strong>Schuljahr 2025\/2026<\/strong><\/p>\n<\/div>\n<\/div><\/div><\/div><\/div><div id=\"pg-118-1\"  class=\"panel-grid panel-no-style\" ><div id=\"pgc-118-1-0\"  class=\"panel-grid-cell\" ><div id=\"panel-118-1-0-0\" class=\"so-panel widget widget_sow-image panel-first-child panel-last-child\" data-index=\"1\" ><div\n\t\t\t\n\t\t\tclass=\"so-widget-sow-image so-widget-sow-image-default-8b5b6f678277-118\"\n\t\t\t\n\t\t>\n<div class=\"sow-image-container\">\n\t\t<img \n\tsrc=\"https:\/\/www.ass-denkendorf.de\/wp-content\/uploads\/2026\/02\/Bazaar.jpg\" width=\"715\" height=\"1011\" srcset=\"https:\/\/www.ass-denkendorf.de\/wp-content\/uploads\/2026\/02\/Bazaar.jpg 715w, https:\/\/www.ass-denkendorf.de\/wp-content\/uploads\/2026\/02\/Bazaar-212x300.jpg 212w\" sizes=\"(max-width: 715px) 100vw, 715px\" alt=\"\" \t\tclass=\"so-widget-image\"\/>\n\t<\/div>\n\n<\/div><\/div><\/div><\/div><div id=\"pg-118-2\"  class=\"panel-grid panel-no-style\" ><div id=\"pgc-118-2-0\"  class=\"panel-grid-cell\" ><div id=\"panel-118-2-0-0\" class=\"so-panel widget widget_sow-editor panel-first-child panel-last-child\" data-index=\"2\" ><div\n\t\t\t\n\t\t\tclass=\"so-widget-sow-editor so-widget-sow-editor-base\"\n\t\t\t\n\t\t>\n<div class=\"siteorigin-widget-tinymce textwidget\">\n\t<div class=\"message-text\"><strong>Die Schulgemeinschaft der Albert-Schweitzer-Schule w\u00fcnscht allen ein frohes Weihnachtsfest und einen guten Rutsch ins neue Jahr<\/strong><\/div>\n<\/div>\n<\/div><\/div><\/div><\/div><div id=\"pg-118-3\"  class=\"panel-grid panel-no-style\" ><div id=\"pgc-118-3-0\"  class=\"panel-grid-cell\" ><div id=\"panel-118-3-0-0\" class=\"so-panel widget widget_sow-image panel-first-child panel-last-child\" data-index=\"3\" ><div\n\t\t\t\n\t\t\tclass=\"so-widget-sow-image so-widget-sow-image-default-8b5b6f678277-118\"\n\t\t\t\n\t\t>\n<div class=\"sow-image-container\">\n\t\t<img \n\tsrc=\"https:\/\/www.ass-denkendorf.de\/wp-content\/uploads\/2025\/12\/Foto-Weihnachtsbaum-2025.jpg\" width=\"525\" height=\"720\" srcset=\"https:\/\/www.ass-denkendorf.de\/wp-content\/uploads\/2025\/12\/Foto-Weihnachtsbaum-2025.jpg 525w, https:\/\/www.ass-denkendorf.de\/wp-content\/uploads\/2025\/12\/Foto-Weihnachtsbaum-2025-219x300.jpg 219w\" sizes=\"(max-width: 525px) 100vw, 525px\" title=\"Foto Weihnachtsbaum 2025\" alt=\"\" \t\tclass=\"so-widget-image\"\/>\n\t<\/div>\n\n<\/div><\/div><\/div><\/div><div id=\"pg-118-4\"  class=\"panel-grid panel-no-style\" ><div id=\"pgc-118-4-0\"  class=\"panel-grid-cell\" ><div id=\"panel-118-4-0-0\" class=\"so-panel widget widget_sow-editor panel-first-child panel-last-child\" data-index=\"4\" ><div\n\t\t\t\n\t\t\tclass=\"so-widget-sow-editor so-widget-sow-editor-base\"\n\t\t\t\n\t\t>\n<div class=\"siteorigin-widget-tinymce textwidget\">\n\t<p><strong>Weihnachtsbasteln an der Grundschule \u2013 Ein Tag voller Kreativit\u00e4t und Zusammenarbeit<\/strong><\/p>\n<p style=\"text-align: justify;\">Am 28.11.2025 fand das j\u00e4hrliche Weihnachtsbasteln an unserer Grundschule statt \u2013 ein Tag, auf den sich die Sch\u00fclerinnen und Sch\u00fcler der Klassen 1 bis 4 bereits im Vorfeld freuten! Nach einem gemeinsamen Start in der Aula, verwandelten sich die Klassenr\u00e4ume in Weihnachtswerkst\u00e4tten, in denen \u00fcberall flei\u00dfig geschnitten, geklebt und gelacht wurde. Dabei konnten die Kinder sich selbst ihr eigenes Thema w\u00e4hlen. So entstanden tolle Fensterbilder, lustige Wichtel, leuchtende Weihnachtssterne, gl\u00e4nzende Verzierungen f\u00fcr unsere Treppengel\u00e4nder oder bunter Christbaumschmuck. Neben dem Basteln stand auch das Miteinander und das gegenseitige Unterst\u00fctzen\u00a0 im Mittelpunkt. Wer sich nun in der Vorweihnachtszeit durch unser Grundschulgeb\u00e4ude bewegt, kann die weihnachtliche Dekoration bestaunen.<\/p>\n<\/div>\n<\/div><\/div><\/div><\/div><div id=\"pg-118-5\"  class=\"panel-grid panel-no-style\" ><div id=\"pgc-118-5-0\"  class=\"panel-grid-cell\" ><div id=\"panel-118-5-0-0\" class=\"so-panel widget widget_sow-image panel-first-child panel-last-child\" data-index=\"5\" ><div\n\t\t\t\n\t\t\tclass=\"so-widget-sow-image so-widget-sow-image-default-8b5b6f678277-118\"\n\t\t\t\n\t\t>\n<div class=\"sow-image-container\">\n\t\t<img \n\tsrc=\"https:\/\/www.ass-denkendorf.de\/wp-content\/uploads\/2025\/12\/Foto-Weihnachtsbasteln-GS.jpg\" width=\"960\" height=\"720\" srcset=\"https:\/\/www.ass-denkendorf.de\/wp-content\/uploads\/2025\/12\/Foto-Weihnachtsbasteln-GS.jpg 960w, https:\/\/www.ass-denkendorf.de\/wp-content\/uploads\/2025\/12\/Foto-Weihnachtsbasteln-GS-300x225.jpg 300w, https:\/\/www.ass-denkendorf.de\/wp-content\/uploads\/2025\/12\/Foto-Weihnachtsbasteln-GS-768x576.jpg 768w\" sizes=\"(max-width: 960px) 100vw, 960px\" title=\"Foto Weihnachtsbasteln GS\" alt=\"\" \t\tclass=\"so-widget-image\"\/>\n\t<\/div>\n\n<\/div><\/div><\/div><\/div><div id=\"pg-118-6\"  class=\"panel-grid panel-no-style\" ><div id=\"pgc-118-6-0\"  class=\"panel-grid-cell\" ><div id=\"panel-118-6-0-0\" class=\"so-panel widget widget_sow-editor panel-first-child panel-last-child\" data-index=\"6\" ><div\n\t\t\t\n\t\t\tclass=\"so-widget-sow-editor so-widget-sow-editor-base\"\n\t\t\t\n\t\t>\n<div class=\"siteorigin-widget-tinymce textwidget\">\n\t<p><strong>Besuch des Adventsbasars an der Rohr\u00e4ckerschule in Esslingen<\/strong><\/p>\n<p style=\"text-align: justify;\">Am 25.11.2025 unternahmen die Klassen 3a und 3c unserer Grundschule einen besonders sch\u00f6nen vorweihnachtlichen Ausflug. Mit dem Bus ging es zur R\u00f6hr\u00e4ckerschule (R\u00c4S) am Zollberg in Esslingen. Der dortige Adventsbasar wurde mit kleinen Darbietungen der Sch\u00fclerinnen und Sch\u00fcler aus dem Bereich Musik und Tanz er\u00f6ffnet. Anschlie\u00dfend konnten die Kinder sich verschiedene St\u00e4nde anschauen, an denen es liebevoll hergestellte Dinge gab, wie z.B. Holzsterne, Weihnachtskrippen oder Schmuck. Der ein oder andere brauchte dabei voller Stolz seinen Einkauf nach Hause. Bevor es aber zur\u00fcck an die ASS ging, gab es zur St\u00e4rkung noch einen Muffin. Da unsere Klasse 3c eine Kooperationsklasse der R\u00c4S ist, war dies eine besonders sch\u00f6ne Begegnung der beiden Schulen, die gemeinsam miteinander und voneinander lernen.<\/p>\n<p>&nbsp;<\/p>\n<\/div>\n<\/div><\/div><\/div><\/div><div id=\"pg-118-7\"  class=\"panel-grid panel-no-style\" ><div id=\"pgc-118-7-0\"  class=\"panel-grid-cell\" ><div id=\"panel-118-7-0-0\" class=\"so-panel widget widget_sow-editor panel-first-child panel-last-child\" data-index=\"7\" ><div\n\t\t\t\n\t\t\tclass=\"so-widget-sow-editor so-widget-sow-editor-base\"\n\t\t\t\n\t\t>\n<div class=\"siteorigin-widget-tinymce textwidget\">\n\t<p><strong><u>K\u00f6nnten wir auf einer einsamen Insel \u00fcberleben?<\/u><\/strong><\/p>\n<p style=\"text-align: justify;\">Am 16.10.25 begaben sich die Kinder der 4. Klassen auf eine besondere Forscherreise. Alles drehte sich dabei um das Thema \u201eStrom\u201c.<\/p>\n<p style=\"text-align: justify;\">Frau Capudi und ihre Assistentin vom \u201eFehling-Lab\u201c liesen uns Teil einer besonderen Geschichte werden - und diese Geschichte wollen wir euch jetzt auch erz\u00e4hlen:<\/p>\n<p style=\"text-align: justify;\">\u201eWir waren mit unserem Forscher-Boot unterwegs. Pl\u00f6tzlich kam ein gro\u00dfes Gewitter auf und unser Schiff sank. Wir konnten uns doch noch durch Schwimmen retten und fanden uns auf einer Insel wieder. Ein wenig sp\u00e4ter sahen wir eine Kiste im Meer treiben. In dieser Kiste fanden wir Gl\u00fchbirnen, Kabel und einen Ventilator. Ob wir das noch irgendwann gebrauchen k\u00f6nnten? Etwas zu Essen w\u00e4re deutlich hilfreicher gewesen\u2026nunja\u2026 Auf der Insel wurde es immer dunkler \u2013 aber zum Gl\u00fcck hatten wir ja etwas Passendes in der Kiste, um uns ein Licht zu bauen.<\/p>\n<p style=\"text-align: justify;\">Und das taten wir dann auch: Mit den Kabeln, der Batterie und der Gl\u00fchbirne bauten wir einen Stromkreis und haben dadurch die Gl\u00fchbirne zum Leuchten gebracht. Ein bisschen mussten wir ausprobieren, bis es dann funktioniert hat \u2013 und wir sa\u00dfen nicht mehr im Dunkeln.<\/p>\n<p style=\"text-align: justify;\">Am n\u00e4chsten Morgen wurde es sehr hei\u00df \u2013 ein Ventilator, den wir einbauten, brachte uns k\u00fchle Luft.<\/p>\n<p style=\"text-align: justify;\">Am Abend wurde es dann wieder dunkel \u2013 doch es war immernoch hei\u00df, also mussten wir die Luft mit dem Licht verbinden um es uns so ertr\u00e4glich wie m\u00f6glich zu machen.<\/p>\n<p style=\"text-align: justify;\">Am Ende stellen wir fest, dass wir nicht ewig auf der Insel bleiben k\u00f6nnen und sendeten mit Hilfe von Morsezeichen ein SOS-Signal \u2013 und wirklich kam ein Schiff, das uns rettete.\u201c<\/p>\n<p style=\"text-align: justify;\">Mit Hilfe dieser tollen Geschichte konnten wir uns mit dem Thema Strom besch\u00e4ftigen und haben in kurzer Zeit sehr viel Interessantes entdeckt und gelernt. Wir freuen uns noch viel mehr \u00fcber dieses Thema zu lernen.<\/p>\n<p style=\"text-align: justify;\">Ein gro\u00dfes Dankesch\u00f6n an Frau Capudi und das Fehling-Lab, sowie an den F\u00f6rdverein \u201eFASS\u201c der uns das Projekt finanziell erm\u00f6glicht hat.<\/p>\n<p>(von Mara &amp; Lena 4a)<\/p>\n<\/div>\n<\/div><\/div><\/div><\/div><div id=\"pg-118-8\"  class=\"panel-grid panel-no-style\" ><div id=\"pgc-118-8-0\"  class=\"panel-grid-cell\" ><div id=\"panel-118-8-0-0\" class=\"so-panel widget widget_sow-image panel-first-child panel-last-child\" data-index=\"8\" ><div\n\t\t\t\n\t\t\tclass=\"so-widget-sow-image so-widget-sow-image-default-8b5b6f678277-118\"\n\t\t\t\n\t\t>\n<div class=\"sow-image-container\">\n\t\t<img \n\tsrc=\"https:\/\/www.ass-denkendorf.de\/wp-content\/uploads\/2025\/12\/Fehling-Lab.jpg\" width=\"937\" height=\"624\" srcset=\"https:\/\/www.ass-denkendorf.de\/wp-content\/uploads\/2025\/12\/Fehling-Lab.jpg 937w, https:\/\/www.ass-denkendorf.de\/wp-content\/uploads\/2025\/12\/Fehling-Lab-300x200.jpg 300w, https:\/\/www.ass-denkendorf.de\/wp-content\/uploads\/2025\/12\/Fehling-Lab-768x511.jpg 768w, https:\/\/www.ass-denkendorf.de\/wp-content\/uploads\/2025\/12\/Fehling-Lab-272x182.jpg 272w\" sizes=\"(max-width: 937px) 100vw, 937px\" title=\"Fehling Lab\" alt=\"\" \t\tclass=\"so-widget-image\"\/>\n\t<\/div>\n\n<\/div><\/div><\/div><\/div><div id=\"pg-118-9\"  class=\"panel-grid panel-no-style\" ><div id=\"pgc-118-9-0\"  class=\"panel-grid-cell\" ><div id=\"panel-118-9-0-0\" class=\"so-panel widget widget_sow-editor panel-first-child panel-last-child\" data-index=\"9\" ><div\n\t\t\t\n\t\t\tclass=\"so-widget-sow-editor so-widget-sow-editor-base\"\n\t\t\t\n\t\t>\n<div class=\"siteorigin-widget-tinymce textwidget\">\n\t<p><strong>Frederik Tag<\/strong><\/p>\n<\/div>\n<\/div><\/div><\/div><\/div><div id=\"pg-118-10\"  class=\"panel-grid panel-no-style\" ><div id=\"pgc-118-10-0\"  class=\"panel-grid-cell\" ><div id=\"panel-118-10-0-0\" class=\"so-panel widget widget_sow-editor panel-first-child\" data-index=\"10\" ><div\n\t\t\t\n\t\t\tclass=\"so-widget-sow-editor so-widget-sow-editor-base\"\n\t\t\t\n\t\t>\n<div class=\"siteorigin-widget-tinymce textwidget\">\n\t<p style=\"text-align: justify;\">Letzte Woche fand in unserer Grundschule der Frederick-Tag statt. Dabei haben viele Vorleserinnen und Vorleser unseren Grundsch\u00fclern die sch\u00f6nsten Geschichten vorgelesen. Es war eine tolle gemeinsame Zeit und wir wurden unterst\u00fctzt von (hier Liste der SuS+Klasse), von Frau Beate M\u00fcller von der Sprachhilfe Denkendorf und sogar unsere Schulleiterin Frau Marggraf hat aus dem Buch \u201eDas kleine Gespenst\u201c von Ottfried Preu\u00dfler vorgelesen.<\/p>\n<\/div>\n<\/div><\/div><div id=\"panel-118-10-0-1\" class=\"so-panel widget widget_sow-image panel-last-child\" data-index=\"11\" ><div\n\t\t\t\n\t\t\tclass=\"so-widget-sow-image so-widget-sow-image-default-8b5b6f678277-118\"\n\t\t\t\n\t\t>\n<div class=\"sow-image-container\">\n\t\t<img \n\tsrc=\"https:\/\/www.ass-denkendorf.de\/wp-content\/uploads\/2025\/10\/Vorlesen.jpg\" width=\"462\" height=\"640\" srcset=\"https:\/\/www.ass-denkendorf.de\/wp-content\/uploads\/2025\/10\/Vorlesen.jpg 462w, https:\/\/www.ass-denkendorf.de\/wp-content\/uploads\/2025\/10\/Vorlesen-217x300.jpg 217w\" sizes=\"(max-width: 462px) 100vw, 462px\" alt=\"\" \t\tclass=\"so-widget-image\"\/>\n\t<\/div>\n\n<\/div><\/div><\/div><\/div><div id=\"pg-118-11\"  class=\"panel-grid panel-no-style\" ><div id=\"pgc-118-11-0\"  class=\"panel-grid-cell\" ><div id=\"panel-118-11-0-0\" class=\"so-panel widget widget_sow-editor panel-first-child panel-last-child\" data-index=\"12\" ><div\n\t\t\t\n\t\t\tclass=\"so-widget-sow-editor so-widget-sow-editor-base\"\n\t\t\t\n\t\t>\n<div class=\"siteorigin-widget-tinymce textwidget\">\n\t<p><strong>Schulhocketse<\/strong><\/p>\n<p>&nbsp;<\/p>\n<p style=\"text-align: justify;\"><span data-olk-copy-source=\"MessageBody\">Unsere Schulhocketse am 26.09.2025 nutzte unser F\u00f6rderverein FASS f\u00fcr die mehr als erfreuliche Bekanntgabe einer gro\u00dfen und erfolgreichen Spendenaktion (ausf\u00fchrlicher Bericht folgt). Mit Unterst\u00fctzung von Mitarbeitenden der DITF, des Kinderbeirats der Kinderstiftung Esslingen-N\u00fcrtingen und der ganzen Elternschaft kann der FASS der Schule nun 12 Lego-Spike-Roboter zur Verf\u00fcgung stellen. Und als w\u00e4re das nicht schon Anlass zum Feiern genug, bekamen wir\u00a0 k\u00fcrzlich noch die Zusage der Firma Festo SE &amp; Co. KG, eine Anzahl von 12 weiteren Lego-Spike-Robotern zu spenden. Die Freude dar\u00fcber ist riesengro\u00df, die Schule bedankt sich beim FASS und bei allen Sponsoren! Wie sch\u00f6n, dass alle bei der \u00dcbergabe dabei sein konnten!<\/span><\/p>\n<\/div>\n<\/div><\/div><\/div><\/div><div id=\"pg-118-12\"  class=\"panel-grid panel-no-style\" ><div id=\"pgc-118-12-0\"  class=\"panel-grid-cell\" ><div id=\"panel-118-12-0-0\" class=\"so-panel widget widget_sow-image panel-first-child panel-last-child\" data-index=\"13\" ><div\n\t\t\t\n\t\t\tclass=\"so-widget-sow-image so-widget-sow-image-default-8b5b6f678277-118\"\n\t\t\t\n\t\t>\n<div class=\"sow-image-container\">\n\t\t<img \n\tsrc=\"https:\/\/www.ass-denkendorf.de\/wp-content\/uploads\/2025\/09\/IMG_1983topII.jpg\" width=\"1036\" height=\"691\" srcset=\"https:\/\/www.ass-denkendorf.de\/wp-content\/uploads\/2025\/09\/IMG_1983topII.jpg 1036w, https:\/\/www.ass-denkendorf.de\/wp-content\/uploads\/2025\/09\/IMG_1983topII-300x200.jpg 300w, https:\/\/www.ass-denkendorf.de\/wp-content\/uploads\/2025\/09\/IMG_1983topII-1024x683.jpg 1024w, https:\/\/www.ass-denkendorf.de\/wp-content\/uploads\/2025\/09\/IMG_1983topII-768x512.jpg 768w, https:\/\/www.ass-denkendorf.de\/wp-content\/uploads\/2025\/09\/IMG_1983topII-272x182.jpg 272w\" sizes=\"(max-width: 1036px) 100vw, 1036px\" alt=\"\" \t\tclass=\"so-widget-image\"\/>\n\t<\/div>\n\n<\/div><\/div><\/div><\/div><div id=\"pg-118-13\"  class=\"panel-grid panel-no-style\" ><div id=\"pgc-118-13-0\"  class=\"panel-grid-cell\" ><div id=\"panel-118-13-0-0\" class=\"so-panel widget widget_sow-editor panel-first-child panel-last-child\" data-index=\"14\" ><div\n\t\t\t\n\t\t\tclass=\"so-widget-sow-editor so-widget-sow-editor-base\"\n\t\t\t\n\t\t>\n<div class=\"siteorigin-widget-tinymce textwidget\">\n\t<p style=\"text-align: justify;\">Foto: h.v.l. Frau Kornelija Ljubek-Ples (Kinderbeirats der Kinderstiftung Esslingen-N\u00fcrtingen), Frau Lena M\u00fcller und Frau Meike Kirnberger (<span data-olk-copy-source=\"MessageBody\">Mitarbeitende DITF<\/span>), Herr Stefan Schwerdtle (FESTO), Herr Frieder Raichle (IT-Lehrkraft Albert-Schweitzer-Schule)<br \/>\nv.v.l. Frau <span data-olk-copy-source=\"MessageBody\">Melanie Schweizer<\/span> (1. Vorsitzende F\u00f6rderverein FASS), Frau Ute Schad (2. Vorsitzende F\u00f6rderverein FASS), Frau Jutta Engelmann (<span data-olk-copy-source=\"MessageBody\">Mitarbeitende DITF<\/span>), Frau Eva Marggraf (Schulleiterin Albert-Schweitzer-Schule), Frau Franziska Amend\u00a0 (IT-Lehrkraft Albert-Schweitzer-Schule), Frau Jasmin M\u00fcller und Frau Rea Lenser (FESTO)<\/p>\n<\/div>\n<\/div><\/div><\/div><\/div><div id=\"pg-118-14\"  class=\"panel-grid panel-no-style\" ><div id=\"pgc-118-14-0\"  class=\"panel-grid-cell\" ><div id=\"panel-118-14-0-0\" class=\"so-panel widget widget_sow-image panel-first-child panel-last-child\" data-index=\"15\" ><div\n\t\t\t\n\t\t\tclass=\"so-widget-sow-image so-widget-sow-image-default-8b5b6f678277-118\"\n\t\t\t\n\t\t>\n<div class=\"sow-image-container\">\n\t\t<img \n\tsrc=\"https:\/\/www.ass-denkendorf.de\/wp-content\/uploads\/2025\/09\/Schulhocketse1.jpg\" width=\"977\" height=\"551\" srcset=\"https:\/\/www.ass-denkendorf.de\/wp-content\/uploads\/2025\/09\/Schulhocketse1.jpg 977w, https:\/\/www.ass-denkendorf.de\/wp-content\/uploads\/2025\/09\/Schulhocketse1-300x169.jpg 300w, https:\/\/www.ass-denkendorf.de\/wp-content\/uploads\/2025\/09\/Schulhocketse1-768x433.jpg 768w\" sizes=\"(max-width: 977px) 100vw, 977px\" alt=\"\" \t\tclass=\"so-widget-image\"\/>\n\t<\/div>\n\n<\/div><\/div><\/div><\/div><div id=\"pg-118-15\"  class=\"panel-grid panel-no-style\" ><div id=\"pgc-118-15-0\"  class=\"panel-grid-cell\" ><div id=\"panel-118-15-0-0\" class=\"so-panel widget widget_sow-image panel-first-child panel-last-child\" data-index=\"16\" ><div\n\t\t\t\n\t\t\tclass=\"so-widget-sow-image so-widget-sow-image-default-8b5b6f678277-118\"\n\t\t\t\n\t\t>\n<div class=\"sow-image-container\">\n\t\t<img \n\tsrc=\"https:\/\/www.ass-denkendorf.de\/wp-content\/uploads\/2025\/09\/Schulhocketse2.jpg\" width=\"975\" height=\"548\" srcset=\"https:\/\/www.ass-denkendorf.de\/wp-content\/uploads\/2025\/09\/Schulhocketse2.jpg 975w, https:\/\/www.ass-denkendorf.de\/wp-content\/uploads\/2025\/09\/Schulhocketse2-300x169.jpg 300w, https:\/\/www.ass-denkendorf.de\/wp-content\/uploads\/2025\/09\/Schulhocketse2-768x432.jpg 768w\" sizes=\"(max-width: 975px) 100vw, 975px\" alt=\"\" \t\tclass=\"so-widget-image\"\/>\n\t<\/div>\n\n<\/div><\/div><\/div><\/div><div id=\"pg-118-16\"  class=\"panel-grid panel-no-style\" ><div id=\"pgc-118-16-0\"  class=\"panel-grid-cell\" ><div id=\"panel-118-16-0-0\" class=\"so-panel widget widget_sow-image panel-first-child panel-last-child\" data-index=\"17\" ><div\n\t\t\t\n\t\t\tclass=\"so-widget-sow-image so-widget-sow-image-default-8b5b6f678277-118\"\n\t\t\t\n\t\t>\n<div class=\"sow-image-container\">\n\t\t<img \n\tsrc=\"https:\/\/www.ass-denkendorf.de\/wp-content\/uploads\/2025\/09\/Willkommen-zurueck.jpg\" width=\"720\" height=\"960\" srcset=\"https:\/\/www.ass-denkendorf.de\/wp-content\/uploads\/2025\/09\/Willkommen-zurueck.jpg 720w, https:\/\/www.ass-denkendorf.de\/wp-content\/uploads\/2025\/09\/Willkommen-zurueck-225x300.jpg 225w\" sizes=\"(max-width: 720px) 100vw, 720px\" title=\"Willkommen zur\u00fcck\" alt=\"\" \t\tclass=\"so-widget-image\"\/>\n\t<\/div>\n\n<\/div><\/div><\/div><\/div><\/div>","protected":false},"excerpt":{"rendered":"<p>Schuljahr 2025\/2026<\/p>\n","protected":false},"author":1,"featured_media":0,"parent":32,"menu_order":0,"comment_status":"closed","ping_status":"closed","template":"","meta":{"_mc_calendar":[],"footnotes":""},"class_list":["post-118","page","type-page","status-publish","hentry"],"_links":{"self":[{"href":"https:\/\/www.ass-denkendorf.de\/index.php?rest_route=\/wp\/v2\/pages\/118"}],"collection":[{"href":"https:\/\/www.ass-denkendorf.de\/index.php?rest_route=\/wp\/v2\/pages"}],"about":[{"href":"https:\/\/www.ass-denkendorf.de\/index.php?rest_route=\/wp\/v2\/types\/page"}],"author":[{"embeddable":true,"href":"https:\/\/www.ass-denkendorf.de\/index.php?rest_route=\/wp\/v2\/users\/1"}],"replies":[{"embeddable":true,"href":"https:\/\/www.ass-denkendorf.de\/index.php?rest_route=%2Fwp%2Fv2%2Fcomments&post=118"}],"version-history":[{"count":399,"href":"https:\/\/www.ass-denkendorf.de\/index.php?rest_route=\/wp\/v2\/pages\/118\/revisions"}],"predecessor-version":[{"id":12260,"href":"https:\/\/www.ass-denkendorf.de\/index.php?rest_route=\/wp\/v2\/pages\/118\/revisions\/12260"}],"up":[{"embeddable":true,"href":"https:\/\/www.ass-denkendorf.de\/index.php?rest_route=\/wp\/v2\/pages\/32"}],"wp:attachment":[{"href":"https:\/\/www.ass-denkendorf.de\/index.php?rest_route=%2Fwp%2Fv2%2Fmedia&parent=118"}],"curies":[{"name":"wp","href":"https:\/\/api.w.org\/{rel}","templated":true}]}}