{"id":11414,"date":"2025-01-09T13:07:43","date_gmt":"2025-01-09T12:07:43","guid":{"rendered":"https:\/\/www.ass-denkendorf.de\/?page_id=11414"},"modified":"2025-01-16T13:34:37","modified_gmt":"2025-01-16T12:34:37","slug":"archiv-ass-23-24","status":"publish","type":"page","link":"https:\/\/www.ass-denkendorf.de\/?page_id=11414","title":{"rendered":"Archiv ASS 23\/24"},"content":{"rendered":"<div id=\"pl-gb11414-69de7c08c9f55\"  class=\"panel-layout\" ><div id=\"pg-gb11414-69de7c08c9f55-0\"  class=\"panel-grid panel-no-style\" ><div id=\"pgc-gb11414-69de7c08c9f55-0-0\"  class=\"panel-grid-cell\" ><div id=\"panel-gb11414-69de7c08c9f55-0-0-0\" class=\"so-panel widget widget_sow-editor panel-first-child panel-last-child\" data-index=\"0\" ><div\n\t\t\t\n\t\t\tclass=\"so-widget-sow-editor so-widget-sow-editor-base\"\n\t\t\t\n\t\t>\n<div class=\"siteorigin-widget-tinymce textwidget\">\n\t<p><strong>Schuljahr 2023\/2024<\/strong><\/p>\n<\/div>\n<\/div><\/div><\/div><\/div><div id=\"pg-gb11414-69de7c08c9f55-1\"  class=\"panel-grid panel-no-style\" ><div id=\"pgc-gb11414-69de7c08c9f55-1-0\"  class=\"panel-grid-cell\" ><div id=\"panel-gb11414-69de7c08c9f55-1-0-0\" class=\"so-panel widget widget_sow-image panel-first-child panel-last-child\" data-index=\"1\" ><div\n\t\t\t\n\t\t\tclass=\"so-widget-sow-image so-widget-sow-image-default-8b5b6f678277-11414\"\n\t\t\t\n\t\t>\n<div class=\"sow-image-container\">\n\t\t<img \n\tsrc=\"https:\/\/www.ass-denkendorf.de\/wp-content\/uploads\/2024\/07\/letzter-Schultag.jpg\" width=\"717\" height=\"913\" srcset=\"https:\/\/www.ass-denkendorf.de\/wp-content\/uploads\/2024\/07\/letzter-Schultag.jpg 717w, https:\/\/www.ass-denkendorf.de\/wp-content\/uploads\/2024\/07\/letzter-Schultag-236x300.jpg 236w\" sizes=\"(max-width: 717px) 100vw, 717px\" title=\"letzter Schultag\" alt=\"\" \t\tclass=\"so-widget-image\"\/>\n\t<\/div>\n\n<\/div><\/div><\/div><\/div><div id=\"pg-gb11414-69de7c08c9f55-2\"  class=\"panel-grid panel-no-style\" ><div id=\"pgc-gb11414-69de7c08c9f55-2-0\"  class=\"panel-grid-cell\" ><div id=\"panel-gb11414-69de7c08c9f55-2-0-0\" class=\"so-panel widget widget_sow-editor panel-first-child panel-last-child\" data-index=\"2\" ><div\n\t\t\t\n\t\t\tclass=\"so-widget-sow-editor so-widget-sow-editor-base\"\n\t\t\t\n\t\t>\n<div class=\"siteorigin-widget-tinymce textwidget\">\n\t<p style=\"font-weight: 400;\"><strong>Kreisweite Spendenaktion zur St\u00e4rkung der Lesekompetenz<\/strong><\/p>\n<p style=\"text-align: justify;\">\n<p style=\"font-weight: 400;\">B\u00fccher f\u00fcr Drittkl\u00e4ssler von Bildungsstiftung der Kreissparkasse.<\/p>\n<p style=\"text-align: justify;\">\n<p style=\"font-weight: 400;\">Die dritten Klassen der Albert-Schweitzer-Schule (ASS) und der Ludwig-Uhland-Schule (LUS) erhalten B\u00fccher von der Bildungsstiftung der Kreissparkasse Esslingen-N\u00fcrtingen. Mit der Buchspendenaktion an Grundschulen st\u00e4rkt die Bildungsstiftung die Lesekompetenz an Grundschulen.<\/p>\n<\/div>\n<\/div><\/div><\/div><\/div><div id=\"pg-gb11414-69de7c08c9f55-3\"  class=\"panel-grid panel-no-style\" ><div id=\"pgc-gb11414-69de7c08c9f55-3-0\"  class=\"panel-grid-cell\" ><div id=\"panel-gb11414-69de7c08c9f55-3-0-0\" class=\"so-panel widget widget_sow-image panel-first-child panel-last-child\" data-index=\"3\" ><div\n\t\t\t\n\t\t\tclass=\"so-widget-sow-image so-widget-sow-image-default-8b5b6f678277-11414\"\n\t\t\t\n\t\t>\n<div class=\"sow-image-container\">\n\t\t<img \n\tsrc=\"https:\/\/www.ass-denkendorf.de\/wp-content\/uploads\/2023\/12\/Spendenaktion-Buecher.jpg\" width=\"1221\" height=\"922\" srcset=\"https:\/\/www.ass-denkendorf.de\/wp-content\/uploads\/2023\/12\/Spendenaktion-Buecher.jpg 1221w, https:\/\/www.ass-denkendorf.de\/wp-content\/uploads\/2023\/12\/Spendenaktion-Buecher-300x227.jpg 300w, https:\/\/www.ass-denkendorf.de\/wp-content\/uploads\/2023\/12\/Spendenaktion-Buecher-1024x773.jpg 1024w, https:\/\/www.ass-denkendorf.de\/wp-content\/uploads\/2023\/12\/Spendenaktion-Buecher-768x580.jpg 768w\" sizes=\"(max-width: 1221px) 100vw, 1221px\" title=\"Spendenaktion B\u00fccher\" alt=\"\" \t\tclass=\"so-widget-image\"\/>\n\t<\/div>\n\n<\/div><\/div><\/div><\/div><div id=\"pg-gb11414-69de7c08c9f55-4\"  class=\"panel-grid panel-no-style\" ><div id=\"pgc-gb11414-69de7c08c9f55-4-0\"  class=\"panel-grid-cell\" ><div id=\"panel-gb11414-69de7c08c9f55-4-0-0\" class=\"so-panel widget widget_sow-editor panel-first-child panel-last-child\" data-index=\"4\" ><div\n\t\t\t\n\t\t\tclass=\"so-widget-sow-editor so-widget-sow-editor-base\"\n\t\t\t\n\t\t>\n<div class=\"siteorigin-widget-tinymce textwidget\">\n\t<p>Friedenstauben erstellt von der Klasse 2b mit Frau Reichart.<\/p>\n<\/div>\n<\/div><\/div><\/div><\/div><div id=\"pg-gb11414-69de7c08c9f55-5\"  class=\"panel-grid panel-no-style\" ><div id=\"pgc-gb11414-69de7c08c9f55-5-0\"  class=\"panel-grid-cell\" ><div id=\"panel-gb11414-69de7c08c9f55-5-0-0\" class=\"so-panel widget widget_sow-image panel-first-child panel-last-child\" data-index=\"5\" ><div\n\t\t\t\n\t\t\tclass=\"so-widget-sow-image so-widget-sow-image-default-8b5b6f678277-11414\"\n\t\t\t\n\t\t>\n<div class=\"sow-image-container\">\n\t\t<img \n\tsrc=\"https:\/\/www.ass-denkendorf.de\/wp-content\/uploads\/2022\/03\/MicrosoftTeams-image.jpg\" width=\"612\" height=\"816\" srcset=\"https:\/\/www.ass-denkendorf.de\/wp-content\/uploads\/2022\/03\/MicrosoftTeams-image.jpg 612w, https:\/\/www.ass-denkendorf.de\/wp-content\/uploads\/2022\/03\/MicrosoftTeams-image-225x300.jpg 225w\" sizes=\"(max-width: 612px) 100vw, 612px\" alt=\"\" \t\tclass=\"so-widget-image\"\/>\n\t<\/div>\n\n<\/div><\/div><\/div><\/div><div id=\"pg-gb11414-69de7c08c9f55-6\"  class=\"panel-grid panel-no-style\" ><div id=\"pgc-gb11414-69de7c08c9f55-6-0\"  class=\"panel-grid-cell\" ><div id=\"panel-gb11414-69de7c08c9f55-6-0-0\" class=\"so-panel widget widget_sow-editor panel-first-child panel-last-child\" data-index=\"6\" ><div\n\t\t\t\n\t\t\tclass=\"so-widget-sow-editor so-widget-sow-editor-base\"\n\t\t\t\n\t\t>\n<div class=\"siteorigin-widget-tinymce textwidget\">\n\t<p><strong>Adventsbazar<\/strong><\/p>\n<p style=\"text-align: justify;\">Unsere Sch\u00fclerinnen und Sch\u00fcler haben am\u00a0<b>Adventsbazar<\/b>\u00a0mit Unterst\u00fctzung der Eltern, Lehrerschaft und des F\u00f6rdervereins ein so wunderbares und vielf\u00e4ltiges Angebot f\u00fcr G\u00e4ste und Besucher bereitgestellt und durften zeigen, was sie alles k\u00f6nnen. Wir konnten in so heimeliger und stimmungsvoller Atmosph\u00e4re und in so herrlicher winterlicher Stimmung unser Beisammensein einmal au\u00dferhalb des Unterrichts genie\u00dfen. Allen Kindern, Jugendlichen, Eltern, Lehrerinnen und Lehrern, Mitarbeiterinnen und Mitarbeitern geb\u00fchrt\u00a0<b>ein gro\u00dfes Lob und ein ganz besonderes Dankesch\u00f6n<\/b>.\u00a0Und so wie ich es von vielen Seiten vernehme, steckt in der warmen Erinnerung an den vergangenen Freitag schon die Vorfreude auf ein n\u00e4chstes Mal. Das ist ein wertvolles Zeichen. Ich selbst bin noch ganz beseelt von den vielen Eindr\u00fccken und kann mir sehr gut vorstellen, dass es eine Neuauflage geben k\u00f6nnte.<\/p>\n<\/div>\n<\/div><\/div><\/div><\/div><div id=\"pg-gb11414-69de7c08c9f55-7\"  class=\"panel-grid panel-no-style\" ><div id=\"pgc-gb11414-69de7c08c9f55-7-0\"  class=\"panel-grid-cell\" ><div id=\"panel-gb11414-69de7c08c9f55-7-0-0\" class=\"so-panel widget widget_sow-image panel-first-child panel-last-child\" data-index=\"7\" ><div\n\t\t\t\n\t\t\tclass=\"so-widget-sow-image so-widget-sow-image-default-8b5b6f678277-11414\"\n\t\t\t\n\t\t>\n<div class=\"sow-image-container\">\n\t\t<img \n\tsrc=\"https:\/\/www.ass-denkendorf.de\/wp-content\/uploads\/2023\/12\/MicrosoftTeams-image.jpg\" width=\"756\" height=\"1024\" srcset=\"https:\/\/www.ass-denkendorf.de\/wp-content\/uploads\/2023\/12\/MicrosoftTeams-image.jpg 756w, https:\/\/www.ass-denkendorf.de\/wp-content\/uploads\/2023\/12\/MicrosoftTeams-image-221x300.jpg 221w\" sizes=\"(max-width: 756px) 100vw, 756px\" alt=\"\" \t\tclass=\"so-widget-image\"\/>\n\t<\/div>\n\n<\/div><\/div><\/div><\/div><div id=\"pg-gb11414-69de7c08c9f55-8\"  class=\"panel-grid panel-no-style\" ><div id=\"pgc-gb11414-69de7c08c9f55-8-0\"  class=\"panel-grid-cell\" ><div id=\"panel-gb11414-69de7c08c9f55-8-0-0\" class=\"so-panel widget widget_sow-editor panel-first-child panel-last-child\" data-index=\"8\" ><div\n\t\t\t\n\t\t\tclass=\"so-widget-sow-editor so-widget-sow-editor-base\"\n\t\t\t\n\t\t>\n<div class=\"siteorigin-widget-tinymce textwidget\">\n\t<p><strong>Die 9a mit ihrer Christmas-Fotobox und ALLE anderen bedanken sich f\u00fcr den sch\u00f6nen Adventsbazar!<\/strong><\/p>\n<\/div>\n<\/div><\/div><\/div><\/div><div id=\"pg-gb11414-69de7c08c9f55-9\"  class=\"panel-grid panel-no-style\" ><div id=\"pgc-gb11414-69de7c08c9f55-9-0\"  class=\"panel-grid-cell\" ><div id=\"panel-gb11414-69de7c08c9f55-9-0-0\" class=\"so-panel widget widget_sow-image panel-first-child panel-last-child\" data-index=\"9\" ><div\n\t\t\t\n\t\t\tclass=\"so-widget-sow-image so-widget-sow-image-default-8b5b6f678277-11414\"\n\t\t\t\n\t\t>\n<div class=\"sow-image-container\">\n\t\t<img \n\tsrc=\"https:\/\/www.ass-denkendorf.de\/wp-content\/uploads\/2023\/11\/Adventsbazar.jpg\" width=\"542\" height=\"742\" srcset=\"https:\/\/www.ass-denkendorf.de\/wp-content\/uploads\/2023\/11\/Adventsbazar.jpg 542w, https:\/\/www.ass-denkendorf.de\/wp-content\/uploads\/2023\/11\/Adventsbazar-219x300.jpg 219w\" sizes=\"(max-width: 542px) 100vw, 542px\" alt=\"\" \t\tclass=\"so-widget-image\"\/>\n\t<\/div>\n\n<\/div><\/div><\/div><\/div><div id=\"pg-gb11414-69de7c08c9f55-10\"  class=\"panel-grid panel-no-style\" ><div id=\"pgc-gb11414-69de7c08c9f55-10-0\"  class=\"panel-grid-cell\" ><div id=\"panel-gb11414-69de7c08c9f55-10-0-0\" class=\"so-panel widget widget_sow-image panel-first-child panel-last-child\" data-index=\"10\" ><div\n\t\t\t\n\t\t\tclass=\"so-widget-sow-image so-widget-sow-image-default-8b5b6f678277-11414\"\n\t\t\t\n\t\t>\n<div class=\"sow-image-container\">\n\t\t<img \n\tsrc=\"https:\/\/www.ass-denkendorf.de\/wp-content\/uploads\/2023\/10\/Zieglersche.jpg\" width=\"1084\" height=\"844\" srcset=\"https:\/\/www.ass-denkendorf.de\/wp-content\/uploads\/2023\/10\/Zieglersche.jpg 1084w, https:\/\/www.ass-denkendorf.de\/wp-content\/uploads\/2023\/10\/Zieglersche-300x234.jpg 300w, https:\/\/www.ass-denkendorf.de\/wp-content\/uploads\/2023\/10\/Zieglersche-1024x797.jpg 1024w, https:\/\/www.ass-denkendorf.de\/wp-content\/uploads\/2023\/10\/Zieglersche-768x598.jpg 768w\" sizes=\"(max-width: 1084px) 100vw, 1084px\" alt=\"\" \t\tclass=\"so-widget-image\"\/>\n\t<\/div>\n\n<\/div><\/div><\/div><\/div><div id=\"pg-gb11414-69de7c08c9f55-11\"  class=\"panel-grid panel-no-style\" ><div id=\"pgc-gb11414-69de7c08c9f55-11-0\"  class=\"panel-grid-cell\" ><div id=\"panel-gb11414-69de7c08c9f55-11-0-0\" class=\"so-panel widget widget_sow-image panel-first-child panel-last-child\" data-index=\"11\" ><div\n\t\t\t\n\t\t\tclass=\"so-widget-sow-image so-widget-sow-image-default-8b5b6f678277-11414\"\n\t\t\t\n\t\t>\n<div class=\"sow-image-container\">\n\t\t<img \n\tsrc=\"https:\/\/www.ass-denkendorf.de\/wp-content\/uploads\/2023\/10\/20231023_105313_Die-Zieglerschen.jpg\" width=\"953\" height=\"606\" srcset=\"https:\/\/www.ass-denkendorf.de\/wp-content\/uploads\/2023\/10\/20231023_105313_Die-Zieglerschen.jpg 953w, https:\/\/www.ass-denkendorf.de\/wp-content\/uploads\/2023\/10\/20231023_105313_Die-Zieglerschen-300x191.jpg 300w, https:\/\/www.ass-denkendorf.de\/wp-content\/uploads\/2023\/10\/20231023_105313_Die-Zieglerschen-768x488.jpg 768w\" sizes=\"(max-width: 953px) 100vw, 953px\" title=\"20231023_105313_Die Zieglerschen\" alt=\"\" \t\tclass=\"so-widget-image\"\/>\n\t<\/div>\n\n<\/div><\/div><\/div><\/div><div id=\"pg-gb11414-69de7c08c9f55-12\"  class=\"panel-grid panel-no-style\" ><div id=\"pgc-gb11414-69de7c08c9f55-12-0\"  class=\"panel-grid-cell\" ><div id=\"panel-gb11414-69de7c08c9f55-12-0-0\" class=\"so-panel widget widget_sow-editor panel-first-child panel-last-child\" data-index=\"12\" ><div\n\t\t\t\n\t\t\tclass=\"so-widget-sow-editor so-widget-sow-editor-base\"\n\t\t\t\n\t\t>\n<div class=\"siteorigin-widget-tinymce textwidget\">\n\t<p><a href=\"https:\/\/www.zieglersche.de\/die-zieglerschen\/news\/altenhilfe\/neue-bildungspartnerschaft-vereinbart.html\">https:\/\/www.zieglersche.de\/die-zieglerschen\/news\/altenhilfe\/neue-bildungspartnerschaft-vereinbart.html<\/a><\/p>\n<\/div>\n<\/div><\/div><\/div><\/div><div id=\"pg-gb11414-69de7c08c9f55-13\"  class=\"panel-grid panel-no-style\" ><div id=\"pgc-gb11414-69de7c08c9f55-13-0\"  class=\"panel-grid-cell\" ><div id=\"panel-gb11414-69de7c08c9f55-13-0-0\" class=\"so-panel widget widget_sow-editor panel-first-child panel-last-child\" data-index=\"13\" ><div\n\t\t\t\n\t\t\tclass=\"so-widget-sow-editor so-widget-sow-editor-base\"\n\t\t\t\n\t\t>\n<div class=\"siteorigin-widget-tinymce textwidget\">\n\t<p><strong>Wir w\u00fcnschen allen unseren Sch\u00fclerinnen und Sch\u00fclern sowie der ganzen Schulgemeinschaft ein erfolgreiches neues Schuljahr!<\/strong><\/p>\n<\/div>\n<\/div><\/div><\/div><\/div><div id=\"pg-gb11414-69de7c08c9f55-14\"  class=\"panel-grid panel-no-style\" ><div id=\"pgc-gb11414-69de7c08c9f55-14-0\"  class=\"panel-grid-cell\" ><div id=\"panel-gb11414-69de7c08c9f55-14-0-0\" class=\"so-panel widget widget_sow-image panel-first-child panel-last-child\" data-index=\"14\" ><div\n\t\t\t\n\t\t\tclass=\"so-widget-sow-image so-widget-sow-image-default-8b5b6f678277-11414\"\n\t\t\t\n\t\t>\n<div class=\"sow-image-container\">\n\t\t<img \n\tsrc=\"https:\/\/www.ass-denkendorf.de\/wp-content\/uploads\/2023\/09\/IMG_0995.jpg\" width=\"827\" height=\"701\" srcset=\"https:\/\/www.ass-denkendorf.de\/wp-content\/uploads\/2023\/09\/IMG_0995.jpg 827w, https:\/\/www.ass-denkendorf.de\/wp-content\/uploads\/2023\/09\/IMG_0995-300x254.jpg 300w, https:\/\/www.ass-denkendorf.de\/wp-content\/uploads\/2023\/09\/IMG_0995-768x651.jpg 768w\" sizes=\"(max-width: 827px) 100vw, 827px\" alt=\"\" \t\tclass=\"so-widget-image\"\/>\n\t<\/div>\n\n<\/div><\/div><\/div><\/div><div id=\"pg-gb11414-69de7c08c9f55-15\"  class=\"panel-grid panel-no-style\" ><div id=\"pgc-gb11414-69de7c08c9f55-15-0\"  class=\"panel-grid-cell\" ><div id=\"panel-gb11414-69de7c08c9f55-15-0-0\" class=\"so-panel widget widget_sow-editor panel-first-child panel-last-child\" data-index=\"15\" ><div\n\t\t\t\n\t\t\tclass=\"so-widget-sow-editor so-widget-sow-editor-base\"\n\t\t\t\n\t\t>\n<div class=\"siteorigin-widget-tinymce textwidget\">\n\t<p>Eva Marggraf (Rektorin) &amp; Rima Lamprecht-Kr\u00fcger (Konrektorin)<\/p>\n<\/div>\n<\/div><\/div><\/div><\/div><\/div>\n\n\n<p><\/p>\n","protected":false},"excerpt":{"rendered":"<p>Schuljahr 2023\/2024<\/p>\n","protected":false},"author":9,"featured_media":0,"parent":85,"menu_order":0,"comment_status":"closed","ping_status":"closed","template":"","meta":{"_mc_calendar":[],"footnotes":""},"class_list":["post-11414","page","type-page","status-publish","hentry"],"_links":{"self":[{"href":"https:\/\/www.ass-denkendorf.de\/index.php?rest_route=\/wp\/v2\/pages\/11414"}],"collection":[{"href":"https:\/\/www.ass-denkendorf.de\/index.php?rest_route=\/wp\/v2\/pages"}],"about":[{"href":"https:\/\/www.ass-denkendorf.de\/index.php?rest_route=\/wp\/v2\/types\/page"}],"author":[{"embeddable":true,"href":"https:\/\/www.ass-denkendorf.de\/index.php?rest_route=\/wp\/v2\/users\/9"}],"replies":[{"embeddable":true,"href":"https:\/\/www.ass-denkendorf.de\/index.php?rest_route=%2Fwp%2Fv2%2Fcomments&post=11414"}],"version-history":[{"count":11,"href":"https:\/\/www.ass-denkendorf.de\/index.php?rest_route=\/wp\/v2\/pages\/11414\/revisions"}],"predecessor-version":[{"id":11454,"href":"https:\/\/www.ass-denkendorf.de\/index.php?rest_route=\/wp\/v2\/pages\/11414\/revisions\/11454"}],"up":[{"embeddable":true,"href":"https:\/\/www.ass-denkendorf.de\/index.php?rest_route=\/wp\/v2\/pages\/85"}],"wp:attachment":[{"href":"https:\/\/www.ass-denkendorf.de\/index.php?rest_route=%2Fwp%2Fv2%2Fmedia&parent=11414"}],"curies":[{"name":"wp","href":"https:\/\/api.w.org\/{rel}","templated":true}]}}