{"id":11411,"date":"2025-01-09T13:07:06","date_gmt":"2025-01-09T12:07:06","guid":{"rendered":"https:\/\/www.ass-denkendorf.de\/?page_id=11411"},"modified":"2025-01-16T13:26:46","modified_gmt":"2025-01-16T12:26:46","slug":"archiv-ass-22-23","status":"publish","type":"page","link":"https:\/\/www.ass-denkendorf.de\/?page_id=11411","title":{"rendered":"Archiv ASS 22\/23"},"content":{"rendered":"<div id=\"pl-gb11411-69de7b6dafd01\"  class=\"panel-layout\" ><div id=\"pg-gb11411-69de7b6dafd01-0\"  class=\"panel-grid panel-no-style\" ><div id=\"pgc-gb11411-69de7b6dafd01-0-0\"  class=\"panel-grid-cell\" ><div id=\"panel-gb11411-69de7b6dafd01-0-0-0\" class=\"so-panel widget widget_sow-image panel-first-child panel-last-child\" data-index=\"0\" ><div\n\t\t\t\n\t\t\tclass=\"so-widget-sow-image so-widget-sow-image-default-8b5b6f678277-11411\"\n\t\t\t\n\t\t>\n<div class=\"sow-image-container\">\n\t\t<img \n\tsrc=\"https:\/\/www.ass-denkendorf.de\/wp-content\/uploads\/2022\/11\/Fass-Adventsstand.jpg\" width=\"753\" height=\"1067\" srcset=\"https:\/\/www.ass-denkendorf.de\/wp-content\/uploads\/2022\/11\/Fass-Adventsstand.jpg 753w, https:\/\/www.ass-denkendorf.de\/wp-content\/uploads\/2022\/11\/Fass-Adventsstand-212x300.jpg 212w, https:\/\/www.ass-denkendorf.de\/wp-content\/uploads\/2022\/11\/Fass-Adventsstand-723x1024.jpg 723w\" sizes=\"(max-width: 753px) 100vw, 753px\" title=\"Fass Adventsstand\" alt=\"\" \t\tclass=\"so-widget-image\"\/>\n\t<\/div>\n\n<\/div><\/div><\/div><\/div><div id=\"pg-gb11411-69de7b6dafd01-1\"  class=\"panel-grid panel-no-style\" ><div id=\"pgc-gb11411-69de7b6dafd01-1-0\"  class=\"panel-grid-cell\" ><div id=\"panel-gb11411-69de7b6dafd01-1-0-0\" class=\"so-panel widget widget_sow-editor panel-first-child panel-last-child\" data-index=\"1\" ><div\n\t\t\t\n\t\t\tclass=\"so-widget-sow-editor so-widget-sow-editor-base\"\n\t\t\t\n\t\t>\n<div class=\"siteorigin-widget-tinymce textwidget\">\n\t<p><strong>Aktion unseres F\u00f6rdervereins:<\/strong><\/p>\n<p style=\"text-align: justify;\">Viele Eltern haben am vergangenen Freitag- und Samstagnachmittag den F\u00f6rderverein der ASS tatkr\u00e4ftig beim Adventskranzbinden und beim Schm\u00fccken der Adventskr\u00e4nze unterst\u00fctzt. Unsere Konrektorin Frau Lamprecht-Kr\u00fcger hat uns beim Basteln besucht und spontan beim Kranzbinden mitgemacht. Vielen Dank an alle flei\u00dfigen und kreativen Helfer. Die Vorstandschaft war begeistert und viele der Helfer haben ge\u00e4u\u00dfert, dass es ihnen richtig Spa\u00df gemacht hat.<\/p>\n<p>Aber Bilder sagen mehr als Worte.<\/p>\n<p style=\"text-align: justify;\">Die Adventskr\u00e4nze, T\u00fcrkr\u00e4nze, weihnachtliche Fensterdeko und vieles mehr werden an unserem Adventsstand vor der B\u00e4ckerei Schill, am Samstag 26.11.2022, verkauft und was \u00fcbrig bleibt wird beim Weihnachtstreff am Sonntag 04.12.2022, am Stand unserer Schule, zusammen mit leckeren Fleischk\u00e4swecken und unserem selbst hergestellten Apfelpunsch angeboten.<\/p>\n<\/div>\n<\/div><\/div><\/div><\/div><div id=\"pg-gb11411-69de7b6dafd01-2\"  class=\"panel-grid panel-no-style\" ><div id=\"pgc-gb11411-69de7b6dafd01-2-0\"  class=\"panel-grid-cell\" ><div id=\"panel-gb11411-69de7b6dafd01-2-0-0\" class=\"so-panel widget widget_sow-image panel-first-child panel-last-child\" data-index=\"2\" ><div\n\t\t\t\n\t\t\tclass=\"so-widget-sow-image so-widget-sow-image-default-8b5b6f678277-11411\"\n\t\t\t\n\t\t>\n<div class=\"sow-image-container\">\n\t\t<img \n\tsrc=\"https:\/\/www.ass-denkendorf.de\/wp-content\/uploads\/2022\/11\/image2.jpeg\" width=\"1600\" height=\"720\" srcset=\"https:\/\/www.ass-denkendorf.de\/wp-content\/uploads\/2022\/11\/image2.jpeg 1600w, https:\/\/www.ass-denkendorf.de\/wp-content\/uploads\/2022\/11\/image2-300x135.jpeg 300w, https:\/\/www.ass-denkendorf.de\/wp-content\/uploads\/2022\/11\/image2-1024x461.jpeg 1024w, https:\/\/www.ass-denkendorf.de\/wp-content\/uploads\/2022\/11\/image2-768x346.jpeg 768w, https:\/\/www.ass-denkendorf.de\/wp-content\/uploads\/2022\/11\/image2-1536x691.jpeg 1536w\" sizes=\"(max-width: 1600px) 100vw, 1600px\" alt=\"\" \t\tclass=\"so-widget-image\"\/>\n\t<\/div>\n\n<\/div><\/div><\/div><\/div><div id=\"pg-gb11411-69de7b6dafd01-3\"  class=\"panel-grid panel-no-style\" ><div id=\"pgc-gb11411-69de7b6dafd01-3-0\"  class=\"panel-grid-cell\" ><div id=\"panel-gb11411-69de7b6dafd01-3-0-0\" class=\"so-panel widget widget_sow-image panel-first-child panel-last-child\" data-index=\"3\" ><div\n\t\t\t\n\t\t\tclass=\"so-widget-sow-image so-widget-sow-image-default-8b5b6f678277-11411\"\n\t\t\t\n\t\t>\n<div class=\"sow-image-container\">\n\t\t<img \n\tsrc=\"https:\/\/www.ass-denkendorf.de\/wp-content\/uploads\/2022\/11\/image0.jpeg\" width=\"576\" height=\"1024\" srcset=\"https:\/\/www.ass-denkendorf.de\/wp-content\/uploads\/2022\/11\/image0.jpeg 576w, https:\/\/www.ass-denkendorf.de\/wp-content\/uploads\/2022\/11\/image0-169x300.jpeg 169w\" sizes=\"(max-width: 576px) 100vw, 576px\" alt=\"\" \t\tclass=\"so-widget-image\"\/>\n\t<\/div>\n\n<\/div><\/div><\/div><\/div><div id=\"pg-gb11411-69de7b6dafd01-4\"  class=\"panel-grid panel-no-style\" ><div id=\"pgc-gb11411-69de7b6dafd01-4-0\"  class=\"panel-grid-cell\" ><div id=\"panel-gb11411-69de7b6dafd01-4-0-0\" class=\"so-panel widget widget_sow-image panel-first-child panel-last-child\" data-index=\"4\" ><div\n\t\t\t\n\t\t\tclass=\"so-widget-sow-image so-widget-sow-image-default-8b5b6f678277-11411\"\n\t\t\t\n\t\t>\n<div class=\"sow-image-container\">\n\t\t<img \n\tsrc=\"https:\/\/www.ass-denkendorf.de\/wp-content\/uploads\/2022\/11\/Weifei2022.jpg\" width=\"787\" height=\"918\" srcset=\"https:\/\/www.ass-denkendorf.de\/wp-content\/uploads\/2022\/11\/Weifei2022.jpg 787w, https:\/\/www.ass-denkendorf.de\/wp-content\/uploads\/2022\/11\/Weifei2022-257x300.jpg 257w, https:\/\/www.ass-denkendorf.de\/wp-content\/uploads\/2022\/11\/Weifei2022-768x896.jpg 768w\" sizes=\"(max-width: 787px) 100vw, 787px\" alt=\"\" \t\tclass=\"so-widget-image\"\/>\n\t<\/div>\n\n<\/div><\/div><\/div><\/div><\/div>\n\n\n<p><\/p>\n","protected":false},"excerpt":{"rendered":"<p>Aktion unseres F\u00f6rdervereins: Viele Eltern haben am vergangenen Freitag- und Samstagnachmittag den F\u00f6rderverein der ASS tatkr\u00e4ftig beim Adventskranzbinden und beim Schm\u00fccken der Adventskr\u00e4nze unterst\u00fctzt. Unsere Konrektorin Frau Lamprecht-Kr\u00fcger hat uns beim Basteln besucht und spontan beim Kranzbinden mitgemacht. Vielen Dank an alle flei\u00dfigen und kreativen Helfer. Die Vorstandschaft war begeistert und viele der Helfer haben &hellip; <a href=\"https:\/\/www.ass-denkendorf.de\/?page_id=11411\" class=\"more-link\"><span class=\"screen-reader-text\">Archiv ASS 22\/23<\/span> weiterlesen <span class=\"meta-nav\">&rarr;<\/span><\/a><\/p>\n","protected":false},"author":9,"featured_media":0,"parent":85,"menu_order":0,"comment_status":"closed","ping_status":"closed","template":"","meta":{"_mc_calendar":[],"footnotes":""},"class_list":["post-11411","page","type-page","status-publish","hentry"],"_links":{"self":[{"href":"https:\/\/www.ass-denkendorf.de\/index.php?rest_route=\/wp\/v2\/pages\/11411"}],"collection":[{"href":"https:\/\/www.ass-denkendorf.de\/index.php?rest_route=\/wp\/v2\/pages"}],"about":[{"href":"https:\/\/www.ass-denkendorf.de\/index.php?rest_route=\/wp\/v2\/types\/page"}],"author":[{"embeddable":true,"href":"https:\/\/www.ass-denkendorf.de\/index.php?rest_route=\/wp\/v2\/users\/9"}],"replies":[{"embeddable":true,"href":"https:\/\/www.ass-denkendorf.de\/index.php?rest_route=%2Fwp%2Fv2%2Fcomments&post=11411"}],"version-history":[{"count":7,"href":"https:\/\/www.ass-denkendorf.de\/index.php?rest_route=\/wp\/v2\/pages\/11411\/revisions"}],"predecessor-version":[{"id":11446,"href":"https:\/\/www.ass-denkendorf.de\/index.php?rest_route=\/wp\/v2\/pages\/11411\/revisions\/11446"}],"up":[{"embeddable":true,"href":"https:\/\/www.ass-denkendorf.de\/index.php?rest_route=\/wp\/v2\/pages\/85"}],"wp:attachment":[{"href":"https:\/\/www.ass-denkendorf.de\/index.php?rest_route=%2Fwp%2Fv2%2Fmedia&parent=11411"}],"curies":[{"name":"wp","href":"https:\/\/api.w.org\/{rel}","templated":true}]}}