{"id":10989,"date":"2024-01-25T13:18:53","date_gmt":"2024-01-25T12:18:53","guid":{"rendered":"https:\/\/www.ass-denkendorf.de\/?page_id=10989"},"modified":"2024-02-08T13:24:54","modified_gmt":"2024-02-08T12:24:54","slug":"archiv-2022-2023","status":"publish","type":"page","link":"https:\/\/www.ass-denkendorf.de\/?page_id=10989","title":{"rendered":"Archiv 2022\/2023"},"content":{"rendered":"<div id=\"pl-gb10989-69fb35af37a91\"  class=\"panel-layout\" ><div id=\"pg-gb10989-69fb35af37a91-0\"  class=\"panel-grid panel-no-style\" ><div id=\"pgc-gb10989-69fb35af37a91-0-0\"  class=\"panel-grid-cell\" ><div id=\"panel-gb10989-69fb35af37a91-0-0-0\" class=\"so-panel widget widget_archives widget_archive panel-first-child panel-last-child\" data-index=\"0\" ><h3 class=\"widget-title\">Archiv<\/h3><nav aria-label=\"Archiv\">\n\t\t\t<ul>\n\t\t\t\t\t\t\t<\/ul>\n\n\t\t\t<\/nav><\/div><\/div><\/div><\/div>\n\n<div id=\"pl-gb10989-69fb35af420d1\"  class=\"panel-layout\" ><div id=\"pg-gb10989-69fb35af420d1-0\"  class=\"panel-grid panel-no-style\" ><div id=\"pgc-gb10989-69fb35af420d1-0-0\"  class=\"panel-grid-cell\" ><div id=\"panel-gb10989-69fb35af420d1-0-0-0\" class=\"so-panel widget widget_sow-editor panel-first-child\" data-index=\"0\" ><div\n\t\t\t\n\t\t\tclass=\"so-widget-sow-editor so-widget-sow-editor-base\"\n\t\t\t\n\t\t>\n<div class=\"siteorigin-widget-tinymce textwidget\">\n\t<p><strong>Schuljahr 2022\/2023<\/strong><\/p>\n<\/div>\n<\/div><\/div><div id=\"panel-gb10989-69fb35af420d1-0-0-1\" class=\"so-panel widget widget_sow-editor\" data-index=\"1\" ><div\n\t\t\t\n\t\t\tclass=\"so-widget-sow-editor so-widget-sow-editor-base\"\n\t\t\t\n\t\t>\n<div class=\"siteorigin-widget-tinymce textwidget\">\n\t<p><strong>IHK-Berufsparcours in Denkendorf<\/strong><\/p>\n<p style=\"font-weight: 400;\">Nach vier Jahren Pause ist der IHK-Berufsparcours wieder bei der Gemeinde Denkendorf und der Albert-Schweitzer-Schule zu Gast. Nach so langer Zeit feiert die Industrie- und Handelskammer Esslingen-N\u00fcrtingen gleich zwei Premieren in Denkendorf. Die Veranstaltung ist der dritte Berufsparcours in diesem Jahr \u2013 ein Novum f\u00fcr die IHK. Und mit der Teilnahme des M\u00f6rike-Gymnasiums haben dieses Jahr zum ersten Mal an allen Berufsparcours Gymnasien teilgenommen.<\/p>\n<p style=\"font-weight: 400;\">Im November 2018 waren wir das letzte Mal in Denkendorf, wir wollten 2020 wieder zur\u00fcckkehren &#8211; und dann kam Corona.<\/p>\n<p style=\"font-weight: 400;\">Talent, Motivation und Sympathie. Diese drei Faktoren stehen im Mittelpunkt des IHK-Berufsparcours. Bei dem Berufsparcours k\u00f6nnen fast 400 Sch\u00fclerinnen und Sch\u00fcler aus Esslingen, Denkendorf und Ostfildern an 17 Stationen verschiedenste Berufe anhand von Aufgaben praktisch erleben, die von lokalen Firmen gestellt werden. Durch die bewusst einfach gehaltenen Aufgaben kommen die Sch\u00fclerinnen und Sch\u00fcler leicht mit den Firmen ins Gespr\u00e4ch. Sie k\u00f6nnen sich ausprobieren, Erfolge und damit Mut sammeln. Kleine und mittlere Unternehmen haben durch spannende Aufgaben die Chance, Sch\u00fclerinnen und Sch\u00fcler f\u00fcr sich zu begeistern. Der Unternehmensname und die Berufsbezeichnung r\u00fccken dabei in den Hintergrund. Die Firmen erleben Sch\u00fclerinnen und Sch\u00fcler bei f\u00fcr den Beruf typischen Arbeitsproben und k\u00f6nnen talentierte Jugendliche direkt f\u00fcr ein Praktikum, eine Ausbildung oder ein Duales Studium anwerben.<\/p>\n<p style=\"font-weight: 400;\">Die Albert-Schweitzer-Schule Denkendorf und die Riegelhof-Realschule Ostfildern sind zum vierten Mal beim IHK-Berufsparcours dabei. Das M\u00f6rikegymnasium Esslingen zum ersten Mal.<\/p>\n<p style=\"font-weight: 400;\">Der Berufsparcours wurde vom Technikzentrum Minden-L\u00fcbbecke e.V. entwickelt. Der Berufsparcours wird seit fast 10 Jahren mit gro\u00dfem Erfolg von der IHK im Landkreis Esslingen organisiert.<\/p>\n<p style=\"font-weight: 400;\"><strong>\u00a0<\/strong><\/p>\n<p style=\"font-weight: 400;\"><strong>Teilnehmende Unternehmen:<\/strong><\/p>\n<ul>\n<li style=\"font-weight: 400;\">Balluff GmbH<\/li>\n<li style=\"font-weight: 400;\">Brenntag GmbH<\/li>\n<li style=\"font-weight: 400;\">DEHOGA Baden-W\u00fcrttemberg<\/li>\n<li style=\"font-weight: 400;\">dm-drogerie markt GmbH+Co.KG<\/li>\n<li style=\"font-weight: 400;\">Finanzamt Esslingen<\/li>\n<li style=\"font-weight: 400;\">Gemeinde Denkendorf<\/li>\n<li style=\"font-weight: 400;\">Mercedes-Benz AG Werk Untert\u00fcrkheim<\/li>\n<li style=\"font-weight: 400;\">N\u00e4gele Stuttgart GmbH<\/li>\n<li style=\"font-weight: 400;\">Netze BW GmbH<\/li>\n<li style=\"font-weight: 400;\">Ottenbruch GmbH &amp; Co. KG<\/li>\n<li style=\"font-weight: 400;\">Pilz GmbH &amp; Co. KG<\/li>\n<li style=\"font-weight: 400;\">Real Garant Versicherung AG<\/li>\n<li style=\"font-weight: 400;\">Ruthardt Softwaretechnik GmbH<\/li>\n<li style=\"font-weight: 400;\">Senner Medien GmbH &amp; Co. KG<\/li>\n<li style=\"font-weight: 400;\">Volksbank Plochingen eG<\/li>\n<li style=\"font-weight: 400;\">WEVO-CHEMIE GmbH<\/li>\n<li style=\"font-weight: 400;\">WGfS GmbH<\/li>\n<\/ul>\n<\/div>\n<\/div><\/div><div id=\"panel-gb10989-69fb35af420d1-0-0-2\" class=\"so-panel widget widget_sow-image\" data-index=\"2\" ><div\n\t\t\t\n\t\t\tclass=\"so-widget-sow-image so-widget-sow-image-default-8b5b6f678277-10989\"\n\t\t\t\n\t\t>\n<div class=\"sow-image-container\">\n\t\t<img \n\tsrc=\"https:\/\/www.ass-denkendorf.de\/wp-content\/uploads\/2022\/11\/IHK-BerufeParc.jpeg\" width=\"2048\" height=\"1536\" srcset=\"https:\/\/www.ass-denkendorf.de\/wp-content\/uploads\/2022\/11\/IHK-BerufeParc.jpeg 2048w, https:\/\/www.ass-denkendorf.de\/wp-content\/uploads\/2022\/11\/IHK-BerufeParc-300x225.jpeg 300w, https:\/\/www.ass-denkendorf.de\/wp-content\/uploads\/2022\/11\/IHK-BerufeParc-1024x768.jpeg 1024w, https:\/\/www.ass-denkendorf.de\/wp-content\/uploads\/2022\/11\/IHK-BerufeParc-768x576.jpeg 768w, https:\/\/www.ass-denkendorf.de\/wp-content\/uploads\/2022\/11\/IHK-BerufeParc-1536x1152.jpeg 1536w\" sizes=\"(max-width: 2048px) 100vw, 2048px\" title=\"IHK BerufeParc\" alt=\"\" \t\tclass=\"so-widget-image\"\/>\n\t<\/div>\n\n<\/div><\/div><div id=\"panel-gb10989-69fb35af420d1-0-0-3\" class=\"so-panel widget widget_sow-editor\" data-index=\"3\" ><div\n\t\t\t\n\t\t\tclass=\"so-widget-sow-editor so-widget-sow-editor-base\"\n\t\t\t\n\t\t>\n<div class=\"siteorigin-widget-tinymce textwidget\">\n\t<p><strong>M+E-Info-Truck an der ASS<\/strong><\/p>\n<p>Mit dem M+E-Info-Truck informiert die Metall- und Elektro-Industrie an Schulen und Messen \u00fcber die Ausbildungsberufe und die Berufswelt der Branche. Diese und n\u00e4chste Woche macht der Truck bei uns an der ASS Station und bietet 8. und 9.Kl\u00e4sslern die M\u00f6glichkeit sich \u00fcber diese Berufe zu informieren.<br \/>\nSchulleiterin Eva Marggraf hat sich ebenfalls ein Bild gemacht und sich von den kompetenten Herren im Truck den Cobot zeigen lassen.<\/p>\n<\/div>\n<\/div><\/div><div id=\"panel-gb10989-69fb35af420d1-0-0-4\" class=\"so-panel widget widget_sow-image\" data-index=\"4\" ><div\n\t\t\t\n\t\t\tclass=\"so-widget-sow-image so-widget-sow-image-default-8b5b6f678277-10989\"\n\t\t\t\n\t\t>\n<div class=\"sow-image-container\">\n\t\t<img \n\tsrc=\"https:\/\/www.ass-denkendorf.de\/wp-content\/uploads\/2022\/11\/Weifei2022.jpg\" width=\"787\" height=\"918\" srcset=\"https:\/\/www.ass-denkendorf.de\/wp-content\/uploads\/2022\/11\/Weifei2022.jpg 787w, https:\/\/www.ass-denkendorf.de\/wp-content\/uploads\/2022\/11\/Weifei2022-257x300.jpg 257w, https:\/\/www.ass-denkendorf.de\/wp-content\/uploads\/2022\/11\/Weifei2022-768x896.jpg 768w\" sizes=\"(max-width: 787px) 100vw, 787px\" alt=\"\" \t\tclass=\"so-widget-image\"\/>\n\t<\/div>\n\n<\/div><\/div><div id=\"panel-gb10989-69fb35af420d1-0-0-5\" class=\"so-panel widget widget_sow-editor\" data-index=\"5\" ><div\n\t\t\t\n\t\t\tclass=\"so-widget-sow-editor so-widget-sow-editor-base\"\n\t\t\t\n\t\t>\n<div class=\"siteorigin-widget-tinymce textwidget\">\n\t<p><strong>M+E-Info-Truck an der ASS<\/strong><\/p>\n<p>Mit dem M+E-Info-Truck informiert die Metall- und Elektro-Industrie an Schulen und Messen \u00fcber die Ausbildungsberufe und die Berufswelt der Branche. Diese und n\u00e4chste Woche macht der Truck bei uns an der ASS Station und bietet 8. und 9.Kl\u00e4sslern die M\u00f6glichkeit sich \u00fcber diese Berufe zu informieren.<br \/>\nSchulleiterin Eva Marggraf hat sich ebenfalls ein Bild gemacht und sich von den kompetenten Herren im Truck den Cobot zeigen lassen.<\/p>\n<\/div>\n<\/div><\/div><div id=\"panel-gb10989-69fb35af420d1-0-0-6\" class=\"so-panel widget widget_sow-image\" data-index=\"6\" ><div\n\t\t\t\n\t\t\tclass=\"so-widget-sow-image so-widget-sow-image-default-8b5b6f678277-10989\"\n\t\t\t\n\t\t>\n<div class=\"sow-image-container\">\n\t\t<img \n\tsrc=\"https:\/\/www.ass-denkendorf.de\/wp-content\/uploads\/2022\/11\/ME-Truck-1.jpg\" width=\"1024\" height=\"768\" srcset=\"https:\/\/www.ass-denkendorf.de\/wp-content\/uploads\/2022\/11\/ME-Truck-1.jpg 1024w, https:\/\/www.ass-denkendorf.de\/wp-content\/uploads\/2022\/11\/ME-Truck-1-300x225.jpg 300w, https:\/\/www.ass-denkendorf.de\/wp-content\/uploads\/2022\/11\/ME-Truck-1-768x576.jpg 768w\" sizes=\"(max-width: 1024px) 100vw, 1024px\" title=\"ME Truck 1\" alt=\"\" \t\tclass=\"so-widget-image\"\/>\n\t<\/div>\n\n<\/div><\/div><div id=\"panel-gb10989-69fb35af420d1-0-0-7\" class=\"so-panel widget widget_sow-image\" data-index=\"7\" ><div\n\t\t\t\n\t\t\tclass=\"so-widget-sow-image so-widget-sow-image-default-8b5b6f678277-10989\"\n\t\t\t\n\t\t>\n<div class=\"sow-image-container\">\n\t\t<img \n\tsrc=\"https:\/\/www.ass-denkendorf.de\/wp-content\/uploads\/2022\/11\/ME-Truck-2.jpg\" width=\"768\" height=\"1024\" srcset=\"https:\/\/www.ass-denkendorf.de\/wp-content\/uploads\/2022\/11\/ME-Truck-2.jpg 768w, https:\/\/www.ass-denkendorf.de\/wp-content\/uploads\/2022\/11\/ME-Truck-2-225x300.jpg 225w\" sizes=\"(max-width: 768px) 100vw, 768px\" title=\"ME Truck 2\" alt=\"\" \t\tclass=\"so-widget-image\"\/>\n\t<\/div>\n\n<\/div><\/div><div id=\"panel-gb10989-69fb35af420d1-0-0-8\" class=\"so-panel widget widget_sow-image\" data-index=\"8\" ><div\n\t\t\t\n\t\t\tclass=\"so-widget-sow-image so-widget-sow-image-default-8b5b6f678277-10989\"\n\t\t\t\n\t\t>\n<div class=\"sow-image-container\">\n\t\t<img \n\tsrc=\"https:\/\/www.ass-denkendorf.de\/wp-content\/uploads\/2022\/11\/Fass-Adventsstand.jpg\" width=\"753\" height=\"1067\" srcset=\"https:\/\/www.ass-denkendorf.de\/wp-content\/uploads\/2022\/11\/Fass-Adventsstand.jpg 753w, https:\/\/www.ass-denkendorf.de\/wp-content\/uploads\/2022\/11\/Fass-Adventsstand-212x300.jpg 212w, https:\/\/www.ass-denkendorf.de\/wp-content\/uploads\/2022\/11\/Fass-Adventsstand-723x1024.jpg 723w\" sizes=\"(max-width: 753px) 100vw, 753px\" title=\"Fass Adventsstand\" alt=\"\" \t\tclass=\"so-widget-image\"\/>\n\t<\/div>\n\n<\/div><\/div><div id=\"panel-gb10989-69fb35af420d1-0-0-9\" class=\"so-panel widget widget_sow-editor\" data-index=\"9\" ><div\n\t\t\t\n\t\t\tclass=\"so-widget-sow-editor so-widget-sow-editor-base\"\n\t\t\t\n\t\t>\n<div class=\"siteorigin-widget-tinymce textwidget\">\n\t<p><strong>Aktion unseres F\u00f6rdervereins:<\/strong><\/p>\n<p>Viele Eltern haben am vergangenen Freitag- und Samstagnachmittag den F\u00f6rderverein der ASS tatkr\u00e4ftig beim Adventskranzbinden und beim Schm\u00fccken der Adventskr\u00e4nze unterst\u00fctzt. Unsere Konrektorin Frau Lamprecht-Kr\u00fcger hat uns beim Basteln besucht und spontan beim Kranzbinden mitgemacht. Vielen Dank an alle flei\u00dfigen und kreativen Helfer. Die Vorstandschaft war begeistert und viele der Helfer haben ge\u00e4u\u00dfert, dass es ihnen richtig Spa\u00df gemacht hat.<\/p>\n<p>Aber Bilder sagen mehr als Worte.<\/p>\n<p>Die Adventskr\u00e4nze, T\u00fcrkr\u00e4nze, weihnachtliche Fensterdeko und vieles mehr werden an unserem Adventsstand vor der B\u00e4ckerei Schill, am Samstag 26.11.2022, verkauft und was \u00fcbrig bleibt wird beim Weihnachtstreff am Sonntag 04.12.2022, am Stand unserer Schule, zusammen mit leckeren Fleischk\u00e4swecken und unserem selbst hergestellten Apfelpunsch angebot<\/p>\n<\/div>\n<\/div><\/div><div id=\"panel-gb10989-69fb35af420d1-0-0-10\" class=\"so-panel widget widget_sow-image\" data-index=\"10\" ><div\n\t\t\t\n\t\t\tclass=\"so-widget-sow-image so-widget-sow-image-default-8b5b6f678277-10989\"\n\t\t\t\n\t\t>\n<div class=\"sow-image-container\">\n\t\t<img \n\tsrc=\"https:\/\/www.ass-denkendorf.de\/wp-content\/uploads\/2022\/11\/image2.jpeg\" width=\"1600\" height=\"720\" srcset=\"https:\/\/www.ass-denkendorf.de\/wp-content\/uploads\/2022\/11\/image2.jpeg 1600w, https:\/\/www.ass-denkendorf.de\/wp-content\/uploads\/2022\/11\/image2-300x135.jpeg 300w, https:\/\/www.ass-denkendorf.de\/wp-content\/uploads\/2022\/11\/image2-1024x461.jpeg 1024w, https:\/\/www.ass-denkendorf.de\/wp-content\/uploads\/2022\/11\/image2-768x346.jpeg 768w, https:\/\/www.ass-denkendorf.de\/wp-content\/uploads\/2022\/11\/image2-1536x691.jpeg 1536w\" sizes=\"(max-width: 1600px) 100vw, 1600px\" alt=\"\" \t\tclass=\"so-widget-image\"\/>\n\t<\/div>\n\n<\/div><\/div><div id=\"panel-gb10989-69fb35af420d1-0-0-11\" class=\"so-panel widget widget_sow-image panel-last-child\" data-index=\"11\" ><div\n\t\t\t\n\t\t\tclass=\"so-widget-sow-image so-widget-sow-image-default-8b5b6f678277-10989\"\n\t\t\t\n\t\t>\n<div class=\"sow-image-container\">\n\t\t<img \n\tsrc=\"https:\/\/www.ass-denkendorf.de\/wp-content\/uploads\/2022\/11\/image0.jpeg\" width=\"576\" height=\"1024\" srcset=\"https:\/\/www.ass-denkendorf.de\/wp-content\/uploads\/2022\/11\/image0.jpeg 576w, https:\/\/www.ass-denkendorf.de\/wp-content\/uploads\/2022\/11\/image0-169x300.jpeg 169w\" sizes=\"(max-width: 576px) 100vw, 576px\" alt=\"\" \t\tclass=\"so-widget-image\"\/>\n\t<\/div>\n\n<\/div><\/div><\/div><\/div><\/div>","protected":false},"excerpt":{"rendered":"","protected":false},"author":1,"featured_media":0,"parent":128,"menu_order":0,"comment_status":"closed","ping_status":"closed","template":"","meta":{"_mc_calendar":[],"footnotes":""},"class_list":["post-10989","page","type-page","status-publish","hentry"],"_links":{"self":[{"href":"https:\/\/www.ass-denkendorf.de\/index.php?rest_route=\/wp\/v2\/pages\/10989"}],"collection":[{"href":"https:\/\/www.ass-denkendorf.de\/index.php?rest_route=\/wp\/v2\/pages"}],"about":[{"href":"https:\/\/www.ass-denkendorf.de\/index.php?rest_route=\/wp\/v2\/types\/page"}],"author":[{"embeddable":true,"href":"https:\/\/www.ass-denkendorf.de\/index.php?rest_route=\/wp\/v2\/users\/1"}],"replies":[{"embeddable":true,"href":"https:\/\/www.ass-denkendorf.de\/index.php?rest_route=%2Fwp%2Fv2%2Fcomments&post=10989"}],"version-history":[{"count":12,"href":"https:\/\/www.ass-denkendorf.de\/index.php?rest_route=\/wp\/v2\/pages\/10989\/revisions"}],"predecessor-version":[{"id":11443,"href":"https:\/\/www.ass-denkendorf.de\/index.php?rest_route=\/wp\/v2\/pages\/10989\/revisions\/11443"}],"up":[{"embeddable":true,"href":"https:\/\/www.ass-denkendorf.de\/index.php?rest_route=\/wp\/v2\/pages\/128"}],"wp:attachment":[{"href":"https:\/\/www.ass-denkendorf.de\/index.php?rest_route=%2Fwp%2Fv2%2Fmedia&parent=10989"}],"curies":[{"name":"wp","href":"https:\/\/api.w.org\/{rel}","templated":true}]}}