{"id":10874,"date":"2023-11-09T13:12:41","date_gmt":"2023-11-09T12:12:41","guid":{"rendered":"https:\/\/www.ass-denkendorf.de\/?page_id=10874"},"modified":"2024-04-11T13:22:40","modified_gmt":"2024-04-11T11:22:40","slug":"archiv-gs-2022-2023","status":"publish","type":"page","link":"https:\/\/www.ass-denkendorf.de\/?page_id=10874","title":{"rendered":"ARCHIV GS 2022\/2023"},"content":{"rendered":"<div id=\"pl-gb10874-69d391ea01df0\"  class=\"panel-layout\" ><div id=\"pg-gb10874-69d391ea01df0-0\"  class=\"panel-grid panel-no-style\" ><div id=\"pgc-gb10874-69d391ea01df0-0-0\"  class=\"panel-grid-cell\" ><div id=\"panel-gb10874-69d391ea01df0-0-0-0\" class=\"so-panel widget widget_sow-editor panel-first-child panel-last-child\" data-index=\"0\" ><div\n\t\t\t\n\t\t\tclass=\"so-widget-sow-editor so-widget-sow-editor-base\"\n\t\t\t\n\t\t>\n<div class=\"siteorigin-widget-tinymce textwidget\">\n\t<p><strong>Schuljahr 2022\/2023<\/strong><\/p>\n<\/div>\n<\/div><\/div><\/div><\/div><div id=\"pg-gb10874-69d391ea01df0-1\"  class=\"panel-grid panel-no-style\" ><div id=\"pgc-gb10874-69d391ea01df0-1-0\"  class=\"panel-grid-cell\" ><div id=\"panel-gb10874-69d391ea01df0-1-0-0\" class=\"so-panel widget widget_sow-image panel-first-child panel-last-child\" data-index=\"1\" ><div\n\t\t\t\n\t\t\tclass=\"so-widget-sow-image so-widget-sow-image-default-8b5b6f678277-10874\"\n\t\t\t\n\t\t>\n<div class=\"sow-image-container\">\n\t\t<img \n\tsrc=\"https:\/\/www.ass-denkendorf.de\/wp-content\/uploads\/2023\/04\/Plakat-Zirkus-scaled.jpg\" width=\"1809\" height=\"2560\" srcset=\"https:\/\/www.ass-denkendorf.de\/wp-content\/uploads\/2023\/04\/Plakat-Zirkus-scaled.jpg 1809w, https:\/\/www.ass-denkendorf.de\/wp-content\/uploads\/2023\/04\/Plakat-Zirkus-212x300.jpg 212w, https:\/\/www.ass-denkendorf.de\/wp-content\/uploads\/2023\/04\/Plakat-Zirkus-724x1024.jpg 724w, https:\/\/www.ass-denkendorf.de\/wp-content\/uploads\/2023\/04\/Plakat-Zirkus-768x1087.jpg 768w, https:\/\/www.ass-denkendorf.de\/wp-content\/uploads\/2023\/04\/Plakat-Zirkus-1086x1536.jpg 1086w, https:\/\/www.ass-denkendorf.de\/wp-content\/uploads\/2023\/04\/Plakat-Zirkus-1447x2048.jpg 1447w\" sizes=\"(max-width: 1809px) 100vw, 1809px\" title=\"Plakat Zirkus\" alt=\"\" \t\tclass=\"so-widget-image\"\/>\n\t<\/div>\n\n<\/div><\/div><\/div><\/div><div id=\"pg-gb10874-69d391ea01df0-2\"  class=\"panel-grid panel-no-style\" ><div id=\"pgc-gb10874-69d391ea01df0-2-0\"  class=\"panel-grid-cell\" ><div id=\"panel-gb10874-69d391ea01df0-2-0-0\" class=\"so-panel widget widget_sow-image panel-first-child panel-last-child\" data-index=\"2\" ><div\n\t\t\t\n\t\t\tclass=\"so-widget-sow-image so-widget-sow-image-default-8b5b6f678277-10874\"\n\t\t\t\n\t\t>\n<div class=\"sow-image-container\">\n\t\t<img \n\tsrc=\"https:\/\/www.ass-denkendorf.de\/wp-content\/uploads\/2023\/02\/Prinzenpaar.jpeg\" width=\"1536\" height=\"2048\" srcset=\"https:\/\/www.ass-denkendorf.de\/wp-content\/uploads\/2023\/02\/Prinzenpaar.jpeg 1536w, https:\/\/www.ass-denkendorf.de\/wp-content\/uploads\/2023\/02\/Prinzenpaar-225x300.jpeg 225w, https:\/\/www.ass-denkendorf.de\/wp-content\/uploads\/2023\/02\/Prinzenpaar-768x1024.jpeg 768w, https:\/\/www.ass-denkendorf.de\/wp-content\/uploads\/2023\/02\/Prinzenpaar-1152x1536.jpeg 1152w\" sizes=\"(max-width: 1536px) 100vw, 1536px\" alt=\"\" \t\tclass=\"so-widget-image\"\/>\n\t<\/div>\n\n<\/div><\/div><\/div><\/div><div id=\"pg-gb10874-69d391ea01df0-3\"  class=\"panel-grid panel-no-style\" ><div id=\"pgc-gb10874-69d391ea01df0-3-0\"  class=\"panel-grid-cell\" ><div id=\"panel-gb10874-69d391ea01df0-3-0-0\" class=\"so-panel widget widget_sow-editor panel-first-child panel-last-child\" data-index=\"3\" ><div\n\t\t\t\n\t\t\tclass=\"so-widget-sow-editor so-widget-sow-editor-base\"\n\t\t\t\n\t\t>\n<div class=\"siteorigin-widget-tinymce textwidget\">\n\t<p style=\"text-align: justify;\">Mit hohem Besuch durfte unsere Grundschule dieses Jahr Fasching feiern: zu Gast waren das\u00a0Stadtprinzenpaar Hannes I. und Melanie I. zu Stutengarten. Nicht nur die Polonaise durch das ganze Schulhaus machte mit den beiden gro\u00dfen Spa\u00df: Prinz Hannes I. hat bei der anschlie\u00dfenden Party mit seiner Stimme und tollen Rocksongs alle zum Tanzen gebracht. Besonders beeindruckt war unsere Schulleiterin Frau Marggraf, die einen Orden der Stuttgarter Karnevalsgesellschaft M\u00f6belwagen e.V. erhalten hat. Darauf steht: \u201eHumor hat Vorfahrt\u201c In diesem Sinne w\u00fcnschen wir der ganzen Schulgemeinschaft heitere Faschingsferien!<\/p>\n<\/div>\n<\/div><\/div><\/div><\/div><div id=\"pg-gb10874-69d391ea01df0-4\"  class=\"panel-grid panel-no-style\" ><div id=\"pgc-gb10874-69d391ea01df0-4-0\"  class=\"panel-grid-cell\" ><div id=\"panel-gb10874-69d391ea01df0-4-0-0\" class=\"so-panel widget widget_sow-image panel-first-child panel-last-child\" data-index=\"4\" ><div\n\t\t\t\n\t\t\tclass=\"so-widget-sow-image so-widget-sow-image-default-8b5b6f678277-10874\"\n\t\t\t\n\t\t>\n<div class=\"sow-image-container\">\n\t\t<img \n\tsrc=\"https:\/\/www.ass-denkendorf.de\/wp-content\/uploads\/2023\/02\/Fasching-23.jpeg\" width=\"1368\" height=\"1824\" srcset=\"https:\/\/www.ass-denkendorf.de\/wp-content\/uploads\/2023\/02\/Fasching-23.jpeg 1368w, https:\/\/www.ass-denkendorf.de\/wp-content\/uploads\/2023\/02\/Fasching-23-225x300.jpeg 225w, https:\/\/www.ass-denkendorf.de\/wp-content\/uploads\/2023\/02\/Fasching-23-768x1024.jpeg 768w, https:\/\/www.ass-denkendorf.de\/wp-content\/uploads\/2023\/02\/Fasching-23-1152x1536.jpeg 1152w\" sizes=\"(max-width: 1368px) 100vw, 1368px\" title=\"Fasching 23\" alt=\"\" \t\tclass=\"so-widget-image\"\/>\n\t<\/div>\n\n<\/div><\/div><\/div><\/div><div id=\"pg-gb10874-69d391ea01df0-5\"  class=\"panel-grid panel-no-style\" ><div id=\"pgc-gb10874-69d391ea01df0-5-0\"  class=\"panel-grid-cell\" ><div id=\"panel-gb10874-69d391ea01df0-5-0-0\" class=\"so-panel widget widget_sow-editor panel-first-child panel-last-child\" data-index=\"5\" ><div\n\t\t\t\n\t\t\tclass=\"so-widget-sow-editor so-widget-sow-editor-base\"\n\t\t\t\n\t\t>\n<div class=\"siteorigin-widget-tinymce textwidget\">\n\t<p><strong>Transfer von Sprachbildung, Lese- und\u00a0Schreibf\u00f6rderung (BiSS-Transfer)<\/strong><\/p>\n<p style=\"text-align: justify;\">Nach der Pilotphase 2021\/2022 in den Regionalstellen Mannheim und Stuttgart f\u00e4llt mit der Kick-Off-Veranstaltung am 21.9.22 der Startschuss f\u00fcr den landesweiten Roll Out des Projektes BiSS-Transfer in Baden-W\u00fcrttemberg, das zum Schuljahr 2022\/2023 an allen Regionalstellen umgesetzt wird.<\/p>\n<p style=\"text-align: justify;\">BiSS-Transfer ist eine gemeinsame Initiative des\u00a0Bundesministeriums f\u00fcr Bildung und Forschung\u00a0(BMBF) und der Kultusministerkonferenz (KMK) zum\u00a0Transfer von Sprachbildung, Lese- und\u00a0Schreibf\u00f6rderung in Schulen und Kitas (<a href=\"http:\/\/www.biss-sprachbildung.de\">www.biss-sprachbildung.de<\/a>).<\/p>\n<p style=\"text-align: justify;\">Ziel in Baden-W\u00fcrttemberg ist die St\u00e4rkung der Basiskompetenzen der Sch\u00fclerinnen und Sch\u00fcler im Bereich des Lesens. Im Mittelpunkt steht die F\u00f6rderung der Lesefertigkeiten (Lesetechnik, Lesefl\u00fcssigkeit) sowie der Lesef\u00e4higkeiten (Leseverstehen, Lesestrategien). Auf der Basis eines einheitlichen und systematischen Lesecurriculums setzen die BiSS-Grundschulen Schritt f\u00fcr Schritt nachweislich lernf\u00f6rderliche Elemente im Leseunterricht um, wie z.B. das Training der Lesefl\u00fcssigkeit mithilfe von Lautlesetandems. Damit die Umsetzung in allen Klassenstufen gut funktioniert, hat jede BiSS-Grundschule eine eigene Projektgruppe eingerichtet, die sich regelm\u00e4\u00dfig trifft, um \u00fcber n\u00e4chste Schritte in der Umsetzung zu sprechen.<\/p>\n<p style=\"text-align: justify;\">Zum Schuljahr 2022\/2023 nehmen insgesamt 406 Grundschulen in Baden-W\u00fcrttemberg teil, die in 12 BiSS-Verb\u00fcnden organisiert sind. Die Verb\u00fcnde dienen der Vernetzung und dem Austausch. Hier k\u00f6nnen die Verb\u00fcnde eingesehen werden: www.<a href=\"http:\/\/biss-sprachbildung.de\/biss-vor-ort\">biss-sprachbildung.de\/biss-vor-ort<\/a>.<\/p>\n<p style=\"text-align: justify;\">Unsere Grundschule nimmt auch ab dem Schuljahr 2022\/2023 am BiSS-Transfer-Projekt des Landes Baden-W\u00fcrttemberg teil.<\/p>\n<\/div>\n<\/div><\/div><\/div><\/div><div id=\"pg-gb10874-69d391ea01df0-6\"  class=\"panel-grid panel-no-style\" ><div id=\"pgc-gb10874-69d391ea01df0-6-0\"  class=\"panel-grid-cell\" ><div id=\"panel-gb10874-69d391ea01df0-6-0-0\" class=\"so-panel widget widget_sow-image panel-first-child panel-last-child\" data-index=\"6\" ><div\n\t\t\t\n\t\t\tclass=\"so-widget-sow-image so-widget-sow-image-default-8b5b6f678277-10874\"\n\t\t\t\n\t\t>\n<div class=\"sow-image-container\">\n\t\t<img \n\tsrc=\"https:\/\/www.ass-denkendorf.de\/wp-content\/uploads\/2023\/05\/Biss-Transfer.jpg\" width=\"1083\" height=\"453\" srcset=\"https:\/\/www.ass-denkendorf.de\/wp-content\/uploads\/2023\/05\/Biss-Transfer.jpg 1083w, https:\/\/www.ass-denkendorf.de\/wp-content\/uploads\/2023\/05\/Biss-Transfer-300x125.jpg 300w, https:\/\/www.ass-denkendorf.de\/wp-content\/uploads\/2023\/05\/Biss-Transfer-1024x428.jpg 1024w, https:\/\/www.ass-denkendorf.de\/wp-content\/uploads\/2023\/05\/Biss-Transfer-768x321.jpg 768w\" sizes=\"(max-width: 1083px) 100vw, 1083px\" title=\"Biss Transfer\" alt=\"\" \t\tclass=\"so-widget-image\"\/>\n\t<\/div>\n\n<\/div><\/div><\/div><\/div><div id=\"pg-gb10874-69d391ea01df0-7\"  class=\"panel-grid panel-no-style\" ><div id=\"pgc-gb10874-69d391ea01df0-7-0\"  class=\"panel-grid-cell\" ><div id=\"panel-gb10874-69d391ea01df0-7-0-0\" class=\"so-panel widget widget_sow-image panel-first-child panel-last-child\" data-index=\"7\" ><div\n\t\t\t\n\t\t\tclass=\"so-widget-sow-image so-widget-sow-image-default-8b5b6f678277-10874\"\n\t\t\t\n\t\t>\n<div class=\"sow-image-container\">\n\t\t<img \n\tsrc=\"https:\/\/www.ass-denkendorf.de\/wp-content\/uploads\/2022\/11\/Weifei2022.jpg\" width=\"787\" height=\"918\" srcset=\"https:\/\/www.ass-denkendorf.de\/wp-content\/uploads\/2022\/11\/Weifei2022.jpg 787w, https:\/\/www.ass-denkendorf.de\/wp-content\/uploads\/2022\/11\/Weifei2022-257x300.jpg 257w, https:\/\/www.ass-denkendorf.de\/wp-content\/uploads\/2022\/11\/Weifei2022-768x896.jpg 768w\" sizes=\"(max-width: 787px) 100vw, 787px\" alt=\"\" \t\tclass=\"so-widget-image\"\/>\n\t<\/div>\n\n<\/div><\/div><\/div><\/div><div id=\"pg-gb10874-69d391ea01df0-8\"  class=\"panel-grid panel-no-style\" ><div id=\"pgc-gb10874-69d391ea01df0-8-0\"  class=\"panel-grid-cell\" ><div id=\"panel-gb10874-69d391ea01df0-8-0-0\" class=\"so-panel widget widget_sow-editor panel-first-child panel-last-child\" data-index=\"8\" ><div\n\t\t\t\n\t\t\tclass=\"so-widget-sow-editor so-widget-sow-editor-base\"\n\t\t\t\n\t\t>\n<div class=\"siteorigin-widget-tinymce textwidget\">\n\t<p><strong>Aktion unseres F\u00f6rdervereins:<\/strong><\/p>\n<p style=\"text-align: justify;\">Viele Eltern haben am vergangenen Freitag- und Samstagnachmittag den F\u00f6rderverein der ASS tatkr\u00e4ftig beim Adventskranzbinden und beim Schm\u00fccken der Adventskr\u00e4nze unterst\u00fctzt. Unsere Konrektorin Frau Lamprecht-Kr\u00fcger hat uns beim Basteln besucht und spontan beim Kranzbinden mitgemacht. Vielen Dank an alle flei\u00dfigen und kreativen Helfer. Die Vorstandschaft war begeistert und viele der Helfer haben ge\u00e4u\u00dfert, dass es ihnen richtig Spa\u00df gemacht hat.<\/p>\n<p>Aber Bilder sagen mehr als Worte.<\/p>\n<p style=\"text-align: justify;\">Die Adventskr\u00e4nze, T\u00fcrkr\u00e4nze, weihnachtliche Fensterdeko und vieles mehr werden an unserem Adventsstand vor der B\u00e4ckerei Schill, am Samstag 26.11.2022, verkauft und was \u00fcbrig bleibt wird beim Weihnachtstreff am Sonntag 04.12.2022, am Stand unserer Schule, zusammen mit leckeren Fleischk\u00e4swecken und unserem selbst hergestellten Apfelpunsch angeboten.<\/p>\n<\/div>\n<\/div><\/div><\/div><\/div><div id=\"pg-gb10874-69d391ea01df0-9\"  class=\"panel-grid panel-no-style\" ><div id=\"pgc-gb10874-69d391ea01df0-9-0\"  class=\"panel-grid-cell\" ><div id=\"panel-gb10874-69d391ea01df0-9-0-0\" class=\"so-panel widget widget_sow-image panel-first-child panel-last-child\" data-index=\"9\" ><div\n\t\t\t\n\t\t\tclass=\"so-widget-sow-image so-widget-sow-image-default-8b5b6f678277-10874\"\n\t\t\t\n\t\t>\n<div class=\"sow-image-container\">\n\t\t<img \n\tsrc=\"https:\/\/www.ass-denkendorf.de\/wp-content\/uploads\/2022\/11\/image2.jpeg\" width=\"1600\" height=\"720\" srcset=\"https:\/\/www.ass-denkendorf.de\/wp-content\/uploads\/2022\/11\/image2.jpeg 1600w, https:\/\/www.ass-denkendorf.de\/wp-content\/uploads\/2022\/11\/image2-300x135.jpeg 300w, https:\/\/www.ass-denkendorf.de\/wp-content\/uploads\/2022\/11\/image2-1024x461.jpeg 1024w, https:\/\/www.ass-denkendorf.de\/wp-content\/uploads\/2022\/11\/image2-768x346.jpeg 768w, https:\/\/www.ass-denkendorf.de\/wp-content\/uploads\/2022\/11\/image2-1536x691.jpeg 1536w\" sizes=\"(max-width: 1600px) 100vw, 1600px\" alt=\"\" \t\tclass=\"so-widget-image\"\/>\n\t<\/div>\n\n<\/div><\/div><\/div><\/div><div id=\"pg-gb10874-69d391ea01df0-10\"  class=\"panel-grid panel-no-style\" ><div id=\"pgc-gb10874-69d391ea01df0-10-0\"  class=\"panel-grid-cell\" ><div id=\"panel-gb10874-69d391ea01df0-10-0-0\" class=\"so-panel widget widget_sow-image panel-first-child panel-last-child\" data-index=\"10\" ><div\n\t\t\t\n\t\t\tclass=\"so-widget-sow-image so-widget-sow-image-default-8b5b6f678277-10874\"\n\t\t\t\n\t\t>\n<div class=\"sow-image-container\">\n\t\t<img \n\tsrc=\"https:\/\/www.ass-denkendorf.de\/wp-content\/uploads\/2022\/11\/image0.jpeg\" width=\"576\" height=\"1024\" srcset=\"https:\/\/www.ass-denkendorf.de\/wp-content\/uploads\/2022\/11\/image0.jpeg 576w, https:\/\/www.ass-denkendorf.de\/wp-content\/uploads\/2022\/11\/image0-169x300.jpeg 169w\" sizes=\"(max-width: 576px) 100vw, 576px\" alt=\"\" \t\tclass=\"so-widget-image\"\/>\n\t<\/div>\n\n<\/div><\/div><\/div><\/div><\/div>","protected":false},"excerpt":{"rendered":"<p>Schuljahr 2022\/2023<\/p>\n","protected":false},"author":1,"featured_media":0,"parent":120,"menu_order":0,"comment_status":"closed","ping_status":"closed","template":"","meta":{"_mc_calendar":[],"footnotes":""},"class_list":["post-10874","page","type-page","status-publish","hentry"],"_links":{"self":[{"href":"https:\/\/www.ass-denkendorf.de\/index.php?rest_route=\/wp\/v2\/pages\/10874"}],"collection":[{"href":"https:\/\/www.ass-denkendorf.de\/index.php?rest_route=\/wp\/v2\/pages"}],"about":[{"href":"https:\/\/www.ass-denkendorf.de\/index.php?rest_route=\/wp\/v2\/types\/page"}],"author":[{"embeddable":true,"href":"https:\/\/www.ass-denkendorf.de\/index.php?rest_route=\/wp\/v2\/users\/1"}],"replies":[{"embeddable":true,"href":"https:\/\/www.ass-denkendorf.de\/index.php?rest_route=%2Fwp%2Fv2%2Fcomments&post=10874"}],"version-history":[{"count":7,"href":"https:\/\/www.ass-denkendorf.de\/index.php?rest_route=\/wp\/v2\/pages\/10874\/revisions"}],"predecessor-version":[{"id":11424,"href":"https:\/\/www.ass-denkendorf.de\/index.php?rest_route=\/wp\/v2\/pages\/10874\/revisions\/11424"}],"up":[{"embeddable":true,"href":"https:\/\/www.ass-denkendorf.de\/index.php?rest_route=\/wp\/v2\/pages\/120"}],"wp:attachment":[{"href":"https:\/\/www.ass-denkendorf.de\/index.php?rest_route=%2Fwp%2Fv2%2Fmedia&parent=10874"}],"curies":[{"name":"wp","href":"https:\/\/api.w.org\/{rel}","templated":true}]}}