{"id":106,"date":"2016-02-08T22:59:45","date_gmt":"2016-02-08T21:59:45","guid":{"rendered":"http:\/\/neu.ass-denkendorf.de\/?page_id=106"},"modified":"2020-01-27T13:12:57","modified_gmt":"2020-01-27T12:12:57","slug":"impressum","status":"publish","type":"page","link":"https:\/\/www.ass-denkendorf.de\/?page_id=106","title":{"rendered":"Impressum"},"content":{"rendered":"<div id=\"pl-106\"  class=\"panel-layout\" ><div id=\"pg-106-0\"  class=\"panel-grid panel-no-style\" ><div id=\"pgc-106-0-0\"  class=\"panel-grid-cell\" ><div id=\"panel-106-0-0-0\" class=\"so-panel widget widget_sow-editor panel-first-child panel-last-child\" data-index=\"0\" ><div\n\t\t\t\n\t\t\tclass=\"so-widget-sow-editor so-widget-sow-editor-base\"\n\t\t\t\n\t\t>\n<div class=\"siteorigin-widget-tinymce textwidget\">\n\t<p><strong>Herausgeber <\/strong><\/p>\n<p>&nbsp;<\/p>\n<p>Albert-Schweitzer-Schule<\/p>\n<p>Goethestra\u00dfe 58<\/p>\n<p>73770\u00a0 Denkendorf<\/p>\n<p><strong>Telefon\/Fax<\/strong><\/p>\n<p>Tel. 0711-3416969-0<\/p>\n<p>Fax\u00a0 0711-3416969-69<\/p>\n<p><strong>E-Mail:<\/strong><\/p>\n<p>Sekretariat: poststelle@04122373.schule.bwl.de<\/p>\n<p><em>\u00a0<\/em><\/p>\n<p>Vertretungsberechtigte: Schulleiterin E. Marggraf, e.marggraf@ass-denkendorf.de<\/p>\n<p><strong>\u00a0<\/strong><\/p>\n<p><strong>Verantwortlich im Sinne von \u00a7 55 RStV <\/strong><\/p>\n<p>Albert-Schweitzer-Schule<\/p>\n<p>Goethestra\u00dfe 58<\/p>\n<p>73770\u00a0 Denkendorf<\/p>\n<p>&nbsp;<\/p>\n<p>F. Lehmann, Tel. 0711-3416969-0, Fax\u00a0 0711-3416969-69, f.lehmann@ass-denkendorf.de<\/p>\n<p>&nbsp;<\/p>\n<p><strong>Urheberrecht <\/strong><\/p>\n<p style=\"text-align: justify;\">Texte, Bilder, Grafiken und Fotos sowie die Gestaltung dieser Internetseiten unterliegen dem Urheberrecht. Sie d\u00fcrfen von Ihnen nur zum privaten und sonstigen eigenen Gebrauch im Rahmen des \u00a7 53 Urheberrechtsgesetz (UrhG) ohne jede \u00c4nderung vervielf\u00e4ltigt werden. Eine Verbreitung von Kopien (analog oder digital) oder Ausz\u00fcgen ist nur mit schriftlicher Genehmigung zul\u00e4ssig. Der Nachdruck und die Auswertung von Pressemitteilungen und Reden sind mit Quellenangabe gestattet.<\/p>\n<p style=\"text-align: justify;\">Texte, Bilder, Grafiken und sonstige Materialien k\u00f6nnen ganz oder teilweise dem Urheberrecht Dritter unterliegen. Die Inhalte Dritter sind als solche kenntlich gemacht und d\u00fcrfen ohne Einwilligung des Rechteinhabers nicht vervielf\u00e4ltigt, \u00f6ffentlich zug\u00e4nglich gemacht oder \u00f6ffentlich wiedergegeben werden.<\/p>\n<p><strong>\u00a0<\/strong><\/p>\n<p><strong>Haftung f\u00fcr Inhalte <\/strong><\/p>\n<p style=\"text-align: justify;\">Die Informationen, die Sie auf diesem Internetauftritt vorfinden, wurden nach bestem Wissen und Gewissen sorgf\u00e4ltig zusammengestellt und gepr\u00fcft. F\u00fcr die Richtigkeit, Vollst\u00e4ndigkeit, Aktualit\u00e4t oder Qualit\u00e4t und jederzeitige Verf\u00fcgbarkeit der bereit ge-stellten Informationen wird jedoch keine Gew\u00e4hr \u00fcbernommen.<\/p>\n<p style=\"text-align: justify;\">Diensteanbieter sind gem\u00e4\u00df \u00a7 7 Abs.1 TMG f\u00fcr eigene Inhalte auf diesen Seiten nach den allgemeinen Gesetzen verantwortlich. Diensteanbieter sind jedoch nicht verpflichtet, \u00fcbermittelte oder gespeicherte fremde Informationen zu \u00fcberwachen o-der nach Umst\u00e4nden zu forschen, die auf eine rechtswidrige T\u00e4tigkeit hinweisen. Verpflichtungen zur Entfernung oder Sperrung der Nutzung von Informationen nach den allgemeinen Gesetzen bleiben hiervon unber\u00fchrt.<\/p>\n<p style=\"text-align: justify;\">Dieser Internetauftritt enth\u00e4lt auch Links oder Verweise auf Internetauftritte Dritter. Diese Links zu den Internetauftritten Dritter stellen keine Zustimmung zu deren Inhalten durch den Herausgeber dar.<\/p>\n<p style=\"text-align: justify;\">F\u00fcr die Inhalte der externen Links sind die jeweiligen Anbieter oder Betreiber (Urheber) der Seiten verantwortlich. Mit den Links zu anderen Internetauftritten wird den Nutzern lediglich der Zugang zur Nutzung der Inhalte vermittelt.<\/p>\n<p style=\"text-align: justify;\">Die externen Links wurden zum Zeitpunkt der Linksetzung nach bestem Wissen und Gewissen auf eventuelle Rechtsverst\u00f6\u00dfe \u00fcberpr\u00fcft. Eine st\u00e4ndige inhaltliche \u00dcberpr\u00fcfung der externen Links ist ohne konkrete Anhaltspunkte einer Rechtsverletzung nicht m\u00f6glich. Bei Verlinkungen auf die Webseiten Dritter, die au\u00dferhalb des Verantwortungsbereichs des Herausgebers liegen, w\u00fcrde eine Haftungsverpflichtung nur bestehen, wenn der Herausgeber von den rechtswidrigen Inhalten Kenntnis erlangen und es technisch m\u00f6glich und zumutbar w\u00e4re, die Nutzung dieser Inhalte zu verhindern. Sollten Sie der Ansicht sein, dass die verlinkten externen Seiten gegen geltendes Recht versto\u00dfen oder sonst unangemessene Inhalte haben, so teilen Sie uns dies bitte mit.<\/p>\n<\/div>\n<\/div><\/div><\/div><\/div><\/div>","protected":false},"excerpt":{"rendered":"<p>Herausgeber &nbsp; Albert-Schweitzer-Schule Goethestra\u00dfe 58 73770\u00a0 Denkendorf Telefon\/Fax Tel. 0711-3416969-0 Fax\u00a0 0711-3416969-69 E-Mail: Sekretariat: poststelle@04122373.schule.bwl.de \u00a0 Vertretungsberechtigte: Schulleiterin E. Marggraf, e.marggraf@ass-denkendorf.de \u00a0 Verantwortlich im Sinne von \u00a7 55 RStV Albert-Schweitzer-Schule Goethestra\u00dfe 58 73770\u00a0 Denkendorf &nbsp; F. Lehmann, Tel. 0711-3416969-0, Fax\u00a0 0711-3416969-69, f.lehmann@ass-denkendorf.de &nbsp; Urheberrecht Texte, Bilder, Grafiken und Fotos sowie die Gestaltung dieser Internetseiten unterliegen &hellip; <a href=\"https:\/\/www.ass-denkendorf.de\/?page_id=106\" class=\"more-link\"><span class=\"screen-reader-text\">Impressum<\/span> weiterlesen <span class=\"meta-nav\">&rarr;<\/span><\/a><\/p>\n","protected":false},"author":1,"featured_media":0,"parent":53,"menu_order":0,"comment_status":"closed","ping_status":"closed","template":"","meta":{"_mc_calendar":[],"footnotes":""},"class_list":["post-106","page","type-page","status-publish","hentry"],"_links":{"self":[{"href":"https:\/\/www.ass-denkendorf.de\/index.php?rest_route=\/wp\/v2\/pages\/106"}],"collection":[{"href":"https:\/\/www.ass-denkendorf.de\/index.php?rest_route=\/wp\/v2\/pages"}],"about":[{"href":"https:\/\/www.ass-denkendorf.de\/index.php?rest_route=\/wp\/v2\/types\/page"}],"author":[{"embeddable":true,"href":"https:\/\/www.ass-denkendorf.de\/index.php?rest_route=\/wp\/v2\/users\/1"}],"replies":[{"embeddable":true,"href":"https:\/\/www.ass-denkendorf.de\/index.php?rest_route=%2Fwp%2Fv2%2Fcomments&post=106"}],"version-history":[{"count":15,"href":"https:\/\/www.ass-denkendorf.de\/index.php?rest_route=\/wp\/v2\/pages\/106\/revisions"}],"predecessor-version":[{"id":6002,"href":"https:\/\/www.ass-denkendorf.de\/index.php?rest_route=\/wp\/v2\/pages\/106\/revisions\/6002"}],"up":[{"embeddable":true,"href":"https:\/\/www.ass-denkendorf.de\/index.php?rest_route=\/wp\/v2\/pages\/53"}],"wp:attachment":[{"href":"https:\/\/www.ass-denkendorf.de\/index.php?rest_route=%2Fwp%2Fv2%2Fmedia&parent=106"}],"curies":[{"name":"wp","href":"https:\/\/api.w.org\/{rel}","templated":true}]}}