{"id":102,"date":"2016-02-08T22:57:42","date_gmt":"2016-02-08T21:57:42","guid":{"rendered":"http:\/\/neu.ass-denkendorf.de\/?page_id=102"},"modified":"2023-05-10T16:09:52","modified_gmt":"2023-05-10T14:09:52","slug":"streitschlichter","status":"publish","type":"page","link":"https:\/\/www.ass-denkendorf.de\/?page_id=102","title":{"rendered":"Streitschlichter"},"content":{"rendered":"<div id=\"pl-102\"  class=\"panel-layout\" ><div id=\"pg-102-0\"  class=\"panel-grid panel-no-style\" ><div id=\"pgc-102-0-0\"  class=\"panel-grid-cell\" ><div id=\"panel-102-0-0-0\" class=\"so-panel widget widget_sow-editor panel-first-child panel-last-child\" data-index=\"0\" ><div\n\t\t\t\n\t\t\tclass=\"so-widget-sow-editor so-widget-sow-editor-base\"\n\t\t\t\n\t\t>\n<div class=\"siteorigin-widget-tinymce textwidget\">\n\t<p style=\"text-align: justify;\">Wenn zwei sich streiten - hilft ein Dritter!<\/p>\n<p style=\"text-align: justify;\">Wir sind hilfsbereit - verschwiegen - unparteiisch. Wir sind die Streitschlichter. An der ASS werden seit 2010 Sch\u00fclerinnen und Sch\u00fcler der 7.\/8. Jahrgangsstufe zu Streitschlichtern ausgebildet. Dort, wo Menschen zusammenleben, gibt es Konflikte. So auch an der Schule. Streitschlichtung durch Sch\u00fcler ist ein Konzept, das Sch\u00fclern hilft, eine positive Streitkultur zu erlernen und zu praktizieren. Es entsteht eine Win-Win-Situation, d.h. alle Beteiligten haben Vorteile. Den Sch\u00fclern hilft es Konflikte zu l\u00f6sen, die Lehrer haben mehr Zeit f\u00fcr Unterricht und die Streitschlichter erwerben soziale Kompetenzen. Wir freuen uns, wenn wir zu einem friedlichen Miteinander an der ASS beitragen k\u00f6nnen.<\/p>\n<\/div>\n<\/div><\/div><\/div><\/div><\/div>","protected":false},"excerpt":{"rendered":"<p>Wenn zwei sich streiten &#8211; hilft ein Dritter! Wir sind hilfsbereit &#8211; verschwiegen &#8211; unparteiisch. Wir sind die Streitschlichter. An der ASS werden seit 2010 Sch\u00fclerinnen und Sch\u00fcler der 7.\/8. Jahrgangsstufe zu Streitschlichtern ausgebildet. Dort, wo Menschen zusammenleben, gibt es Konflikte. So auch an der Schule. Streitschlichtung durch Sch\u00fcler ist ein Konzept, das Sch\u00fclern hilft, &hellip; <a href=\"https:\/\/www.ass-denkendorf.de\/?page_id=102\" class=\"more-link\"><span class=\"screen-reader-text\">Streitschlichter<\/span> weiterlesen <span class=\"meta-nav\">&rarr;<\/span><\/a><\/p>\n","protected":false},"author":1,"featured_media":0,"parent":41,"menu_order":0,"comment_status":"closed","ping_status":"closed","template":"","meta":{"_mc_calendar":[],"footnotes":""},"class_list":["post-102","page","type-page","status-publish","hentry"],"_links":{"self":[{"href":"https:\/\/www.ass-denkendorf.de\/index.php?rest_route=\/wp\/v2\/pages\/102"}],"collection":[{"href":"https:\/\/www.ass-denkendorf.de\/index.php?rest_route=\/wp\/v2\/pages"}],"about":[{"href":"https:\/\/www.ass-denkendorf.de\/index.php?rest_route=\/wp\/v2\/types\/page"}],"author":[{"embeddable":true,"href":"https:\/\/www.ass-denkendorf.de\/index.php?rest_route=\/wp\/v2\/users\/1"}],"replies":[{"embeddable":true,"href":"https:\/\/www.ass-denkendorf.de\/index.php?rest_route=%2Fwp%2Fv2%2Fcomments&post=102"}],"version-history":[{"count":3,"href":"https:\/\/www.ass-denkendorf.de\/index.php?rest_route=\/wp\/v2\/pages\/102\/revisions"}],"predecessor-version":[{"id":10646,"href":"https:\/\/www.ass-denkendorf.de\/index.php?rest_route=\/wp\/v2\/pages\/102\/revisions\/10646"}],"up":[{"embeddable":true,"href":"https:\/\/www.ass-denkendorf.de\/index.php?rest_route=\/wp\/v2\/pages\/41"}],"wp:attachment":[{"href":"https:\/\/www.ass-denkendorf.de\/index.php?rest_route=%2Fwp%2Fv2%2Fmedia&parent=102"}],"curies":[{"name":"wp","href":"https:\/\/api.w.org\/{rel}","templated":true}]}}