{"id":100,"date":"2016-02-08T22:57:23","date_gmt":"2016-02-08T21:57:23","guid":{"rendered":"http:\/\/neu.ass-denkendorf.de\/?page_id=100"},"modified":"2024-02-21T15:10:07","modified_gmt":"2024-02-21T14:10:07","slug":"schulsanitaeter","status":"publish","type":"page","link":"https:\/\/www.ass-denkendorf.de\/?page_id=100","title":{"rendered":"Schulsanit\u00e4ter"},"content":{"rendered":"<div id=\"pl-100\"  class=\"panel-layout\" ><div id=\"pg-100-0\"  class=\"panel-grid panel-no-style\" ><div id=\"pgc-100-0-0\"  class=\"panel-grid-cell\" ><div id=\"panel-100-0-0-0\" class=\"so-panel widget widget_sow-editor panel-first-child panel-last-child\" data-index=\"0\" ><div\n\t\t\t\n\t\t\tclass=\"so-widget-sow-editor so-widget-sow-editor-base\"\n\t\t\t\n\t\t>\n<div class=\"siteorigin-widget-tinymce textwidget\">\n\t<p style=\"text-align: justify;\">Wir sind ein kleines engagiertes Team, das sich dem Wohl der Schulgemeinschaft verschrieben hat. Die Schulsanit\u00e4ter sind in Erster-Hilfe ausgebildet und sorgen daf\u00fcr, dass w\u00e4hrend der Unterrichtszeit, Sportturnieren und anderen schulischen Veranstaltungen die Versorgung von kleinen Verletzungen und Beschwerden gew\u00e4hrleistet ist. Zu unseren Aufgaben geh\u00f6rt es auch, Sch\u00fcler hier im Saniraum zu betreuen, die sich unwohl f\u00fchlen und nicht nach Hause k\u00f6nnen.<\/p>\n<p style=\"text-align: justify;\">T\u00e4glich sind zwei Sanit\u00e4ter im Einsatz, die sich um kranke und verletzte Kinder k\u00fcmmern.<\/p>\n<p style=\"text-align: justify;\">In regelm\u00e4\u00dfigen Abst\u00e4nden treffen wir uns und besprechen die neuen Dienstpl\u00e4ne.<\/p>\n<\/div>\n<\/div><\/div><\/div><\/div><\/div>","protected":false},"excerpt":{"rendered":"<p>Wir sind ein kleines engagiertes Team, das sich dem Wohl der Schulgemeinschaft verschrieben hat. Die Schulsanit\u00e4ter sind in Erster-Hilfe ausgebildet und sorgen daf\u00fcr, dass w\u00e4hrend der Unterrichtszeit, Sportturnieren und anderen schulischen Veranstaltungen die Versorgung von kleinen Verletzungen und Beschwerden gew\u00e4hrleistet ist. Zu unseren Aufgaben geh\u00f6rt es auch, Sch\u00fcler hier im Saniraum zu betreuen, die sich &hellip; <a href=\"https:\/\/www.ass-denkendorf.de\/?page_id=100\" class=\"more-link\"><span class=\"screen-reader-text\">Schulsanit\u00e4ter<\/span> weiterlesen <span class=\"meta-nav\">&rarr;<\/span><\/a><\/p>\n","protected":false},"author":1,"featured_media":0,"parent":41,"menu_order":0,"comment_status":"closed","ping_status":"closed","template":"","meta":{"_mc_calendar":[],"footnotes":""},"class_list":["post-100","page","type-page","status-publish","hentry"],"_links":{"self":[{"href":"https:\/\/www.ass-denkendorf.de\/index.php?rest_route=\/wp\/v2\/pages\/100"}],"collection":[{"href":"https:\/\/www.ass-denkendorf.de\/index.php?rest_route=\/wp\/v2\/pages"}],"about":[{"href":"https:\/\/www.ass-denkendorf.de\/index.php?rest_route=\/wp\/v2\/types\/page"}],"author":[{"embeddable":true,"href":"https:\/\/www.ass-denkendorf.de\/index.php?rest_route=\/wp\/v2\/users\/1"}],"replies":[{"embeddable":true,"href":"https:\/\/www.ass-denkendorf.de\/index.php?rest_route=%2Fwp%2Fv2%2Fcomments&post=100"}],"version-history":[{"count":7,"href":"https:\/\/www.ass-denkendorf.de\/index.php?rest_route=\/wp\/v2\/pages\/100\/revisions"}],"predecessor-version":[{"id":11058,"href":"https:\/\/www.ass-denkendorf.de\/index.php?rest_route=\/wp\/v2\/pages\/100\/revisions\/11058"}],"up":[{"embeddable":true,"href":"https:\/\/www.ass-denkendorf.de\/index.php?rest_route=\/wp\/v2\/pages\/41"}],"wp:attachment":[{"href":"https:\/\/www.ass-denkendorf.de\/index.php?rest_route=%2Fwp%2Fv2%2Fmedia&parent=100"}],"curies":[{"name":"wp","href":"https:\/\/api.w.org\/{rel}","templated":true}]}}